
{"id":108,"date":"2018-11-12T11:16:34","date_gmt":"2018-11-12T13:16:34","guid":{"rendered":"https:\/\/nutritotal.com.br\/pro\/?page_id=108"},"modified":"2023-05-19T14:47:08","modified_gmt":"2023-05-19T17:47:08","slug":"fale-conosco","status":"publish","type":"page","link":"https:\/\/nutritotal.com.br\/pro\/fale-conosco\/","title":{"rendered":"Fale conosco"},"content":{"rendered":"<h1>Entre em contato<br \/>\ncom a Equipe do Nutritotal<\/h1>\n<p><strong>Telefone<\/strong><\/p>\n<p>+55 (11) 3284-6318<\/p>\n<p><strong>E-mail<\/strong>\u00a0<a href=\"mailto:faleconosco@nutritotal.com.br\" target=\"_blank\" rel=\"noopener\">faleconosco@nutritotal.com.br<\/a><\/p>\n<p><strong>Endere\u00e7o:<\/strong><\/p>\n<p>Rua Maestro Cardim, 1191 &#8211; CJ 75\/76<br \/>\nPara\u00edso \u2013S\u00e3o Paulo &#8211;\u00a0 SP<br \/>\nCEP \u2013 01323-001<\/p>\n<p><strong>Contato do email para parcerias<\/strong>:<\/p>\n<p><a href=\"mailto:editores@nutritotal.com.br\" target=\"_blank\" rel=\"noopener\">editores@nutritotal.com.br<\/a><\/p>\n","protected":false},"excerpt":{"rendered":"<p>Entre em contato com a Equipe do Nutritotal Telefone +55 (11) 3284-6318 E-mail\u00a0faleconosco@nutritotal.com.br Endere\u00e7o: Rua Maestro Cardim, 1191 &#8211; CJ 75\/76 Para\u00edso \u2013S\u00e3o Paulo &#8211;\u00a0 SP CEP \u2013 01323-001 Contato do email para parcerias: editores@nutritotal.com.br<\/p>\n","protected":false},"author":1,"featured_media":0,"parent":0,"menu_order":0,"comment_status":"closed","ping_status":"closed","template":"page-contato.php","meta":{"_acf_changed":false,"footnotes":""},"acf":[],"yoast_head":"<!-- This site is optimized with the Yoast SEO plugin v23.5 - https:\/\/yoast.com\/wordpress\/plugins\/seo\/ -->\n<title>Fale conosco \u2013 equipe da nutritotal | Nutritotal<\/title>\n<meta name=\"description\" content=\"Fale com a equipe da Nutritotal para tirar d\u00favidas, fazer sugest\u00f5es e o que mais voc\u00ea desejar. Na Nutritotal voc\u00ea encontra tudo sobre nutri\u00e7\u00e3o!\" \/>\n<meta name=\"robots\" content=\"index, follow, max-snippet:-1, max-image-preview:large, max-video-preview:-1\" \/>\n<link rel=\"canonical\" href=\"https:\/\/nutritotal.com.br\/pro\/fale-conosco\/\" \/>\n<meta property=\"og:locale\" content=\"pt_BR\" \/>\n<meta property=\"og:type\" content=\"article\" \/>\n<meta property=\"og:title\" content=\"Fale conosco \u2013 equipe da nutritotal | Nutritotal\" \/>\n<meta property=\"og:description\" content=\"Fale com a equipe da Nutritotal para tirar d\u00favidas, fazer sugest\u00f5es e o que mais voc\u00ea desejar. Na Nutritotal voc\u00ea encontra tudo sobre nutri\u00e7\u00e3o!\" \/>\n<meta property=\"og:url\" content=\"https:\/\/nutritotal.com.br\/pro\/fale-conosco\/\" \/>\n<meta property=\"og:site_name\" content=\"Nutritotal PRO\" \/>\n<meta property=\"article:publisher\" content=\"https:\/\/www.facebook.com\/nutritotalPRO\/\" \/>\n<meta property=\"article:modified_time\" content=\"2023-05-19T17:47:08+00:00\" \/>\n<meta name=\"twitter:card\" content=\"summary_large_image\" \/>\n<script type=\"application\/ld+json\" class=\"yoast-schema-graph\">{\"@context\":\"https:\/\/schema.org\",\"@graph\":[{\"@type\":\"WebPage\",\"@id\":\"https:\/\/nutritotal.com.br\/pro\/fale-conosco\/\",\"url\":\"https:\/\/nutritotal.com.br\/pro\/fale-conosco\/\",\"name\":\"Fale conosco \u2013 equipe da nutritotal | Nutritotal\",\"isPartOf\":{\"@id\":\"https:\/\/nutritotal.com.br\/pro\/#website\"},\"datePublished\":\"2018-11-12T13:16:34+00:00\",\"dateModified\":\"2023-05-19T17:47:08+00:00\",\"description\":\"Fale com a equipe da Nutritotal para tirar d\u00favidas, fazer sugest\u00f5es e o que mais voc\u00ea desejar. Na Nutritotal voc\u00ea encontra tudo sobre nutri\u00e7\u00e3o!\",\"breadcrumb\":{\"@id\":\"https:\/\/nutritotal.com.br\/pro\/fale-conosco\/#breadcrumb\"},\"inLanguage\":\"pt-BR\",\"potentialAction\":[{\"@type\":\"ReadAction\",\"target\":[\"https:\/\/nutritotal.com.br\/pro\/fale-conosco\/\"]}]},{\"@type\":\"BreadcrumbList\",\"@id\":\"https:\/\/nutritotal.com.br\/pro\/fale-conosco\/#breadcrumb\",\"itemListElement\":[{\"@type\":\"ListItem\",\"position\":1,\"name\":\"Home\",\"item\":\"https:\/\/nutritotal.com.br\/pro\/\"},{\"@type\":\"ListItem\",\"position\":2,\"name\":\"Fale conosco\"}]},{\"@type\":\"WebSite\",\"@id\":\"https:\/\/nutritotal.com.br\/pro\/#website\",\"url\":\"https:\/\/nutritotal.com.br\/pro\/\",\"name\":\"Nutritotal PRO\",\"description\":\"\",\"publisher\":{\"@id\":\"https:\/\/nutritotal.com.br\/pro\/#organization\"},\"potentialAction\":[{\"@type\":\"SearchAction\",\"target\":{\"@type\":\"EntryPoint\",\"urlTemplate\":\"https:\/\/nutritotal.com.br\/pro\/?s={search_term_string}\"},\"query-input\":{\"@type\":\"PropertyValueSpecification\",\"valueRequired\":true,\"valueName\":\"search_term_string\"}}],\"inLanguage\":\"pt-BR\"},{\"@type\":\"Organization\",\"@id\":\"https:\/\/nutritotal.com.br\/pro\/#organization\",\"name\":\"Nutri Total\",\"url\":\"https:\/\/nutritotal.com.br\/pro\/\",\"logo\":{\"@type\":\"ImageObject\",\"inLanguage\":\"pt-BR\",\"@id\":\"https:\/\/nutritotal.com.br\/pro\/#\/schema\/logo\/image\/\",\"url\":\"https:\/\/nutritotal.com.br\/pro\/wp-content\/uploads\/2022\/12\/Nutritotal-Pro-Vertical-02.png\",\"contentUrl\":\"https:\/\/nutritotal.com.br\/pro\/wp-content\/uploads\/2022\/12\/Nutritotal-Pro-Vertical-02.png\",\"width\":426,\"height\":426,\"caption\":\"Nutri Total\"},\"image\":{\"@id\":\"https:\/\/nutritotal.com.br\/pro\/#\/schema\/logo\/image\/\"},\"sameAs\":[\"https:\/\/www.facebook.com\/nutritotalPRO\/\",\"https:\/\/www.instagram.com\/nutritotalpro\/\",\"https:\/\/www.youtube.com\/channel\/UCf01IyXkHLYUDGG0-XHR-YA\"]}]}<\/script>\n<!-- \/ Yoast SEO plugin. -->","yoast_head_json":{"title":"Fale conosco \u2013 equipe da nutritotal | Nutritotal","description":"Fale com a equipe da Nutritotal para tirar d\u00favidas, fazer sugest\u00f5es e o que mais voc\u00ea desejar. Na Nutritotal voc\u00ea encontra tudo sobre nutri\u00e7\u00e3o!","robots":{"index":"index","follow":"follow","max-snippet":"max-snippet:-1","max-image-preview":"max-image-preview:large","max-video-preview":"max-video-preview:-1"},"canonical":"https:\/\/nutritotal.com.br\/pro\/fale-conosco\/","og_locale":"pt_BR","og_type":"article","og_title":"Fale conosco \u2013 equipe da nutritotal | Nutritotal","og_description":"Fale com a equipe da Nutritotal para tirar d\u00favidas, fazer sugest\u00f5es e o que mais voc\u00ea desejar. Na Nutritotal voc\u00ea encontra tudo sobre nutri\u00e7\u00e3o!","og_url":"https:\/\/nutritotal.com.br\/pro\/fale-conosco\/","og_site_name":"Nutritotal PRO","article_publisher":"https:\/\/www.facebook.com\/nutritotalPRO\/","article_modified_time":"2023-05-19T17:47:08+00:00","twitter_card":"summary_large_image","schema":{"@context":"https:\/\/schema.org","@graph":[{"@type":"WebPage","@id":"https:\/\/nutritotal.com.br\/pro\/fale-conosco\/","url":"https:\/\/nutritotal.com.br\/pro\/fale-conosco\/","name":"Fale conosco \u2013 equipe da nutritotal | Nutritotal","isPartOf":{"@id":"https:\/\/nutritotal.com.br\/pro\/#website"},"datePublished":"2018-11-12T13:16:34+00:00","dateModified":"2023-05-19T17:47:08+00:00","description":"Fale com a equipe da Nutritotal para tirar d\u00favidas, fazer sugest\u00f5es e o que mais voc\u00ea desejar. Na Nutritotal voc\u00ea encontra tudo sobre nutri\u00e7\u00e3o!","breadcrumb":{"@id":"https:\/\/nutritotal.com.br\/pro\/fale-conosco\/#breadcrumb"},"inLanguage":"pt-BR","potentialAction":[{"@type":"ReadAction","target":["https:\/\/nutritotal.com.br\/pro\/fale-conosco\/"]}]},{"@type":"BreadcrumbList","@id":"https:\/\/nutritotal.com.br\/pro\/fale-conosco\/#breadcrumb","itemListElement":[{"@type":"ListItem","position":1,"name":"Home","item":"https:\/\/nutritotal.com.br\/pro\/"},{"@type":"ListItem","position":2,"name":"Fale conosco"}]},{"@type":"WebSite","@id":"https:\/\/nutritotal.com.br\/pro\/#website","url":"https:\/\/nutritotal.com.br\/pro\/","name":"Nutritotal PRO","description":"","publisher":{"@id":"https:\/\/nutritotal.com.br\/pro\/#organization"},"potentialAction":[{"@type":"SearchAction","target":{"@type":"EntryPoint","urlTemplate":"https:\/\/nutritotal.com.br\/pro\/?s={search_term_string}"},"query-input":{"@type":"PropertyValueSpecification","valueRequired":true,"valueName":"search_term_string"}}],"inLanguage":"pt-BR"},{"@type":"Organization","@id":"https:\/\/nutritotal.com.br\/pro\/#organization","name":"Nutri Total","url":"https:\/\/nutritotal.com.br\/pro\/","logo":{"@type":"ImageObject","inLanguage":"pt-BR","@id":"https:\/\/nutritotal.com.br\/pro\/#\/schema\/logo\/image\/","url":"https:\/\/nutritotal.com.br\/pro\/wp-content\/uploads\/2022\/12\/Nutritotal-Pro-Vertical-02.png","contentUrl":"https:\/\/nutritotal.com.br\/pro\/wp-content\/uploads\/2022\/12\/Nutritotal-Pro-Vertical-02.png","width":426,"height":426,"caption":"Nutri Total"},"image":{"@id":"https:\/\/nutritotal.com.br\/pro\/#\/schema\/logo\/image\/"},"sameAs":["https:\/\/www.facebook.com\/nutritotalPRO\/","https:\/\/www.instagram.com\/nutritotalpro\/","https:\/\/www.youtube.com\/channel\/UCf01IyXkHLYUDGG0-XHR-YA"]}]}},"amp_enabled":false,"_links":{"self":[{"href":"https:\/\/nutritotal.com.br\/pro\/wp-json\/wp\/v2\/pages\/108"}],"collection":[{"href":"https:\/\/nutritotal.com.br\/pro\/wp-json\/wp\/v2\/pages"}],"about":[{"href":"https:\/\/nutritotal.com.br\/pro\/wp-json\/wp\/v2\/types\/page"}],"author":[{"embeddable":true,"href":"https:\/\/nutritotal.com.br\/pro\/wp-json\/wp\/v2\/users\/1"}],"replies":[{"embeddable":true,"href":"https:\/\/nutritotal.com.br\/pro\/wp-json\/wp\/v2\/comments?post=108"}],"version-history":[{"count":1,"href":"https:\/\/nutritotal.com.br\/pro\/wp-json\/wp\/v2\/pages\/108\/revisions"}],"predecessor-version":[{"id":58388,"href":"https:\/\/nutritotal.com.br\/pro\/wp-json\/wp\/v2\/pages\/108\/revisions\/58388"}],"wp:attachment":[{"href":"https:\/\/nutritotal.com.br\/pro\/wp-json\/wp\/v2\/media?parent=108"}],"curies":[{"name":"wp","href":"https:\/\/api.w.org\/{rel}","templated":true}]}}