
{"id":5,"date":"2018-11-09T16:10:04","date_gmt":"2018-11-09T18:10:04","guid":{"rendered":"https:\/\/nutritotal.com.br\/pro\/?page_id=5"},"modified":"2025-10-28T11:42:22","modified_gmt":"2025-10-28T14:42:22","slug":"home-nutritotal-pro","status":"publish","type":"page","link":"https:\/\/nutritotal.com.br\/pro\/","title":{"rendered":"Home &#8211; Nutritotal PRO"},"content":{"rendered":"","protected":false},"excerpt":{"rendered":"","protected":false},"author":1,"featured_media":63412,"parent":0,"menu_order":0,"comment_status":"closed","ping_status":"closed","template":"page-home.php","meta":{"_acf_changed":false,"footnotes":""},"acf":[],"yoast_head":"<!-- This site is optimized with the Yoast SEO plugin v23.5 - https:\/\/yoast.com\/wordpress\/plugins\/seo\/ -->\n<title>Profissionais da sa\u00fade<\/title>\n<meta name=\"description\" content=\"Um portal desenvolvido por equipe de profissionais especializados em nutri\u00e7\u00e3o cl\u00ednica e em divulga\u00e7\u00e3o cient\u00edfica, clique e conhe\u00e7a!\" \/>\n<meta name=\"robots\" content=\"index, follow, max-snippet:-1, max-image-preview:large, max-video-preview:-1\" \/>\n<link rel=\"canonical\" href=\"https:\/\/nutritotal.com.br\/pro\/\" \/>\n<meta property=\"og:locale\" content=\"pt_BR\" \/>\n<meta property=\"og:type\" content=\"article\" \/>\n<meta property=\"og:title\" content=\"Nutritotal PRO - Site dirigido a profissionais de sa\u00fade.\" \/>\n<meta property=\"og:description\" content=\"Nutritotal \u00e9 um portal desenvolvido por equipe de profissionais especializados em nutri\u00e7\u00e3o cl\u00ednica e em divulga\u00e7\u00e3o cient\u00edfica, dirigido a profissionais de sa\u00fade.\" \/>\n<meta property=\"og:url\" content=\"https:\/\/nutritotal.com.br\/pro\/\" \/>\n<meta property=\"og:site_name\" content=\"Nutritotal PRO\" \/>\n<meta property=\"article:publisher\" content=\"https:\/\/www.facebook.com\/nutritotalPRO\/\" \/>\n<meta property=\"article:modified_time\" content=\"2025-10-28T14:42:22+00:00\" \/>\n<meta property=\"og:image\" content=\"https:\/\/nutritotal.com.br\/pro\/wp-content\/uploads\/2023\/08\/nutricionista-5.0.png\" \/>\n\t<meta property=\"og:image:width\" content=\"580\" \/>\n\t<meta property=\"og:image:height\" content=\"400\" \/>\n\t<meta property=\"og:image:type\" content=\"image\/png\" \/>\n<meta name=\"twitter:card\" content=\"summary_large_image\" \/>\n<script type=\"application\/ld+json\" class=\"yoast-schema-graph\">{\"@context\":\"https:\/\/schema.org\",\"@graph\":[{\"@type\":\"WebPage\",\"@id\":\"https:\/\/nutritotal.com.br\/pro\/\",\"url\":\"https:\/\/nutritotal.com.br\/pro\/\",\"name\":\"Profissionais da sa\u00fade\",\"isPartOf\":{\"@id\":\"https:\/\/nutritotal.com.br\/pro\/#website\"},\"primaryImageOfPage\":{\"@id\":\"https:\/\/nutritotal.com.br\/pro\/#primaryimage\"},\"image\":{\"@id\":\"https:\/\/nutritotal.com.br\/pro\/#primaryimage\"},\"thumbnailUrl\":\"https:\/\/nutritotal.com.br\/pro\/wp-content\/uploads\/2023\/08\/nutricionista-5.0.png\",\"datePublished\":\"2018-11-09T18:10:04+00:00\",\"dateModified\":\"2025-10-28T14:42:22+00:00\",\"description\":\"Um portal desenvolvido por equipe de profissionais especializados em nutri\u00e7\u00e3o cl\u00ednica e em divulga\u00e7\u00e3o cient\u00edfica, clique e conhe\u00e7a!\",\"breadcrumb\":{\"@id\":\"https:\/\/nutritotal.com.br\/pro\/#breadcrumb\"},\"inLanguage\":\"pt-BR\",\"potentialAction\":[{\"@type\":\"ReadAction\",\"target\":[\"https:\/\/nutritotal.com.br\/pro\/\"]}]},{\"@type\":\"ImageObject\",\"inLanguage\":\"pt-BR\",\"@id\":\"https:\/\/nutritotal.com.br\/pro\/#primaryimage\",\"url\":\"https:\/\/nutritotal.com.br\/pro\/wp-content\/uploads\/2023\/08\/nutricionista-5.0.png\",\"contentUrl\":\"https:\/\/nutritotal.com.br\/pro\/wp-content\/uploads\/2023\/08\/nutricionista-5.0.png\",\"width\":580,\"height\":400,\"caption\":\"Fonte: Shutterstock.com\"},{\"@type\":\"BreadcrumbList\",\"@id\":\"https:\/\/nutritotal.com.br\/pro\/#breadcrumb\",\"itemListElement\":[{\"@type\":\"ListItem\",\"position\":1,\"name\":\"Home\",\"item\":\"https:\/\/nutritotal.com.br\/pro\/\"},{\"@type\":\"ListItem\",\"position\":2,\"name\":\"Home &#8211; Nutritotal PRO\"}]},{\"@type\":\"WebSite\",\"@id\":\"https:\/\/nutritotal.com.br\/pro\/#website\",\"url\":\"https:\/\/nutritotal.com.br\/pro\/\",\"name\":\"Nutritotal PRO\",\"description\":\"\",\"publisher\":{\"@id\":\"https:\/\/nutritotal.com.br\/pro\/#organization\"},\"potentialAction\":[{\"@type\":\"SearchAction\",\"target\":{\"@type\":\"EntryPoint\",\"urlTemplate\":\"https:\/\/nutritotal.com.br\/pro\/?s={search_term_string}\"},\"query-input\":{\"@type\":\"PropertyValueSpecification\",\"valueRequired\":true,\"valueName\":\"search_term_string\"}}],\"inLanguage\":\"pt-BR\"},{\"@type\":\"Organization\",\"@id\":\"https:\/\/nutritotal.com.br\/pro\/#organization\",\"name\":\"Nutri Total\",\"url\":\"https:\/\/nutritotal.com.br\/pro\/\",\"logo\":{\"@type\":\"ImageObject\",\"inLanguage\":\"pt-BR\",\"@id\":\"https:\/\/nutritotal.com.br\/pro\/#\/schema\/logo\/image\/\",\"url\":\"https:\/\/nutritotal.com.br\/pro\/wp-content\/uploads\/2022\/12\/Nutritotal-Pro-Vertical-02.png\",\"contentUrl\":\"https:\/\/nutritotal.com.br\/pro\/wp-content\/uploads\/2022\/12\/Nutritotal-Pro-Vertical-02.png\",\"width\":426,\"height\":426,\"caption\":\"Nutri Total\"},\"image\":{\"@id\":\"https:\/\/nutritotal.com.br\/pro\/#\/schema\/logo\/image\/\"},\"sameAs\":[\"https:\/\/www.facebook.com\/nutritotalPRO\/\",\"https:\/\/www.instagram.com\/nutritotalpro\/\",\"https:\/\/www.youtube.com\/channel\/UCf01IyXkHLYUDGG0-XHR-YA\"]}]}<\/script>\n<!-- \/ Yoast SEO plugin. -->","yoast_head_json":{"title":"Profissionais da sa\u00fade","description":"Um portal desenvolvido por equipe de profissionais especializados em nutri\u00e7\u00e3o cl\u00ednica e em divulga\u00e7\u00e3o cient\u00edfica, clique e conhe\u00e7a!","robots":{"index":"index","follow":"follow","max-snippet":"max-snippet:-1","max-image-preview":"max-image-preview:large","max-video-preview":"max-video-preview:-1"},"canonical":"https:\/\/nutritotal.com.br\/pro\/","og_locale":"pt_BR","og_type":"article","og_title":"Nutritotal PRO - Site dirigido a profissionais de sa\u00fade.","og_description":"Nutritotal \u00e9 um portal desenvolvido por equipe de profissionais especializados em nutri\u00e7\u00e3o cl\u00ednica e em divulga\u00e7\u00e3o cient\u00edfica, dirigido a profissionais de sa\u00fade.","og_url":"https:\/\/nutritotal.com.br\/pro\/","og_site_name":"Nutritotal PRO","article_publisher":"https:\/\/www.facebook.com\/nutritotalPRO\/","article_modified_time":"2025-10-28T14:42:22+00:00","og_image":[{"width":580,"height":400,"url":"https:\/\/nutritotal.com.br\/pro\/wp-content\/uploads\/2023\/08\/nutricionista-5.0.png","type":"image\/png"}],"twitter_card":"summary_large_image","schema":{"@context":"https:\/\/schema.org","@graph":[{"@type":"WebPage","@id":"https:\/\/nutritotal.com.br\/pro\/","url":"https:\/\/nutritotal.com.br\/pro\/","name":"Profissionais da sa\u00fade","isPartOf":{"@id":"https:\/\/nutritotal.com.br\/pro\/#website"},"primaryImageOfPage":{"@id":"https:\/\/nutritotal.com.br\/pro\/#primaryimage"},"image":{"@id":"https:\/\/nutritotal.com.br\/pro\/#primaryimage"},"thumbnailUrl":"https:\/\/nutritotal.com.br\/pro\/wp-content\/uploads\/2023\/08\/nutricionista-5.0.png","datePublished":"2018-11-09T18:10:04+00:00","dateModified":"2025-10-28T14:42:22+00:00","description":"Um portal desenvolvido por equipe de profissionais especializados em nutri\u00e7\u00e3o cl\u00ednica e em divulga\u00e7\u00e3o cient\u00edfica, clique e conhe\u00e7a!","breadcrumb":{"@id":"https:\/\/nutritotal.com.br\/pro\/#breadcrumb"},"inLanguage":"pt-BR","potentialAction":[{"@type":"ReadAction","target":["https:\/\/nutritotal.com.br\/pro\/"]}]},{"@type":"ImageObject","inLanguage":"pt-BR","@id":"https:\/\/nutritotal.com.br\/pro\/#primaryimage","url":"https:\/\/nutritotal.com.br\/pro\/wp-content\/uploads\/2023\/08\/nutricionista-5.0.png","contentUrl":"https:\/\/nutritotal.com.br\/pro\/wp-content\/uploads\/2023\/08\/nutricionista-5.0.png","width":580,"height":400,"caption":"Fonte: Shutterstock.com"},{"@type":"BreadcrumbList","@id":"https:\/\/nutritotal.com.br\/pro\/#breadcrumb","itemListElement":[{"@type":"ListItem","position":1,"name":"Home","item":"https:\/\/nutritotal.com.br\/pro\/"},{"@type":"ListItem","position":2,"name":"Home &#8211; Nutritotal PRO"}]},{"@type":"WebSite","@id":"https:\/\/nutritotal.com.br\/pro\/#website","url":"https:\/\/nutritotal.com.br\/pro\/","name":"Nutritotal PRO","description":"","publisher":{"@id":"https:\/\/nutritotal.com.br\/pro\/#organization"},"potentialAction":[{"@type":"SearchAction","target":{"@type":"EntryPoint","urlTemplate":"https:\/\/nutritotal.com.br\/pro\/?s={search_term_string}"},"query-input":{"@type":"PropertyValueSpecification","valueRequired":true,"valueName":"search_term_string"}}],"inLanguage":"pt-BR"},{"@type":"Organization","@id":"https:\/\/nutritotal.com.br\/pro\/#organization","name":"Nutri Total","url":"https:\/\/nutritotal.com.br\/pro\/","logo":{"@type":"ImageObject","inLanguage":"pt-BR","@id":"https:\/\/nutritotal.com.br\/pro\/#\/schema\/logo\/image\/","url":"https:\/\/nutritotal.com.br\/pro\/wp-content\/uploads\/2022\/12\/Nutritotal-Pro-Vertical-02.png","contentUrl":"https:\/\/nutritotal.com.br\/pro\/wp-content\/uploads\/2022\/12\/Nutritotal-Pro-Vertical-02.png","width":426,"height":426,"caption":"Nutri Total"},"image":{"@id":"https:\/\/nutritotal.com.br\/pro\/#\/schema\/logo\/image\/"},"sameAs":["https:\/\/www.facebook.com\/nutritotalPRO\/","https:\/\/www.instagram.com\/nutritotalpro\/","https:\/\/www.youtube.com\/channel\/UCf01IyXkHLYUDGG0-XHR-YA"]}]}},"amp_enabled":false,"_links":{"self":[{"href":"https:\/\/nutritotal.com.br\/pro\/wp-json\/wp\/v2\/pages\/5"}],"collection":[{"href":"https:\/\/nutritotal.com.br\/pro\/wp-json\/wp\/v2\/pages"}],"about":[{"href":"https:\/\/nutritotal.com.br\/pro\/wp-json\/wp\/v2\/types\/page"}],"author":[{"embeddable":true,"href":"https:\/\/nutritotal.com.br\/pro\/wp-json\/wp\/v2\/users\/1"}],"replies":[{"embeddable":true,"href":"https:\/\/nutritotal.com.br\/pro\/wp-json\/wp\/v2\/comments?post=5"}],"version-history":[{"count":23,"href":"https:\/\/nutritotal.com.br\/pro\/wp-json\/wp\/v2\/pages\/5\/revisions"}],"predecessor-version":[{"id":65649,"href":"https:\/\/nutritotal.com.br\/pro\/wp-json\/wp\/v2\/pages\/5\/revisions\/65649"}],"wp:featuredmedia":[{"embeddable":true,"href":"https:\/\/nutritotal.com.br\/pro\/wp-json\/wp\/v2\/media\/63412"}],"wp:attachment":[{"href":"https:\/\/nutritotal.com.br\/pro\/wp-json\/wp\/v2\/media?parent=5"}],"curies":[{"name":"wp","href":"https:\/\/api.w.org\/{rel}","templated":true}]}}