
{"id":5012,"date":"2018-12-04T14:44:27","date_gmt":"2018-12-04T16:44:27","guid":{"rendered":"https:\/\/nutritotal.com.br\/pro\/?page_id=5012"},"modified":"2026-01-14T12:11:22","modified_gmt":"2026-01-14T15:11:22","slug":"equipe","status":"publish","type":"page","link":"https:\/\/nutritotal.com.br\/pro\/institucional\/equipe\/","title":{"rendered":"Equipe"},"content":{"rendered":"<h2>Equipe Respons\u00e1vel:<\/h2>\n<p>Nutritotal \u00e9 um portal desenvolvido por equipe de profissionais especializados em nutri\u00e7\u00e3o cl\u00ednica e em divulga\u00e7\u00e3o cient\u00edfica, dirigido a profissionais de sa\u00fade. Fazem parte da equipe um corpo editorial fixo e colaboradores eventuais.<\/p>\n<p><img loading=\"lazy\" decoding=\"async\" class=\"wp-image-65257 alignleft\" src=\"https:\/\/nutritotal.com.br\/pro\/wp-content\/uploads\/2025\/03\/dan-300x300.png\" alt=\"Dr dan\" width=\"161\" height=\"161\" srcset=\"https:\/\/nutritotal.com.br\/pro\/wp-content\/uploads\/2025\/03\/dan-300x300.png 300w, https:\/\/nutritotal.com.br\/pro\/wp-content\/uploads\/2025\/03\/dan-150x150.png 150w, https:\/\/nutritotal.com.br\/pro\/wp-content\/uploads\/2025\/03\/dan-768x768.png 768w, https:\/\/nutritotal.com.br\/pro\/wp-content\/uploads\/2025\/03\/dan-1024x1024.png 1024w, https:\/\/nutritotal.com.br\/pro\/wp-content\/uploads\/2025\/03\/dan-400x400.png 400w, https:\/\/nutritotal.com.br\/pro\/wp-content\/uploads\/2025\/03\/dan.png 1080w, https:\/\/nutritotal.com.br\/pro\/wp-content\/uploads\/2025\/03\/dan-180x180.png 180w\" sizes=\"(max-width: 161px) 100vw, 161px\" \/><strong>Dan L. Waitzberg | Diretor cient\u00edfico<\/strong><br \/>\n<a href=\"https:\/\/www.instagram.com\/danlwaitzberg\/\" target=\"_blank\" rel=\"noopener\"><strong>Instagram<\/strong><\/a><strong> | <a href=\"https:\/\/www.linkedin.com\/in\/waitzberg-dan\" target=\"_blank\" rel=\"noopener\">Linkedin<\/a><\/strong><\/p>\n<p>O Dr. Waitzberg possui Mestrado, Doutorado e Livre-Doc\u00eancia pela Faculdade de Medicina da Universidade de S\u00e3o Paulo (FMUSP). Atualmente, \u00e9 Professor Associado do Departamento de Gastroenterologia e M\u00e9dico Cirurgi\u00e3o do Servi\u00e7o de Cirurgia do Aparelho Digestivo e Coloproctologia do Hospital das Cl\u00ednicas (HC-FMUSP). Atua tamb\u00e9m como Chefe do Laborat\u00f3rio de Investiga\u00e7\u00e3o M\u00e9dica em Metabolismo e Nutri\u00e7\u00e3o (LIM-35\/Metanutri) da FMUSP.<br \/>\nCoordena as Equipes Multidisciplinares de Terapia Nutricional (EMTN) do HC-FMUSP e do Hospital Santa Catarina. \u00c9 Presidente e Diretor Cient\u00edfico do Grupo Ganep, que engloba a Ganep Nutri\u00e7\u00e3o Humana e a Ganep Educa\u00e7\u00e3o. \u00c9 fundador do Ganep\u00e3o \u2013 o maior congresso de nutri\u00e7\u00e3o da Am\u00e9rica Latina \u2013 e do portal de educa\u00e7\u00e3o online Nutritotal.com.br.<br \/>\nCom foco de pesquisa em microbioma, imunonutri\u00e7\u00e3o (especificamente \u00d4mega-3 e Glutamina) e composi\u00e7\u00e3o corporal no c\u00e2ncer e na fal\u00eancia gastrointestinal, o Dr. Waitzberg publicou mais de 300 artigos revisados por pares e \u00e9 autor de mais de 500 cap\u00edtulos de livros. Integra o corpo editorial de importantes peri\u00f3dicos nacionais e internacionais, incluindo Clinical Nutrition, JPEN, Nutrition, Current Opinion in Clinical Nutrition and Metabolic Care e Einstein Journal. \u00c9 membro das sociedades ASPEN, ESPEN, FELANPE, FBG e SBNPE.<\/p>\n<p>&nbsp;<\/p>\n<p><img loading=\"lazy\" decoding=\"async\" class=\"wp-image-56339 alignleft\" src=\"https:\/\/nutritotal.com.br\/pro\/wp-content\/uploads\/2022\/09\/nutritotal-natalia-lopes-300x300.png\" alt=\"\" width=\"160\" height=\"160\" srcset=\"https:\/\/nutritotal.com.br\/pro\/wp-content\/uploads\/2022\/09\/nutritotal-natalia-lopes-300x300.png 300w, https:\/\/nutritotal.com.br\/pro\/wp-content\/uploads\/2022\/09\/nutritotal-natalia-lopes-1024x1024.png 1024w, https:\/\/nutritotal.com.br\/pro\/wp-content\/uploads\/2022\/09\/nutritotal-natalia-lopes-150x150.png 150w, https:\/\/nutritotal.com.br\/pro\/wp-content\/uploads\/2022\/09\/nutritotal-natalia-lopes-768x768.png 768w, https:\/\/nutritotal.com.br\/pro\/wp-content\/uploads\/2022\/09\/nutritotal-natalia-lopes-400x400.png 400w, https:\/\/nutritotal.com.br\/pro\/wp-content\/uploads\/2022\/09\/nutritotal-natalia-lopes-180x180.png 180w, https:\/\/nutritotal.com.br\/pro\/wp-content\/uploads\/2022\/09\/nutritotal-natalia-lopes.png 1080w\" sizes=\"(max-width: 160px) 100vw, 160px\" \/><strong>Natalia Correia Lopes | Coordenadora e Nutricionista<\/strong><br \/>\n<a href=\"mailto:nutritotal@nutritotal.com.br\"><strong>E-mail<\/strong><\/a>\u00a0| <a href=\"https:\/\/www.linkedin.com\/in\/nataliaclopes\" target=\"_blank\" rel=\"noopener\"><strong>LinkedIn<\/strong><\/a><\/p>\n<p>Nutricionista pelo Centro Universit\u00e1rio S\u00e3o Camilo. Mestranda pela Faculdade de Medicina da Universidade de S\u00e3o Paulo \u2013 FMUSP. Especializa\u00e7\u00e3o em Obesidade, Emagrecimento e Sa\u00fade pela Unifesp. Experi\u00eancia profissional em Nutri\u00e7\u00e3o Cl\u00ednica, Nutri\u00e7\u00e3o Esportiva, Marketing Nutricional e Doc\u00eancia no Ensino Superior. Coordenadora do Nutritotal.<\/p>\n<p><img loading=\"lazy\" decoding=\"async\" class=\"wp-image-65194 alignleft\" src=\"https:\/\/nutritotal.com.br\/pro\/wp-content\/uploads\/2025\/03\/ana-carolina-vicedomini-300x300.png\" alt=\"\" width=\"161\" height=\"161\" srcset=\"https:\/\/nutritotal.com.br\/pro\/wp-content\/uploads\/2025\/03\/ana-carolina-vicedomini-300x300.png 300w, https:\/\/nutritotal.com.br\/pro\/wp-content\/uploads\/2025\/03\/ana-carolina-vicedomini-150x150.png 150w, https:\/\/nutritotal.com.br\/pro\/wp-content\/uploads\/2025\/03\/ana-carolina-vicedomini-768x768.png 768w, https:\/\/nutritotal.com.br\/pro\/wp-content\/uploads\/2025\/03\/ana-carolina-vicedomini-1024x1024.png 1024w, https:\/\/nutritotal.com.br\/pro\/wp-content\/uploads\/2025\/03\/ana-carolina-vicedomini-400x400.png 400w, https:\/\/nutritotal.com.br\/pro\/wp-content\/uploads\/2025\/03\/ana-carolina-vicedomini.png 1080w, https:\/\/nutritotal.com.br\/pro\/wp-content\/uploads\/2025\/03\/ana-carolina-vicedomini-180x180.png 180w\" sizes=\"(max-width: 161px) 100vw, 161px\" \/><strong>Ana Carolina Costa Vicedomini | Coordenadora de projetos e inova\u00e7\u00e3o\u00a0<\/strong><br \/>\n<strong><a href=\"https:\/\/www.linkedin.com\/in\/ana-carolina-costa-vicedomini-36b76423\/\">E-mail <\/a><\/strong>| <strong><a href=\"https:\/\/www.linkedin.com\/in\/ana-carolina-costa-vicedomini-36b76423\/\" target=\"_blank\" rel=\"noopener\">LinkedIn<\/a><\/strong><\/p>\n<p>Nutricionista formada pela Universidade Anhembi Morumbi. Especialista em Terapia Nutricional Enteral e Parenteral \u2013 BRASPEN<br \/>\nP\u00f3s-Graduada em Nutri\u00e7\u00e3o Cl\u00ednica pelo GANEP Educa\u00e7\u00e3o. P\u00f3s-Graduada em Cuidados nutricionais em Terapia Intensiva pelo GANEP Educa\u00e7\u00e3o.Mestranda em composi\u00e7\u00e3o corporal pela Faculdade de Medicina da USP. Nutricionista cl\u00ednica e pr\u00e1ticas cl\u00ednicas.<\/p>\n<p><strong><img loading=\"lazy\" decoding=\"async\" class=\"wp-image-65193 alignleft\" src=\"https:\/\/nutritotal.com.br\/pro\/wp-content\/uploads\/2025\/03\/sheila-leonildo-300x300.png\" alt=\"\" width=\"161\" height=\"161\" srcset=\"https:\/\/nutritotal.com.br\/pro\/wp-content\/uploads\/2025\/03\/sheila-leonildo-300x300.png 300w, https:\/\/nutritotal.com.br\/pro\/wp-content\/uploads\/2025\/03\/sheila-leonildo-150x150.png 150w, https:\/\/nutritotal.com.br\/pro\/wp-content\/uploads\/2025\/03\/sheila-leonildo-768x768.png 768w, https:\/\/nutritotal.com.br\/pro\/wp-content\/uploads\/2025\/03\/sheila-leonildo-1024x1024.png 1024w, https:\/\/nutritotal.com.br\/pro\/wp-content\/uploads\/2025\/03\/sheila-leonildo-400x400.png 400w, https:\/\/nutritotal.com.br\/pro\/wp-content\/uploads\/2025\/03\/sheila-leonildo.png 1080w, https:\/\/nutritotal.com.br\/pro\/wp-content\/uploads\/2025\/03\/sheila-leonildo-180x180.png 180w\" sizes=\"(max-width: 161px) 100vw, 161px\" \/>Sheila Leonildo | Analista de Marketing<br \/>\n<\/strong><a href=\"mailto:marketing_nutritotal@nutritotal.com.br\"><strong>E-mail<\/strong><\/a>\u00a0| <a href=\"https:\/\/www.linkedin.com\/in\/sheila-leonildo-5973a2156\" target=\"_blank\" rel=\"noopener\"><strong>LinkediIn<\/strong><\/a><\/p>\n<p>Publicit\u00e1ria formada pela Universidade Anhanguera e computa\u00e7\u00e3o gr\u00e1fica pela Escola Saga. Experi\u00eancia profissional em Ag\u00eancia de Marketing Digital nas \u00e1reas de Reda\u00e7\u00e3o Publicit\u00e1ria, Gest\u00e3o de M\u00eddias Sociais e Tr\u00e1fego Pago, SEO, E-commerce, Marketing Estrat\u00e9gico e Gest\u00e3o de Projetos. Analista de Marketing em Nutritotal Pro, Nutriotal Para Todos e Ganep Educa\u00e7\u00e3o. P\u00f3s-graduanda em social media e gest\u00e3o de tr\u00e1fego<\/p>\n<p>&nbsp;<\/p>\n<p><b><img loading=\"lazy\" decoding=\"async\" class=\"wp-image-65210 alignleft\" src=\"https:\/\/nutritotal.com.br\/pro\/wp-content\/uploads\/2025\/03\/s-equipe-nutritotal-5-300x300.png\" alt=\"Aline Palialol\" width=\"161\" height=\"161\" srcset=\"https:\/\/nutritotal.com.br\/pro\/wp-content\/uploads\/2025\/03\/s-equipe-nutritotal-5-300x300.png 300w, https:\/\/nutritotal.com.br\/pro\/wp-content\/uploads\/2025\/03\/s-equipe-nutritotal-5-150x150.png 150w, https:\/\/nutritotal.com.br\/pro\/wp-content\/uploads\/2025\/03\/s-equipe-nutritotal-5-768x768.png 768w, https:\/\/nutritotal.com.br\/pro\/wp-content\/uploads\/2025\/03\/s-equipe-nutritotal-5-1024x1024.png 1024w, https:\/\/nutritotal.com.br\/pro\/wp-content\/uploads\/2025\/03\/s-equipe-nutritotal-5-400x400.png 400w, https:\/\/nutritotal.com.br\/pro\/wp-content\/uploads\/2025\/03\/s-equipe-nutritotal-5.png 1080w, https:\/\/nutritotal.com.br\/pro\/wp-content\/uploads\/2025\/03\/s-equipe-nutritotal-5-180x180.png 180w\" sizes=\"(max-width: 161px) 100vw, 161px\" \/>Aline Palialol | Assistente de Projetos em Nutri\u00e7\u00e3o<br \/>\n<\/b><strong><a href=\"mailto:newnutritotal@nutritotal.com.br\">E-mail<\/a><\/strong>\u00a0<strong>| <a href=\"https:\/\/www.linkedin.com\/in\/aline-palialol-199682134\/\" target=\"_blank\" rel=\"noopener\">LinkedIn<\/a><\/strong><\/p>\n<p>Nutricionista formada pela Faculdade de Sa\u00fade P\u00fablica da USP. Foi vice-presidente da Nutri Jr. USP. Assistente de Projetos em Nutri\u00e7\u00e3o no Nutritotal e Ganep Educa\u00e7\u00e3o.<\/p>\n<p>&nbsp;<\/p>\n<p>&nbsp;<\/p>\n<p><strong><img loading=\"lazy\" decoding=\"async\" class=\"wp-image-64205 alignleft\" src=\"https:\/\/nutritotal.com.br\/pro\/wp-content\/uploads\/2024\/05\/equipe-nutritotal-auxiliar-tecnica-de-projetos-em-nutricao-isabely-zaki-300x300.png\" alt=\"Equipe nutritotal\" width=\"160\" height=\"160\" srcset=\"https:\/\/nutritotal.com.br\/pro\/wp-content\/uploads\/2024\/05\/equipe-nutritotal-auxiliar-tecnica-de-projetos-em-nutricao-isabely-zaki-300x300.png 300w, https:\/\/nutritotal.com.br\/pro\/wp-content\/uploads\/2024\/05\/equipe-nutritotal-auxiliar-tecnica-de-projetos-em-nutricao-isabely-zaki-150x150.png 150w, https:\/\/nutritotal.com.br\/pro\/wp-content\/uploads\/2024\/05\/equipe-nutritotal-auxiliar-tecnica-de-projetos-em-nutricao-isabely-zaki-768x768.png 768w, https:\/\/nutritotal.com.br\/pro\/wp-content\/uploads\/2024\/05\/equipe-nutritotal-auxiliar-tecnica-de-projetos-em-nutricao-isabely-zaki-1024x1024.png 1024w, https:\/\/nutritotal.com.br\/pro\/wp-content\/uploads\/2024\/05\/equipe-nutritotal-auxiliar-tecnica-de-projetos-em-nutricao-isabely-zaki-400x400.png 400w, https:\/\/nutritotal.com.br\/pro\/wp-content\/uploads\/2024\/05\/equipe-nutritotal-auxiliar-tecnica-de-projetos-em-nutricao-isabely-zaki.png 1080w, https:\/\/nutritotal.com.br\/pro\/wp-content\/uploads\/2024\/05\/equipe-nutritotal-auxiliar-tecnica-de-projetos-em-nutricao-isabely-zaki-180x180.png 180w\" sizes=\"(max-width: 160px) 100vw, 160px\" \/>Isabely Arraes Zaki | Assistente de Projetos em Nutri\u00e7\u00e3o<br \/>\n<\/strong><a href=\"mailto:venda@nutritotal.com.br\"><strong>E-mail<\/strong><\/a>\u00a0| <a href=\"https:\/\/br.linkedin.com\/in\/isabely-arraes-zaki-7462571b0\" target=\"_blank\" rel=\"noopener\"><strong>Linkedin<\/strong><\/a><\/p>\n<p>Nutricionista formada pela Faculdade de Sa\u00fade P\u00fablica da USP. Atendimentos cl\u00ednicos com foco em atendimento de pacientes vegetarianos e veganos. Assistente de Projetos em Nutri\u00e7\u00e3o no Nutritotal PRO e Ganep Educa\u00e7\u00e3o. Experi\u00eancias anteriores em Nutri\u00e7\u00e3o Hospitalar, Alimenta\u00e7\u00e3o Coletiva e Health Writing.<\/p>\n<p>&nbsp;<\/p>\n<p><strong><img loading=\"lazy\" decoding=\"async\" class=\"wp-image-65258 alignleft\" src=\"https:\/\/nutritotal.com.br\/pro\/wp-content\/uploads\/2025\/03\/isabela-lima-300x300.png\" alt=\"Isabela Lima\" width=\"161\" height=\"161\" srcset=\"https:\/\/nutritotal.com.br\/pro\/wp-content\/uploads\/2025\/03\/isabela-lima-300x300.png 300w, https:\/\/nutritotal.com.br\/pro\/wp-content\/uploads\/2025\/03\/isabela-lima-150x150.png 150w, https:\/\/nutritotal.com.br\/pro\/wp-content\/uploads\/2025\/03\/isabela-lima-768x768.png 768w, https:\/\/nutritotal.com.br\/pro\/wp-content\/uploads\/2025\/03\/isabela-lima-1024x1024.png 1024w, https:\/\/nutritotal.com.br\/pro\/wp-content\/uploads\/2025\/03\/isabela-lima-400x400.png 400w, https:\/\/nutritotal.com.br\/pro\/wp-content\/uploads\/2025\/03\/isabela-lima.png 1080w, https:\/\/nutritotal.com.br\/pro\/wp-content\/uploads\/2025\/03\/isabela-lima-180x180.png 180w\" sizes=\"(max-width: 161px) 100vw, 161px\" \/>Isabela Lima| Assistente de Marketing<br \/>\n<\/strong><a href=\"mailto:redacao@nutritotal.com.br\"><strong>E-mail<\/strong><\/a>\u00a0| <a href=\"https:\/\/www.linkedin.com\/in\/isabela-lima-marketing\/\" target=\"_blank\" rel=\"noopener\"><strong>Linkedin<\/strong><\/a><\/p>\n<p>Formada em Administra\u00e7\u00e3o com \u00eanfase em Marketing pela Universidade Nove de Julho, com experi\u00eancia em marketing digital nas \u00e1reas de copywriting, design, gest\u00e3o de m\u00eddias sociais e e-mail marketing. Atualmente, sou Auxiliar de Marketing no Nutritotal PRO e Ganep Educa\u00e7\u00e3o.<\/p>\n","protected":false},"excerpt":{"rendered":"<p>Equipe Respons\u00e1vel: Nutritotal \u00e9 um portal desenvolvido por equipe de profissionais especializados em nutri\u00e7\u00e3o cl\u00ednica e em divulga\u00e7\u00e3o cient\u00edfica, dirigido a profissionais de sa\u00fade. Fazem parte da equipe um corpo editorial fixo e colaboradores eventuais. Dan L. Waitzberg | Diretor cient\u00edfico Instagram | Linkedin O Dr. Waitzberg possui Mestrado, Doutorado e Livre-Doc\u00eancia pela Faculdade de [&hellip;]<\/p>\n","protected":false},"author":1,"featured_media":0,"parent":91,"menu_order":0,"comment_status":"closed","ping_status":"closed","template":"page-institucional.php","meta":{"_acf_changed":false,"footnotes":""},"acf":[],"yoast_head":"<!-- This site is optimized with the Yoast SEO plugin v23.5 - https:\/\/yoast.com\/wordpress\/plugins\/seo\/ -->\n<title>Equipe respons\u00e1vel da Nutritotal | Nutritotal PRO<\/title>\n<meta name=\"description\" content=\"Clique e fale com a Nutritotal, um espa\u00e7o destinados aos profissionais da sa\u00fade ou interessados por nutri\u00e7\u00e3o. Seja para tirar uma d\u00favida ou outros!\" \/>\n<meta name=\"robots\" content=\"index, follow, max-snippet:-1, max-image-preview:large, max-video-preview:-1\" \/>\n<link rel=\"canonical\" href=\"https:\/\/nutritotal.com.br\/pro\/institucional\/equipe\/\" \/>\n<meta property=\"og:locale\" content=\"pt_BR\" \/>\n<meta property=\"og:type\" content=\"article\" \/>\n<meta property=\"og:title\" content=\"Equipe respons\u00e1vel da Nutritotal | Nutritotal PRO\" \/>\n<meta property=\"og:description\" content=\"Clique e fale com a Nutritotal, um espa\u00e7o destinados aos profissionais da sa\u00fade ou interessados por nutri\u00e7\u00e3o. Seja para tirar uma d\u00favida ou outros!\" \/>\n<meta property=\"og:url\" content=\"https:\/\/nutritotal.com.br\/pro\/institucional\/equipe\/\" \/>\n<meta property=\"og:site_name\" content=\"Nutritotal PRO\" \/>\n<meta property=\"article:publisher\" content=\"https:\/\/www.facebook.com\/nutritotalPRO\/\" \/>\n<meta property=\"article:modified_time\" content=\"2026-01-14T15:11:22+00:00\" \/>\n<meta property=\"og:image\" content=\"https:\/\/nutritotal.com.br\/pro\/wp-content\/uploads\/2025\/03\/dan-300x300.png\" \/>\n<meta name=\"twitter:card\" content=\"summary_large_image\" \/>\n<meta name=\"twitter:label1\" content=\"Est. tempo de leitura\" \/>\n\t<meta name=\"twitter:data1\" content=\"4 minutos\" \/>\n<script type=\"application\/ld+json\" class=\"yoast-schema-graph\">{\"@context\":\"https:\/\/schema.org\",\"@graph\":[{\"@type\":\"WebPage\",\"@id\":\"https:\/\/nutritotal.com.br\/pro\/institucional\/equipe\/\",\"url\":\"https:\/\/nutritotal.com.br\/pro\/institucional\/equipe\/\",\"name\":\"Equipe respons\u00e1vel da Nutritotal | Nutritotal PRO\",\"isPartOf\":{\"@id\":\"https:\/\/nutritotal.com.br\/pro\/#website\"},\"primaryImageOfPage\":{\"@id\":\"https:\/\/nutritotal.com.br\/pro\/institucional\/equipe\/#primaryimage\"},\"image\":{\"@id\":\"https:\/\/nutritotal.com.br\/pro\/institucional\/equipe\/#primaryimage\"},\"thumbnailUrl\":\"https:\/\/nutritotal.com.br\/pro\/wp-content\/uploads\/2025\/03\/dan-300x300.png\",\"datePublished\":\"2018-12-04T16:44:27+00:00\",\"dateModified\":\"2026-01-14T15:11:22+00:00\",\"description\":\"Clique e fale com a Nutritotal, um espa\u00e7o destinados aos profissionais da sa\u00fade ou interessados por nutri\u00e7\u00e3o. Seja para tirar uma d\u00favida ou outros!\",\"breadcrumb\":{\"@id\":\"https:\/\/nutritotal.com.br\/pro\/institucional\/equipe\/#breadcrumb\"},\"inLanguage\":\"pt-BR\",\"potentialAction\":[{\"@type\":\"ReadAction\",\"target\":[\"https:\/\/nutritotal.com.br\/pro\/institucional\/equipe\/\"]}]},{\"@type\":\"ImageObject\",\"inLanguage\":\"pt-BR\",\"@id\":\"https:\/\/nutritotal.com.br\/pro\/institucional\/equipe\/#primaryimage\",\"url\":\"https:\/\/nutritotal.com.br\/pro\/wp-content\/uploads\/2025\/03\/dan.png\",\"contentUrl\":\"https:\/\/nutritotal.com.br\/pro\/wp-content\/uploads\/2025\/03\/dan.png\",\"width\":1080,\"height\":1080,\"caption\":\"Dr dan\"},{\"@type\":\"BreadcrumbList\",\"@id\":\"https:\/\/nutritotal.com.br\/pro\/institucional\/equipe\/#breadcrumb\",\"itemListElement\":[{\"@type\":\"ListItem\",\"position\":1,\"name\":\"Home\",\"item\":\"https:\/\/nutritotal.com.br\/pro\/\"},{\"@type\":\"ListItem\",\"position\":2,\"name\":\"Institucional\",\"item\":\"https:\/\/nutritotal.com.br\/pro\/institucional\/\"},{\"@type\":\"ListItem\",\"position\":3,\"name\":\"Equipe\"}]},{\"@type\":\"WebSite\",\"@id\":\"https:\/\/nutritotal.com.br\/pro\/#website\",\"url\":\"https:\/\/nutritotal.com.br\/pro\/\",\"name\":\"Nutritotal PRO\",\"description\":\"\",\"publisher\":{\"@id\":\"https:\/\/nutritotal.com.br\/pro\/#organization\"},\"potentialAction\":[{\"@type\":\"SearchAction\",\"target\":{\"@type\":\"EntryPoint\",\"urlTemplate\":\"https:\/\/nutritotal.com.br\/pro\/?s={search_term_string}\"},\"query-input\":{\"@type\":\"PropertyValueSpecification\",\"valueRequired\":true,\"valueName\":\"search_term_string\"}}],\"inLanguage\":\"pt-BR\"},{\"@type\":\"Organization\",\"@id\":\"https:\/\/nutritotal.com.br\/pro\/#organization\",\"name\":\"Nutri Total\",\"url\":\"https:\/\/nutritotal.com.br\/pro\/\",\"logo\":{\"@type\":\"ImageObject\",\"inLanguage\":\"pt-BR\",\"@id\":\"https:\/\/nutritotal.com.br\/pro\/#\/schema\/logo\/image\/\",\"url\":\"https:\/\/nutritotal.com.br\/pro\/wp-content\/uploads\/2022\/12\/Nutritotal-Pro-Vertical-02.png\",\"contentUrl\":\"https:\/\/nutritotal.com.br\/pro\/wp-content\/uploads\/2022\/12\/Nutritotal-Pro-Vertical-02.png\",\"width\":426,\"height\":426,\"caption\":\"Nutri Total\"},\"image\":{\"@id\":\"https:\/\/nutritotal.com.br\/pro\/#\/schema\/logo\/image\/\"},\"sameAs\":[\"https:\/\/www.facebook.com\/nutritotalPRO\/\",\"https:\/\/www.instagram.com\/nutritotalpro\/\",\"https:\/\/www.youtube.com\/channel\/UCf01IyXkHLYUDGG0-XHR-YA\"]}]}<\/script>\n<!-- \/ Yoast SEO plugin. -->","yoast_head_json":{"title":"Equipe respons\u00e1vel da Nutritotal | Nutritotal PRO","description":"Clique e fale com a Nutritotal, um espa\u00e7o destinados aos profissionais da sa\u00fade ou interessados por nutri\u00e7\u00e3o. Seja para tirar uma d\u00favida ou outros!","robots":{"index":"index","follow":"follow","max-snippet":"max-snippet:-1","max-image-preview":"max-image-preview:large","max-video-preview":"max-video-preview:-1"},"canonical":"https:\/\/nutritotal.com.br\/pro\/institucional\/equipe\/","og_locale":"pt_BR","og_type":"article","og_title":"Equipe respons\u00e1vel da Nutritotal | Nutritotal PRO","og_description":"Clique e fale com a Nutritotal, um espa\u00e7o destinados aos profissionais da sa\u00fade ou interessados por nutri\u00e7\u00e3o. Seja para tirar uma d\u00favida ou outros!","og_url":"https:\/\/nutritotal.com.br\/pro\/institucional\/equipe\/","og_site_name":"Nutritotal PRO","article_publisher":"https:\/\/www.facebook.com\/nutritotalPRO\/","article_modified_time":"2026-01-14T15:11:22+00:00","og_image":[{"url":"https:\/\/nutritotal.com.br\/pro\/wp-content\/uploads\/2025\/03\/dan-300x300.png"}],"twitter_card":"summary_large_image","twitter_misc":{"Est. tempo de leitura":"4 minutos"},"schema":{"@context":"https:\/\/schema.org","@graph":[{"@type":"WebPage","@id":"https:\/\/nutritotal.com.br\/pro\/institucional\/equipe\/","url":"https:\/\/nutritotal.com.br\/pro\/institucional\/equipe\/","name":"Equipe respons\u00e1vel da Nutritotal | Nutritotal PRO","isPartOf":{"@id":"https:\/\/nutritotal.com.br\/pro\/#website"},"primaryImageOfPage":{"@id":"https:\/\/nutritotal.com.br\/pro\/institucional\/equipe\/#primaryimage"},"image":{"@id":"https:\/\/nutritotal.com.br\/pro\/institucional\/equipe\/#primaryimage"},"thumbnailUrl":"https:\/\/nutritotal.com.br\/pro\/wp-content\/uploads\/2025\/03\/dan-300x300.png","datePublished":"2018-12-04T16:44:27+00:00","dateModified":"2026-01-14T15:11:22+00:00","description":"Clique e fale com a Nutritotal, um espa\u00e7o destinados aos profissionais da sa\u00fade ou interessados por nutri\u00e7\u00e3o. Seja para tirar uma d\u00favida ou outros!","breadcrumb":{"@id":"https:\/\/nutritotal.com.br\/pro\/institucional\/equipe\/#breadcrumb"},"inLanguage":"pt-BR","potentialAction":[{"@type":"ReadAction","target":["https:\/\/nutritotal.com.br\/pro\/institucional\/equipe\/"]}]},{"@type":"ImageObject","inLanguage":"pt-BR","@id":"https:\/\/nutritotal.com.br\/pro\/institucional\/equipe\/#primaryimage","url":"https:\/\/nutritotal.com.br\/pro\/wp-content\/uploads\/2025\/03\/dan.png","contentUrl":"https:\/\/nutritotal.com.br\/pro\/wp-content\/uploads\/2025\/03\/dan.png","width":1080,"height":1080,"caption":"Dr dan"},{"@type":"BreadcrumbList","@id":"https:\/\/nutritotal.com.br\/pro\/institucional\/equipe\/#breadcrumb","itemListElement":[{"@type":"ListItem","position":1,"name":"Home","item":"https:\/\/nutritotal.com.br\/pro\/"},{"@type":"ListItem","position":2,"name":"Institucional","item":"https:\/\/nutritotal.com.br\/pro\/institucional\/"},{"@type":"ListItem","position":3,"name":"Equipe"}]},{"@type":"WebSite","@id":"https:\/\/nutritotal.com.br\/pro\/#website","url":"https:\/\/nutritotal.com.br\/pro\/","name":"Nutritotal PRO","description":"","publisher":{"@id":"https:\/\/nutritotal.com.br\/pro\/#organization"},"potentialAction":[{"@type":"SearchAction","target":{"@type":"EntryPoint","urlTemplate":"https:\/\/nutritotal.com.br\/pro\/?s={search_term_string}"},"query-input":{"@type":"PropertyValueSpecification","valueRequired":true,"valueName":"search_term_string"}}],"inLanguage":"pt-BR"},{"@type":"Organization","@id":"https:\/\/nutritotal.com.br\/pro\/#organization","name":"Nutri Total","url":"https:\/\/nutritotal.com.br\/pro\/","logo":{"@type":"ImageObject","inLanguage":"pt-BR","@id":"https:\/\/nutritotal.com.br\/pro\/#\/schema\/logo\/image\/","url":"https:\/\/nutritotal.com.br\/pro\/wp-content\/uploads\/2022\/12\/Nutritotal-Pro-Vertical-02.png","contentUrl":"https:\/\/nutritotal.com.br\/pro\/wp-content\/uploads\/2022\/12\/Nutritotal-Pro-Vertical-02.png","width":426,"height":426,"caption":"Nutri Total"},"image":{"@id":"https:\/\/nutritotal.com.br\/pro\/#\/schema\/logo\/image\/"},"sameAs":["https:\/\/www.facebook.com\/nutritotalPRO\/","https:\/\/www.instagram.com\/nutritotalpro\/","https:\/\/www.youtube.com\/channel\/UCf01IyXkHLYUDGG0-XHR-YA"]}]}},"amp_enabled":false,"_links":{"self":[{"href":"https:\/\/nutritotal.com.br\/pro\/wp-json\/wp\/v2\/pages\/5012"}],"collection":[{"href":"https:\/\/nutritotal.com.br\/pro\/wp-json\/wp\/v2\/pages"}],"about":[{"href":"https:\/\/nutritotal.com.br\/pro\/wp-json\/wp\/v2\/types\/page"}],"author":[{"embeddable":true,"href":"https:\/\/nutritotal.com.br\/pro\/wp-json\/wp\/v2\/users\/1"}],"replies":[{"embeddable":true,"href":"https:\/\/nutritotal.com.br\/pro\/wp-json\/wp\/v2\/comments?post=5012"}],"version-history":[{"count":21,"href":"https:\/\/nutritotal.com.br\/pro\/wp-json\/wp\/v2\/pages\/5012\/revisions"}],"predecessor-version":[{"id":65759,"href":"https:\/\/nutritotal.com.br\/pro\/wp-json\/wp\/v2\/pages\/5012\/revisions\/65759"}],"up":[{"embeddable":true,"href":"https:\/\/nutritotal.com.br\/pro\/wp-json\/wp\/v2\/pages\/91"}],"wp:attachment":[{"href":"https:\/\/nutritotal.com.br\/pro\/wp-json\/wp\/v2\/media?parent=5012"}],"curies":[{"name":"wp","href":"https:\/\/api.w.org\/{rel}","templated":true}]}}