
{"id":5015,"date":"2018-12-04T14:45:05","date_gmt":"2018-12-04T16:45:05","guid":{"rendered":"https:\/\/nutritotal.com.br\/pro\/?page_id=5015"},"modified":"2021-09-29T10:24:39","modified_gmt":"2021-09-29T13:24:39","slug":"historia","status":"publish","type":"page","link":"https:\/\/nutritotal.com.br\/pro\/institucional\/historia\/","title":{"rendered":"Hist\u00f3ria"},"content":{"rendered":"<p><strong>Nossa Hist\u00f3ria<\/strong><\/p>\n<p><img loading=\"lazy\" decoding=\"async\" class=\"aligncenter size-full wp-image-35826\" src=\"https:\/\/nutritotal.com.br\/pro\/wp-content\/uploads\/2019\/02\/evolu\u00e7\u00e3ologos.png\" alt=\"\" width=\"1366\" height=\"172\" srcset=\"https:\/\/nutritotal.com.br\/pro\/wp-content\/uploads\/2019\/02\/evolu\u00e7\u00e3ologos.png 1366w, https:\/\/nutritotal.com.br\/pro\/wp-content\/uploads\/2019\/02\/evolu\u00e7\u00e3ologos-300x38.png 300w, https:\/\/nutritotal.com.br\/pro\/wp-content\/uploads\/2019\/02\/evolu\u00e7\u00e3ologos-1024x129.png 1024w, https:\/\/nutritotal.com.br\/pro\/wp-content\/uploads\/2019\/02\/evolu\u00e7\u00e3ologos-768x97.png 768w\" sizes=\"(max-width: 1366px) 100vw, 1366px\" \/><\/p>\n<p>Nutritotal foi criado em 2000 e lan\u00e7ado oficialmente em 2001. \u00c0quela \u00e9poca, nem todas as faculdades e centros de pesquisa dispunham de computadores conectados \u00e0 internet dispon\u00edveis para uso dos alunos e professores. Ainda assim, mais de 1.200 pessoas cadastraram-se no portal e v\u00eam acompanhando seu crescimento.<\/p>\n<p>Em 2002, o portal foi totalmente reeditado com o objetivo de facilitar a navega\u00e7\u00e3o.<\/p>\n<blockquote><p><strong>o contato com nossos usu\u00e1rios mostrou que o car\u00e1ter cient\u00edfico e a enorme carga de informa\u00e7\u00f5es de nosso site s\u00e3o de grande utilidade, mas os dados precisavam de uma reorganiza\u00e7\u00e3o<\/strong><\/p><\/blockquote>\n<p>Relata o m\u00e9dico especialista em nutri\u00e7\u00e3o cl\u00ednica Dan L. Waitzberg, criador do portal.<\/p>\n<p>O Nutritotal, que j\u00e1 era considerado o maior site sobre nutri\u00e7\u00e3o cl\u00ednica em l\u00edngua portuguesa, conseguiu, em 2002 e 2003, mais 8.906 novos cadastros de leitores. Somados aos cadastros iniciais, o Nutritotal fechou 2003 com mais de 10.000 indiv\u00edduos identificados. Tamb\u00e9m em 2002, o portal recebeu sua primeira certifica\u00e7\u00e3o do HonCode (Health On The Net Foundation), certifica\u00e7\u00e3o conferida por organiza\u00e7\u00e3o n\u00e3o-governamental europeia que tem como objetivo &#8220;promover o uso eficaz e confi\u00e1vel de novas tecnologias de telemedicina nos cuidados com a sa\u00fade no mundo&#8221;.<\/p>\n<p>No primeiro semestre de 2004, uma novidade atraiu a aten\u00e7\u00e3o: os cursos do Nutritotal. A visita\u00e7\u00e3o aos cursos foi expressiva e comemorada pelos parceiros do portal, que puderam aliar suas marcas a conte\u00fado cient\u00edfico de qualidade. Mais de 2.000 novos leitores cadastraram-se e cerca de 1.500 acompanharam cada curso.<\/p>\n<p>Reformula\u00e7\u00f5es gr\u00e1ficas e editoriais aconteceram em 2005, 2016 e 2017, ano em que o Nutritotal atingiu a marca de mais de 90 mil leitores cadastrados e 100 mil visitas mensais ao portal.<\/p>\n<p>Em 2019 lan\u00e7amos o novo site Nutritotal, com design inovador, interativo e din\u00e2mico, destinado agora a todas as pessoas interessadas em nutri\u00e7\u00e3o para obter vida mais saud\u00e1vel e contribuir para melhorar dist\u00farbios de sa\u00fade j\u00e1 estabelecidas. O Nutritotal \u00e9 o \u00fanico portal brasileiro a disponibilizar conte\u00fado cient\u00edfico, validado por nutricionistas e nutr\u00f3logos, para a popula\u00e7\u00e3o leiga.<\/p>\n<p>O portal espec\u00edfico para profissionais de sa\u00fade, alicer\u00e7ado em 19 anos de vida, continua, agora com o nome Nutritotal PRO. Os conte\u00fados est\u00e3o com visualiza\u00e7\u00e3o 100% livre, e o cadastro continuar\u00e1 existindo para os profissionais que quiserem receber as novidades em \u201cprimeira m\u00e3o\u201d. \u00a0S\u00e3o mais de 2000 Not\u00edcias, 400 Diretrizes e Legisla\u00e7\u00f5es, 40 Entrevistas, 200 Tabelas e Pir\u00e2mides, 40 C\u00e1lculos, e 400 termos no item Gloss\u00e1rio que t\u00eam como objetivo promover a divulga\u00e7\u00e3o cient\u00edfica e a educa\u00e7\u00e3o continuada para profissionais de sa\u00fade.<\/p>\n","protected":false},"excerpt":{"rendered":"<p>Nossa Hist\u00f3ria Nutritotal foi criado em 2000 e lan\u00e7ado oficialmente em 2001. \u00c0quela \u00e9poca, nem todas as faculdades e centros de pesquisa dispunham de computadores conectados \u00e0 internet dispon\u00edveis para uso dos alunos e professores. Ainda assim, mais de 1.200 pessoas cadastraram-se no portal e v\u00eam acompanhando seu crescimento. Em 2002, o portal foi totalmente [&hellip;]<\/p>\n","protected":false},"author":1,"featured_media":0,"parent":91,"menu_order":1,"comment_status":"closed","ping_status":"closed","template":"page-institucional.php","meta":{"_acf_changed":false,"footnotes":""},"acf":[],"yoast_head":"<!-- This site is optimized with the Yoast SEO plugin v23.5 - https:\/\/yoast.com\/wordpress\/plugins\/seo\/ -->\n<title>Conhe\u00e7a a hist\u00f3ria da Nutritotal | Nutritotal Pro<\/title>\n<meta name=\"description\" content=\"Neste link \u00e9 poss\u00edvel ter acesso \u00e0 hist\u00f3ria da Nutritotal desde sua cria\u00e7\u00e3o. N\u00e3o fique por fora e conhe\u00e7a mais sobre nutri\u00e7\u00e3o confi\u00e1vel conosco!\" \/>\n<meta name=\"robots\" content=\"index, follow, max-snippet:-1, max-image-preview:large, max-video-preview:-1\" \/>\n<link rel=\"canonical\" href=\"https:\/\/nutritotal.com.br\/pro\/institucional\/historia\/\" \/>\n<meta property=\"og:locale\" content=\"pt_BR\" \/>\n<meta property=\"og:type\" content=\"article\" \/>\n<meta property=\"og:title\" content=\"Conhe\u00e7a a hist\u00f3ria da Nutritotal | Nutritotal Pro\" \/>\n<meta property=\"og:description\" content=\"Neste link \u00e9 poss\u00edvel ter acesso \u00e0 hist\u00f3ria da Nutritotal desde sua cria\u00e7\u00e3o. N\u00e3o fique por fora e conhe\u00e7a mais sobre nutri\u00e7\u00e3o confi\u00e1vel conosco!\" \/>\n<meta property=\"og:url\" content=\"https:\/\/nutritotal.com.br\/pro\/institucional\/historia\/\" \/>\n<meta property=\"og:site_name\" content=\"Nutritotal PRO\" \/>\n<meta property=\"article:publisher\" content=\"https:\/\/www.facebook.com\/nutritotalPRO\/\" \/>\n<meta property=\"article:modified_time\" content=\"2021-09-29T13:24:39+00:00\" \/>\n<meta property=\"og:image\" content=\"https:\/\/nutritotal.com.br\/pro\/wp-content\/uploads\/2019\/02\/evolu\u00e7\u00e3ologos.png\" \/>\n<meta name=\"twitter:card\" content=\"summary_large_image\" \/>\n<meta name=\"twitter:label1\" content=\"Est. tempo de leitura\" \/>\n\t<meta name=\"twitter:data1\" content=\"2 minutos\" \/>\n<script type=\"application\/ld+json\" class=\"yoast-schema-graph\">{\"@context\":\"https:\/\/schema.org\",\"@graph\":[{\"@type\":\"WebPage\",\"@id\":\"https:\/\/nutritotal.com.br\/pro\/institucional\/historia\/\",\"url\":\"https:\/\/nutritotal.com.br\/pro\/institucional\/historia\/\",\"name\":\"Conhe\u00e7a a hist\u00f3ria da Nutritotal | Nutritotal Pro\",\"isPartOf\":{\"@id\":\"https:\/\/nutritotal.com.br\/pro\/#website\"},\"datePublished\":\"2018-12-04T16:45:05+00:00\",\"dateModified\":\"2021-09-29T13:24:39+00:00\",\"description\":\"Neste link \u00e9 poss\u00edvel ter acesso \u00e0 hist\u00f3ria da Nutritotal desde sua cria\u00e7\u00e3o. N\u00e3o fique por fora e conhe\u00e7a mais sobre nutri\u00e7\u00e3o confi\u00e1vel conosco!\",\"breadcrumb\":{\"@id\":\"https:\/\/nutritotal.com.br\/pro\/institucional\/historia\/#breadcrumb\"},\"inLanguage\":\"pt-BR\",\"potentialAction\":[{\"@type\":\"ReadAction\",\"target\":[\"https:\/\/nutritotal.com.br\/pro\/institucional\/historia\/\"]}]},{\"@type\":\"BreadcrumbList\",\"@id\":\"https:\/\/nutritotal.com.br\/pro\/institucional\/historia\/#breadcrumb\",\"itemListElement\":[{\"@type\":\"ListItem\",\"position\":1,\"name\":\"Home\",\"item\":\"https:\/\/nutritotal.com.br\/pro\/\"},{\"@type\":\"ListItem\",\"position\":2,\"name\":\"Institucional\",\"item\":\"https:\/\/nutritotal.com.br\/pro\/institucional\/\"},{\"@type\":\"ListItem\",\"position\":3,\"name\":\"Hist\u00f3ria\"}]},{\"@type\":\"WebSite\",\"@id\":\"https:\/\/nutritotal.com.br\/pro\/#website\",\"url\":\"https:\/\/nutritotal.com.br\/pro\/\",\"name\":\"Nutritotal PRO\",\"description\":\"\",\"publisher\":{\"@id\":\"https:\/\/nutritotal.com.br\/pro\/#organization\"},\"potentialAction\":[{\"@type\":\"SearchAction\",\"target\":{\"@type\":\"EntryPoint\",\"urlTemplate\":\"https:\/\/nutritotal.com.br\/pro\/?s={search_term_string}\"},\"query-input\":{\"@type\":\"PropertyValueSpecification\",\"valueRequired\":true,\"valueName\":\"search_term_string\"}}],\"inLanguage\":\"pt-BR\"},{\"@type\":\"Organization\",\"@id\":\"https:\/\/nutritotal.com.br\/pro\/#organization\",\"name\":\"Nutri Total\",\"url\":\"https:\/\/nutritotal.com.br\/pro\/\",\"logo\":{\"@type\":\"ImageObject\",\"inLanguage\":\"pt-BR\",\"@id\":\"https:\/\/nutritotal.com.br\/pro\/#\/schema\/logo\/image\/\",\"url\":\"https:\/\/nutritotal.com.br\/pro\/wp-content\/uploads\/2022\/12\/Nutritotal-Pro-Vertical-02.png\",\"contentUrl\":\"https:\/\/nutritotal.com.br\/pro\/wp-content\/uploads\/2022\/12\/Nutritotal-Pro-Vertical-02.png\",\"width\":426,\"height\":426,\"caption\":\"Nutri Total\"},\"image\":{\"@id\":\"https:\/\/nutritotal.com.br\/pro\/#\/schema\/logo\/image\/\"},\"sameAs\":[\"https:\/\/www.facebook.com\/nutritotalPRO\/\",\"https:\/\/www.instagram.com\/nutritotalpro\/\",\"https:\/\/www.youtube.com\/channel\/UCf01IyXkHLYUDGG0-XHR-YA\"]}]}<\/script>\n<!-- \/ Yoast SEO plugin. -->","yoast_head_json":{"title":"Conhe\u00e7a a hist\u00f3ria da Nutritotal | Nutritotal Pro","description":"Neste link \u00e9 poss\u00edvel ter acesso \u00e0 hist\u00f3ria da Nutritotal desde sua cria\u00e7\u00e3o. N\u00e3o fique por fora e conhe\u00e7a mais sobre nutri\u00e7\u00e3o confi\u00e1vel conosco!","robots":{"index":"index","follow":"follow","max-snippet":"max-snippet:-1","max-image-preview":"max-image-preview:large","max-video-preview":"max-video-preview:-1"},"canonical":"https:\/\/nutritotal.com.br\/pro\/institucional\/historia\/","og_locale":"pt_BR","og_type":"article","og_title":"Conhe\u00e7a a hist\u00f3ria da Nutritotal | Nutritotal Pro","og_description":"Neste link \u00e9 poss\u00edvel ter acesso \u00e0 hist\u00f3ria da Nutritotal desde sua cria\u00e7\u00e3o. N\u00e3o fique por fora e conhe\u00e7a mais sobre nutri\u00e7\u00e3o confi\u00e1vel conosco!","og_url":"https:\/\/nutritotal.com.br\/pro\/institucional\/historia\/","og_site_name":"Nutritotal PRO","article_publisher":"https:\/\/www.facebook.com\/nutritotalPRO\/","article_modified_time":"2021-09-29T13:24:39+00:00","og_image":[{"url":"https:\/\/nutritotal.com.br\/pro\/wp-content\/uploads\/2019\/02\/evolu\u00e7\u00e3ologos.png"}],"twitter_card":"summary_large_image","twitter_misc":{"Est. tempo de leitura":"2 minutos"},"schema":{"@context":"https:\/\/schema.org","@graph":[{"@type":"WebPage","@id":"https:\/\/nutritotal.com.br\/pro\/institucional\/historia\/","url":"https:\/\/nutritotal.com.br\/pro\/institucional\/historia\/","name":"Conhe\u00e7a a hist\u00f3ria da Nutritotal | Nutritotal Pro","isPartOf":{"@id":"https:\/\/nutritotal.com.br\/pro\/#website"},"datePublished":"2018-12-04T16:45:05+00:00","dateModified":"2021-09-29T13:24:39+00:00","description":"Neste link \u00e9 poss\u00edvel ter acesso \u00e0 hist\u00f3ria da Nutritotal desde sua cria\u00e7\u00e3o. N\u00e3o fique por fora e conhe\u00e7a mais sobre nutri\u00e7\u00e3o confi\u00e1vel conosco!","breadcrumb":{"@id":"https:\/\/nutritotal.com.br\/pro\/institucional\/historia\/#breadcrumb"},"inLanguage":"pt-BR","potentialAction":[{"@type":"ReadAction","target":["https:\/\/nutritotal.com.br\/pro\/institucional\/historia\/"]}]},{"@type":"BreadcrumbList","@id":"https:\/\/nutritotal.com.br\/pro\/institucional\/historia\/#breadcrumb","itemListElement":[{"@type":"ListItem","position":1,"name":"Home","item":"https:\/\/nutritotal.com.br\/pro\/"},{"@type":"ListItem","position":2,"name":"Institucional","item":"https:\/\/nutritotal.com.br\/pro\/institucional\/"},{"@type":"ListItem","position":3,"name":"Hist\u00f3ria"}]},{"@type":"WebSite","@id":"https:\/\/nutritotal.com.br\/pro\/#website","url":"https:\/\/nutritotal.com.br\/pro\/","name":"Nutritotal PRO","description":"","publisher":{"@id":"https:\/\/nutritotal.com.br\/pro\/#organization"},"potentialAction":[{"@type":"SearchAction","target":{"@type":"EntryPoint","urlTemplate":"https:\/\/nutritotal.com.br\/pro\/?s={search_term_string}"},"query-input":{"@type":"PropertyValueSpecification","valueRequired":true,"valueName":"search_term_string"}}],"inLanguage":"pt-BR"},{"@type":"Organization","@id":"https:\/\/nutritotal.com.br\/pro\/#organization","name":"Nutri Total","url":"https:\/\/nutritotal.com.br\/pro\/","logo":{"@type":"ImageObject","inLanguage":"pt-BR","@id":"https:\/\/nutritotal.com.br\/pro\/#\/schema\/logo\/image\/","url":"https:\/\/nutritotal.com.br\/pro\/wp-content\/uploads\/2022\/12\/Nutritotal-Pro-Vertical-02.png","contentUrl":"https:\/\/nutritotal.com.br\/pro\/wp-content\/uploads\/2022\/12\/Nutritotal-Pro-Vertical-02.png","width":426,"height":426,"caption":"Nutri Total"},"image":{"@id":"https:\/\/nutritotal.com.br\/pro\/#\/schema\/logo\/image\/"},"sameAs":["https:\/\/www.facebook.com\/nutritotalPRO\/","https:\/\/www.instagram.com\/nutritotalpro\/","https:\/\/www.youtube.com\/channel\/UCf01IyXkHLYUDGG0-XHR-YA"]}]}},"amp_enabled":false,"_links":{"self":[{"href":"https:\/\/nutritotal.com.br\/pro\/wp-json\/wp\/v2\/pages\/5015"}],"collection":[{"href":"https:\/\/nutritotal.com.br\/pro\/wp-json\/wp\/v2\/pages"}],"about":[{"href":"https:\/\/nutritotal.com.br\/pro\/wp-json\/wp\/v2\/types\/page"}],"author":[{"embeddable":true,"href":"https:\/\/nutritotal.com.br\/pro\/wp-json\/wp\/v2\/users\/1"}],"replies":[{"embeddable":true,"href":"https:\/\/nutritotal.com.br\/pro\/wp-json\/wp\/v2\/comments?post=5015"}],"version-history":[{"count":0,"href":"https:\/\/nutritotal.com.br\/pro\/wp-json\/wp\/v2\/pages\/5015\/revisions"}],"up":[{"embeddable":true,"href":"https:\/\/nutritotal.com.br\/pro\/wp-json\/wp\/v2\/pages\/91"}],"wp:attachment":[{"href":"https:\/\/nutritotal.com.br\/pro\/wp-json\/wp\/v2\/media?parent=5015"}],"curies":[{"name":"wp","href":"https:\/\/api.w.org\/{rel}","templated":true}]}}