
{"id":5019,"date":"2018-12-04T14:45:49","date_gmt":"2018-12-04T16:45:49","guid":{"rendered":"https:\/\/nutritotal.com.br\/pro\/?page_id=5019"},"modified":"2021-09-29T10:30:03","modified_gmt":"2021-09-29T13:30:03","slug":"auditoria","status":"publish","type":"page","link":"https:\/\/nutritotal.com.br\/pro\/institucional\/auditoria\/","title":{"rendered":"Auditoria"},"content":{"rendered":"<div class=\"row\">\n<div class=\"col mobile-1-1 desk-3-4 col-to-center\">\n<h5>Auditoria<\/h5>\n<p>Nutritotal cumpre os princ\u00edpios estabelecidos pelo HonCode (Health On The Net Foundation) e recebeu sua primeira certifica\u00e7\u00e3o em 2002. A Health On the Net Foundation \u00e9 uma organiza\u00e7\u00e3o n\u00e3o-governamental europ\u00e9ia, criada em 1995 para promover o uso eficaz e confi\u00e1vel de novas tecnologias de telemedicina nos cuidados com a sa\u00fade no mundo. Os oito preceitos do HonCode s\u00e3o:<\/p>\n<div class=\"row box-gray\">\n<div class=\"col mobile-1-1 desk-1-2\"><strong>1. Autoridade<\/strong><br \/>\nConsultar item \u201cEquipe\u201d sobre a qualifica\u00e7\u00e3o dos profissionais do Nutritotal.<\/div>\n<div class=\"col mobile-1-1 desk-1-2\"><strong>2. Complementaridade<\/strong><br \/>\nA informa\u00e7\u00e3o fornecida no Nutritotal n\u00e3o substitui a rela\u00e7\u00e3o entre pacientes e profissionais de sa\u00fade.<\/div>\n<div class=\"col mobile-1-1 desk-1-2\"><strong>3. Confidencialidade<\/strong><br \/>\nNutritotal protege a identifica\u00e7\u00e3o e dados de seus leitores e de pacientes.<\/div>\n<div class=\"col mobile-1-1 desk-1-2\"><strong>4. Atribui\u00e7\u00e3o\/referencia\u00e7\u00e3o<\/strong><br \/>\nNutritotal fornece refer\u00eancias bibliogr\u00e1ficas que embasam seus textos e a data da \u00faltima modifica\u00e7\u00e3o.<\/div>\n<div class=\"col mobile-1-1 desk-1-2\"><strong>5. Justificativas<\/strong><br \/>\nEvid\u00eancias cient\u00edficas da melhor qualidade poss\u00edvel apoiam a argumenta\u00e7\u00e3o nos textos.<\/div>\n<div class=\"col mobile-1-1 desk-1-2\"><strong>6. Transpar\u00eancia de autoria<\/strong><br \/>\nOs autores dos textos e seus contatos s\u00e3o publicados de maneira clara.<\/div>\n<div class=\"col mobile-1-1 desk-1-2\"><strong>7. Transpar\u00eancia de patroc\u00ednio<\/strong><br \/>\nNutritotal deixa claro para o leitor quem s\u00e3o os patrocinadores de cada \u00e1rea ou atividade do portal.<\/div>\n<div class=\"col mobile-1-1 desk-1-2\"><strong>8. Honestidade na publicidade e na pol\u00edtica editorial<\/strong><br \/>\nA pol\u00edtica de publicidade no site est\u00e1 exposta de maneira clara.<\/div>\n<\/div>\n<p>Nutritotal cumpre tamb\u00e9m integralmente as diretrizes do Manual de Princ\u00edpios \u00c9ticos para Sites de Medicina e Sa\u00fade do Conselho Regional de Medicina do Estado de S\u00e3o Paulo (Cremesp), o que pode ser comprovado pela leitura do texto \u201cPol\u00edtica\u201d, que descreve os princ\u00edpios do trabalho do Nutritotal. O Cremesp exige de sites na internet:<\/p>\n<ol>\n<li>Transpar\u00eancia (consultar item Publicidade)<\/li>\n<li>Honestidade (consultar item Publicidade)<\/li>\n<li>Qualidade (consultar o texto Qualidade e credibilidade em Pol\u00edtica)<\/li>\n<li>Consentimento livre e esclarecido (consultar item Seguran\u00e7a dos dados pessoais)<\/li>\n<li>Privacidade (consultar item Seguran\u00e7a dos dados pessoais)<\/li>\n<li>\u00c9tica M\u00e9dica (a empresa mantenedora \u00e9 de propriedade de m\u00e9dico cadastrado no Cremesp e cumpridor dos preceitos \u00e9ticos da profiss\u00e3o: ver item Equipe)<\/li>\n<li>Responsabilidade e Proced\u00eancia (consultar Mantenedora e Equipe)<\/li>\n<\/ol>\n<\/div>\n<\/div>\n","protected":false},"excerpt":{"rendered":"<p>Auditoria Nutritotal cumpre os princ\u00edpios estabelecidos pelo HonCode (Health On The Net Foundation) e recebeu sua primeira certifica\u00e7\u00e3o em 2002. A Health On the Net Foundation \u00e9 uma organiza\u00e7\u00e3o n\u00e3o-governamental europ\u00e9ia, criada em 1995 para promover o uso eficaz e confi\u00e1vel de novas tecnologias de telemedicina nos cuidados com a sa\u00fade no mundo. Os oito [&hellip;]<\/p>\n","protected":false},"author":1,"featured_media":0,"parent":91,"menu_order":3,"comment_status":"closed","ping_status":"closed","template":"page-institucional.php","meta":{"_acf_changed":false,"footnotes":""},"acf":[],"yoast_head":"<!-- This site is optimized with the Yoast SEO plugin v23.5 - https:\/\/yoast.com\/wordpress\/plugins\/seo\/ -->\n<title>Confira a Auditoria da Nutritotal | Nutritotal Pro<\/title>\n<meta name=\"description\" content=\"A Nutritotal j\u00e1 passou por processos de verifica\u00e7\u00e3o e an\u00e1lise de suas atividades, e neste link voc\u00ea tem acesso a todo o levantamento sobre!\" \/>\n<meta name=\"robots\" content=\"index, follow, max-snippet:-1, max-image-preview:large, max-video-preview:-1\" \/>\n<link rel=\"canonical\" href=\"https:\/\/nutritotal.com.br\/pro\/institucional\/auditoria\/\" \/>\n<meta property=\"og:locale\" content=\"pt_BR\" \/>\n<meta property=\"og:type\" content=\"article\" \/>\n<meta property=\"og:title\" content=\"Confira a Auditoria da Nutritotal | Nutritotal Pro\" \/>\n<meta property=\"og:description\" content=\"A Nutritotal j\u00e1 passou por processos de verifica\u00e7\u00e3o e an\u00e1lise de suas atividades, e neste link voc\u00ea tem acesso a todo o levantamento sobre!\" \/>\n<meta property=\"og:url\" content=\"https:\/\/nutritotal.com.br\/pro\/institucional\/auditoria\/\" \/>\n<meta property=\"og:site_name\" content=\"Nutritotal PRO\" \/>\n<meta property=\"article:publisher\" content=\"https:\/\/www.facebook.com\/nutritotalPRO\/\" \/>\n<meta property=\"article:modified_time\" content=\"2021-09-29T13:30:03+00:00\" \/>\n<meta name=\"twitter:card\" content=\"summary_large_image\" \/>\n<meta name=\"twitter:label1\" content=\"Est. tempo de leitura\" \/>\n\t<meta name=\"twitter:data1\" content=\"2 minutos\" \/>\n<script type=\"application\/ld+json\" class=\"yoast-schema-graph\">{\"@context\":\"https:\/\/schema.org\",\"@graph\":[{\"@type\":\"WebPage\",\"@id\":\"https:\/\/nutritotal.com.br\/pro\/institucional\/auditoria\/\",\"url\":\"https:\/\/nutritotal.com.br\/pro\/institucional\/auditoria\/\",\"name\":\"Confira a Auditoria da Nutritotal | Nutritotal Pro\",\"isPartOf\":{\"@id\":\"https:\/\/nutritotal.com.br\/pro\/#website\"},\"datePublished\":\"2018-12-04T16:45:49+00:00\",\"dateModified\":\"2021-09-29T13:30:03+00:00\",\"description\":\"A Nutritotal j\u00e1 passou por processos de verifica\u00e7\u00e3o e an\u00e1lise de suas atividades, e neste link voc\u00ea tem acesso a todo o levantamento sobre!\",\"breadcrumb\":{\"@id\":\"https:\/\/nutritotal.com.br\/pro\/institucional\/auditoria\/#breadcrumb\"},\"inLanguage\":\"pt-BR\",\"potentialAction\":[{\"@type\":\"ReadAction\",\"target\":[\"https:\/\/nutritotal.com.br\/pro\/institucional\/auditoria\/\"]}]},{\"@type\":\"BreadcrumbList\",\"@id\":\"https:\/\/nutritotal.com.br\/pro\/institucional\/auditoria\/#breadcrumb\",\"itemListElement\":[{\"@type\":\"ListItem\",\"position\":1,\"name\":\"Home\",\"item\":\"https:\/\/nutritotal.com.br\/pro\/\"},{\"@type\":\"ListItem\",\"position\":2,\"name\":\"Institucional\",\"item\":\"https:\/\/nutritotal.com.br\/pro\/institucional\/\"},{\"@type\":\"ListItem\",\"position\":3,\"name\":\"Auditoria\"}]},{\"@type\":\"WebSite\",\"@id\":\"https:\/\/nutritotal.com.br\/pro\/#website\",\"url\":\"https:\/\/nutritotal.com.br\/pro\/\",\"name\":\"Nutritotal PRO\",\"description\":\"\",\"publisher\":{\"@id\":\"https:\/\/nutritotal.com.br\/pro\/#organization\"},\"potentialAction\":[{\"@type\":\"SearchAction\",\"target\":{\"@type\":\"EntryPoint\",\"urlTemplate\":\"https:\/\/nutritotal.com.br\/pro\/?s={search_term_string}\"},\"query-input\":{\"@type\":\"PropertyValueSpecification\",\"valueRequired\":true,\"valueName\":\"search_term_string\"}}],\"inLanguage\":\"pt-BR\"},{\"@type\":\"Organization\",\"@id\":\"https:\/\/nutritotal.com.br\/pro\/#organization\",\"name\":\"Nutri Total\",\"url\":\"https:\/\/nutritotal.com.br\/pro\/\",\"logo\":{\"@type\":\"ImageObject\",\"inLanguage\":\"pt-BR\",\"@id\":\"https:\/\/nutritotal.com.br\/pro\/#\/schema\/logo\/image\/\",\"url\":\"https:\/\/nutritotal.com.br\/pro\/wp-content\/uploads\/2022\/12\/Nutritotal-Pro-Vertical-02.png\",\"contentUrl\":\"https:\/\/nutritotal.com.br\/pro\/wp-content\/uploads\/2022\/12\/Nutritotal-Pro-Vertical-02.png\",\"width\":426,\"height\":426,\"caption\":\"Nutri Total\"},\"image\":{\"@id\":\"https:\/\/nutritotal.com.br\/pro\/#\/schema\/logo\/image\/\"},\"sameAs\":[\"https:\/\/www.facebook.com\/nutritotalPRO\/\",\"https:\/\/www.instagram.com\/nutritotalpro\/\",\"https:\/\/www.youtube.com\/channel\/UCf01IyXkHLYUDGG0-XHR-YA\"]}]}<\/script>\n<!-- \/ Yoast SEO plugin. -->","yoast_head_json":{"title":"Confira a Auditoria da Nutritotal | Nutritotal Pro","description":"A Nutritotal j\u00e1 passou por processos de verifica\u00e7\u00e3o e an\u00e1lise de suas atividades, e neste link voc\u00ea tem acesso a todo o levantamento sobre!","robots":{"index":"index","follow":"follow","max-snippet":"max-snippet:-1","max-image-preview":"max-image-preview:large","max-video-preview":"max-video-preview:-1"},"canonical":"https:\/\/nutritotal.com.br\/pro\/institucional\/auditoria\/","og_locale":"pt_BR","og_type":"article","og_title":"Confira a Auditoria da Nutritotal | Nutritotal Pro","og_description":"A Nutritotal j\u00e1 passou por processos de verifica\u00e7\u00e3o e an\u00e1lise de suas atividades, e neste link voc\u00ea tem acesso a todo o levantamento sobre!","og_url":"https:\/\/nutritotal.com.br\/pro\/institucional\/auditoria\/","og_site_name":"Nutritotal PRO","article_publisher":"https:\/\/www.facebook.com\/nutritotalPRO\/","article_modified_time":"2021-09-29T13:30:03+00:00","twitter_card":"summary_large_image","twitter_misc":{"Est. tempo de leitura":"2 minutos"},"schema":{"@context":"https:\/\/schema.org","@graph":[{"@type":"WebPage","@id":"https:\/\/nutritotal.com.br\/pro\/institucional\/auditoria\/","url":"https:\/\/nutritotal.com.br\/pro\/institucional\/auditoria\/","name":"Confira a Auditoria da Nutritotal | Nutritotal Pro","isPartOf":{"@id":"https:\/\/nutritotal.com.br\/pro\/#website"},"datePublished":"2018-12-04T16:45:49+00:00","dateModified":"2021-09-29T13:30:03+00:00","description":"A Nutritotal j\u00e1 passou por processos de verifica\u00e7\u00e3o e an\u00e1lise de suas atividades, e neste link voc\u00ea tem acesso a todo o levantamento sobre!","breadcrumb":{"@id":"https:\/\/nutritotal.com.br\/pro\/institucional\/auditoria\/#breadcrumb"},"inLanguage":"pt-BR","potentialAction":[{"@type":"ReadAction","target":["https:\/\/nutritotal.com.br\/pro\/institucional\/auditoria\/"]}]},{"@type":"BreadcrumbList","@id":"https:\/\/nutritotal.com.br\/pro\/institucional\/auditoria\/#breadcrumb","itemListElement":[{"@type":"ListItem","position":1,"name":"Home","item":"https:\/\/nutritotal.com.br\/pro\/"},{"@type":"ListItem","position":2,"name":"Institucional","item":"https:\/\/nutritotal.com.br\/pro\/institucional\/"},{"@type":"ListItem","position":3,"name":"Auditoria"}]},{"@type":"WebSite","@id":"https:\/\/nutritotal.com.br\/pro\/#website","url":"https:\/\/nutritotal.com.br\/pro\/","name":"Nutritotal PRO","description":"","publisher":{"@id":"https:\/\/nutritotal.com.br\/pro\/#organization"},"potentialAction":[{"@type":"SearchAction","target":{"@type":"EntryPoint","urlTemplate":"https:\/\/nutritotal.com.br\/pro\/?s={search_term_string}"},"query-input":{"@type":"PropertyValueSpecification","valueRequired":true,"valueName":"search_term_string"}}],"inLanguage":"pt-BR"},{"@type":"Organization","@id":"https:\/\/nutritotal.com.br\/pro\/#organization","name":"Nutri Total","url":"https:\/\/nutritotal.com.br\/pro\/","logo":{"@type":"ImageObject","inLanguage":"pt-BR","@id":"https:\/\/nutritotal.com.br\/pro\/#\/schema\/logo\/image\/","url":"https:\/\/nutritotal.com.br\/pro\/wp-content\/uploads\/2022\/12\/Nutritotal-Pro-Vertical-02.png","contentUrl":"https:\/\/nutritotal.com.br\/pro\/wp-content\/uploads\/2022\/12\/Nutritotal-Pro-Vertical-02.png","width":426,"height":426,"caption":"Nutri Total"},"image":{"@id":"https:\/\/nutritotal.com.br\/pro\/#\/schema\/logo\/image\/"},"sameAs":["https:\/\/www.facebook.com\/nutritotalPRO\/","https:\/\/www.instagram.com\/nutritotalpro\/","https:\/\/www.youtube.com\/channel\/UCf01IyXkHLYUDGG0-XHR-YA"]}]}},"amp_enabled":false,"_links":{"self":[{"href":"https:\/\/nutritotal.com.br\/pro\/wp-json\/wp\/v2\/pages\/5019"}],"collection":[{"href":"https:\/\/nutritotal.com.br\/pro\/wp-json\/wp\/v2\/pages"}],"about":[{"href":"https:\/\/nutritotal.com.br\/pro\/wp-json\/wp\/v2\/types\/page"}],"author":[{"embeddable":true,"href":"https:\/\/nutritotal.com.br\/pro\/wp-json\/wp\/v2\/users\/1"}],"replies":[{"embeddable":true,"href":"https:\/\/nutritotal.com.br\/pro\/wp-json\/wp\/v2\/comments?post=5019"}],"version-history":[{"count":0,"href":"https:\/\/nutritotal.com.br\/pro\/wp-json\/wp\/v2\/pages\/5019\/revisions"}],"up":[{"embeddable":true,"href":"https:\/\/nutritotal.com.br\/pro\/wp-json\/wp\/v2\/pages\/91"}],"wp:attachment":[{"href":"https:\/\/nutritotal.com.br\/pro\/wp-json\/wp\/v2\/media?parent=5019"}],"curies":[{"name":"wp","href":"https:\/\/api.w.org\/{rel}","templated":true}]}}