
{"id":64550,"date":"2024-08-02T16:27:10","date_gmt":"2024-08-02T19:27:10","guid":{"rendered":"https:\/\/nutritotal.com.br\/pro\/?page_id=64550"},"modified":"2024-08-20T17:08:43","modified_gmt":"2024-08-20T20:08:43","slug":"politica-de-cookies","status":"publish","type":"page","link":"https:\/\/nutritotal.com.br\/pro\/politica-de-cookies\/","title":{"rendered":"Pol\u00edtica de Cookies"},"content":{"rendered":"<ol>\n<li>Introdu\u00e7\u00e3o<\/li>\n<\/ol>\n<p>Nosso site,\u00a0<a href=\"https:\/\/nutritotal.com.br\/pro\/\">https:\/\/nutritotal.com.br\/pro\/<\/a>\u00a0usa cookies e outras tecnologias relacionadas (por conveni\u00eancia todas as tecnologias s\u00e3o referidas como &#8220;cookies&#8221;). Os cookies tamb\u00e9m s\u00e3o inseridos por terceiros que contratamos. No documento abaixo informamos sobre o uso de cookies em nosso site.<\/p>\n<ol start=\"2\">\n<li>O que s\u00e3o cookies?<\/li>\n<\/ol>\n<p>Um cookie \u00e9 um arquivo pequeno e simples que \u00e9 enviado junto com p\u00e1ginas deste site e armazenado pelo seu navegador no disco r\u00edgido do seu computador ou outro dispositivo. As informa\u00e7\u00f5es armazenadas podem ser enviadas de volta aos nossos servidores ou aos servidores dos terceiros relevantes durante uma visita subsequente.<\/p>\n<ol start=\"3\">\n<li>O que s\u00e3o scripts?<\/li>\n<\/ol>\n<p>Um script \u00e9 uma parte de c\u00f3digo de programa usado para fazer nosso site funcionar de forma adequada e interativa. Este c\u00f3digo \u00e9 executado em nosso servidor ou em seu dispositivo.<\/p>\n<ol start=\"4\">\n<li>O que \u00e9 um web beacon?<\/li>\n<\/ol>\n<p>Um web beacon (ou uma tag pixel) \u00e9 um pequena e invis\u00edvel texto ou imagem em um site que \u00e9 usado para monitorar o tr\u00e1fego em um site. Para fazer isso, v\u00e1rios dados sobre voc\u00ea s\u00e3o armazenados usando web beacons.<\/p>\n<ol start=\"5\">\n<li>Cookies<\/li>\n<\/ol>\n<p><strong>5.1 Cookies t\u00e9cnicos ou funcionais<\/strong><\/p>\n<p>Alguns cookies garantem que certas partes do site funcionem corretamente e que suas prefer\u00eancias de usu\u00e1rio permane\u00e7am conhecidas. Ao inserir cookies funcionais, facilitamos a visita ao nosso site. Dessa forma, voc\u00ea n\u00e3o precisa inserir repetidamente as mesmas informa\u00e7\u00f5es ao visitar nosso site e, por exemplo, os itens permanecem em seu carrinho de compras at\u00e9 que voc\u00ea tenha conclu\u00eddo a compra. Podemos inserir esses cookies sem o seu consentimento.<\/p>\n<p><strong>5.2 Cookies anal\u00edticos<\/strong><\/p>\n<p>Usamos cookies anal\u00edticos para otimizar a experi\u00eancia do site para nossos usu\u00e1rios. Com estes cookies anal\u00edticos, obtemos informa\u00e7\u00f5es sobre o uso de nosso site.\u00a0Pedimos sua permiss\u00e3o para inserir cookies anal\u00edticos.<\/p>\n<p><strong>5.3 Cookies de marketing\/rastreamento<\/strong><\/p>\n<p>Cookies de marketing\/rastreamento s\u00e3o como qualquer outro tipo de cookie ou forma de armazenamento local, usados para criar perfis de usu\u00e1rios para exibir publicidade ou para rastrear o usu\u00e1rio neste site ou em v\u00e1rios sites para fins de marketing.<\/p>\n<p><strong>5.4 M\u00eddia social<\/strong><\/p>\n<p>Em nosso site, inclu\u00edmos conte\u00fado para promover p\u00e1ginas da web (por exemplo, \u201ccurtir\u201d, \u201cpin\u201d) ou compartilhar (por exemplo, \u201ctweet\u201d) nas redes sociais. Este conte\u00fado \u00e9 incorporado com c\u00f3digo derivado de terceiros e coloca cookies. Esse conte\u00fado pode armazenar e processar determinadas informa\u00e7\u00f5es para publicidade personalizada.<\/p>\n<p>Leia a declara\u00e7\u00e3o de privacidade dessas redes sociais (que podem mudar regularmente) para saber o que eles fazem com seus dados (pessoais) que eles processam usando esses cookies. Os dados recuperados s\u00e3o anonimizados tanto quanto poss\u00edvel.<\/p>\n<ol start=\"6\">\n<li>Cookies inseridos<\/li>\n<\/ol>\n<p>Elementor                                              &#8211; Estat\u00edsticas (an\u00f4nimas)<\/p>\n<p>Consent to service elementor<br \/>\nJoin.chat                                              &#8211; Funcional<\/p>\n<p>Consent to service join.chat<br \/>\nGoogle Analytics                                   &#8211; Estat\u00edsticas, Funcional<\/p>\n<p>Consent to service google-analytics<br \/>\nComplianz                                          &#8211; Funcional<\/p>\n<p>Consent to service complianz<br \/>\nDiversos                                               &#8211; Finalidade pendente de investiga\u00e7\u00e3o<\/p>\n<p>Consent to service diversos<\/p>\n<ol start=\"7\">\n<li>Ativa\u00e7\u00e3o\/desativa\u00e7\u00e3o e exclus\u00e3o de cookies<\/li>\n<\/ol>\n<p>Voc\u00ea pode usar seu navegador de internet para excluir cookies automaticamente ou manualmente. Voc\u00ea tamb\u00e9m pode especificar que certos cookies podem n\u00e3o ser inseridos. Outra op\u00e7\u00e3o \u00e9 alterar as configura\u00e7\u00f5es do seu navegador para que voc\u00ea receba uma mensagem cada vez que um cookie \u00e9 inserido. Para obter mais informa\u00e7\u00f5es sobre essas op\u00e7\u00f5es, consulte as instru\u00e7\u00f5es na se\u00e7\u00e3o Ajuda do seu navegador.<\/p>\n<p>Please note that our website may not work properly if all cookies are disabled. If you do delete the cookies in your browser, they will be placed again after your consent when you visit our website again.<\/p>\n<ol start=\"8\">\n<li>Seus direitos em rela\u00e7\u00e3o aos dados pessoais<\/li>\n<\/ol>\n<p>Voc\u00ea tem os seguintes direitos em rela\u00e7\u00e3o aos seus dados pessoais:<\/p>\n<ul>\n<li>confirma\u00e7\u00e3o da exist\u00eancia de processamento;<\/li>\n<li>acesso aos dados;<\/li>\n<li>corre\u00e7\u00e3o de dados incompletos, imprecisos ou desatualizados;<\/li>\n<li>anonimiza\u00e7\u00e3o, bloqueio ou exclus\u00e3o de dados desnecess\u00e1rios, excessivos ou processados em desacordo com as disposi\u00e7\u00f5es da Lei Geral de Prote\u00e7\u00e3o de Dados Pessoais (LGPD);<\/li>\n<li>portabilidade dos dados para outro prestador de servi\u00e7os ou produtos, mediante pedido expresso, nos termos da regulamenta\u00e7\u00e3o da autoridade nacional, respeitando os segredos comerciais e industriais;<\/li>\n<li>elimina\u00e7\u00e3o dos dados pessoais tratados com o consentimento do titular, salvo nos casos previstos no art. 16 da Lei Geral de Prote\u00e7\u00e3o de Dados Pessoais (LGPD);<\/li>\n<li>informa\u00e7\u00f5es sobre entidades p\u00fablicas e privadas com as quais o controlador compartilhou dados;<\/li>\n<li>informa\u00e7\u00f5es sobre a possibilidade de n\u00e3o consentimento e sobre as consequ\u00eancias da nega\u00e7\u00e3o.<\/li>\n<\/ul>\n<p>Para exercer esses direitos, entre em contato conosco. Consulte os detalhes de contato no final desta Pol\u00edtica de Cookies. Se voc\u00ea tem uma reclama\u00e7\u00e3o sobre como lidamos com seus dados, gostar\u00edamos de ouvi-la, mas voc\u00ea tamb\u00e9m tem o direito de enviar uma reclama\u00e7\u00e3o \u00e0 Autoridade Nacional de Prote\u00e7\u00e3o de Dados (ANPD):<\/p>\n<p>Autoridade Nacional de Prote\u00e7\u00e3o de Dados<\/p>\n<p>Esplanada dos Minist\u00e9rios,<br \/>\nBloco C,<br \/>\n2\u00ba andar,<br \/>\nCEP 70297-400 &#8211; Bras\u00edlia \u2013 DF.<br \/>\n<a href=\"https:\/\/www.gov.br\/anpd\/pt-br\/canais_atendimento\/\">Website<\/a><\/p>\n<ol start=\"9\">\n<li>Detalhes de contato<\/li>\n<\/ol>\n<p>Para perguntas e\/ou coment\u00e1rios sobre nossa Pol\u00edtica de Cookies e esta declara\u00e7\u00e3o, entre em contato conosco usando os seguintes detalhes de contato:<\/p>\n<p>Nutritotal<br \/>\nRua Maestro Cardim, 1191, Conj. 24<br \/>\nLiberdade, S\u00e3o Paulo \u2013 SP<br \/>\nCEP 01323-001<br \/>\nBrasil<br \/>\nWebsite:\u00a0<a href=\"https:\/\/nutritotal.com.br\/pro\/\">https:\/\/nutritotal.com.br\/pro\/<\/a><br \/>\nE-mail:\u00a0faleconosco@nutritotal.com.br<br \/>\nN\u00famero de telefone: (11) 3284-6318<\/p>\n","protected":false},"excerpt":{"rendered":"<p>Introdu\u00e7\u00e3o Nosso site,\u00a0https:\/\/nutritotal.com.br\/pro\/\u00a0usa cookies e outras tecnologias relacionadas (por conveni\u00eancia todas as tecnologias s\u00e3o referidas como &#8220;cookies&#8221;). Os cookies tamb\u00e9m s\u00e3o inseridos por terceiros que contratamos. No documento abaixo informamos sobre o uso de cookies em nosso site. O que s\u00e3o cookies? Um cookie \u00e9 um arquivo pequeno e simples que \u00e9 enviado junto com [&hellip;]<\/p>\n","protected":false},"author":115954,"featured_media":0,"parent":0,"menu_order":0,"comment_status":"closed","ping_status":"closed","template":"","meta":{"_acf_changed":false,"footnotes":""},"acf":[],"yoast_head":"<!-- This site is optimized with the Yoast SEO plugin v23.5 - https:\/\/yoast.com\/wordpress\/plugins\/seo\/ -->\n<title>Pol\u00edtica de Cookies - Nutritotal PRO<\/title>\n<meta name=\"robots\" content=\"index, follow, max-snippet:-1, max-image-preview:large, max-video-preview:-1\" \/>\n<link rel=\"canonical\" href=\"https:\/\/nutritotal.com.br\/pro\/politica-de-cookies\/\" \/>\n<meta property=\"og:locale\" content=\"pt_BR\" \/>\n<meta property=\"og:type\" content=\"article\" \/>\n<meta property=\"og:title\" content=\"Pol\u00edtica de Cookies - Nutritotal PRO\" \/>\n<meta property=\"og:description\" content=\"Introdu\u00e7\u00e3o Nosso site,\u00a0https:\/\/nutritotal.com.br\/pro\/\u00a0usa cookies e outras tecnologias relacionadas (por conveni\u00eancia todas as tecnologias s\u00e3o referidas como &#8220;cookies&#8221;). Os cookies tamb\u00e9m s\u00e3o inseridos por terceiros que contratamos. No documento abaixo informamos sobre o uso de cookies em nosso site. O que s\u00e3o cookies? Um cookie \u00e9 um arquivo pequeno e simples que \u00e9 enviado junto com [&hellip;]\" \/>\n<meta property=\"og:url\" content=\"https:\/\/nutritotal.com.br\/pro\/politica-de-cookies\/\" \/>\n<meta property=\"og:site_name\" content=\"Nutritotal PRO\" \/>\n<meta property=\"article:publisher\" content=\"https:\/\/www.facebook.com\/nutritotalPRO\/\" \/>\n<meta property=\"article:modified_time\" content=\"2024-08-20T20:08:43+00:00\" \/>\n<meta name=\"twitter:card\" content=\"summary_large_image\" \/>\n<meta name=\"twitter:label1\" content=\"Est. tempo de leitura\" \/>\n\t<meta name=\"twitter:data1\" content=\"5 minutos\" \/>\n<script type=\"application\/ld+json\" class=\"yoast-schema-graph\">{\"@context\":\"https:\/\/schema.org\",\"@graph\":[{\"@type\":\"WebPage\",\"@id\":\"https:\/\/nutritotal.com.br\/pro\/politica-de-cookies\/\",\"url\":\"https:\/\/nutritotal.com.br\/pro\/politica-de-cookies\/\",\"name\":\"Pol\u00edtica de Cookies - Nutritotal PRO\",\"isPartOf\":{\"@id\":\"https:\/\/nutritotal.com.br\/pro\/#website\"},\"datePublished\":\"2024-08-02T19:27:10+00:00\",\"dateModified\":\"2024-08-20T20:08:43+00:00\",\"breadcrumb\":{\"@id\":\"https:\/\/nutritotal.com.br\/pro\/politica-de-cookies\/#breadcrumb\"},\"inLanguage\":\"pt-BR\",\"potentialAction\":[{\"@type\":\"ReadAction\",\"target\":[\"https:\/\/nutritotal.com.br\/pro\/politica-de-cookies\/\"]}]},{\"@type\":\"BreadcrumbList\",\"@id\":\"https:\/\/nutritotal.com.br\/pro\/politica-de-cookies\/#breadcrumb\",\"itemListElement\":[{\"@type\":\"ListItem\",\"position\":1,\"name\":\"Home\",\"item\":\"https:\/\/nutritotal.com.br\/pro\/\"},{\"@type\":\"ListItem\",\"position\":2,\"name\":\"Pol\u00edtica de Cookies\"}]},{\"@type\":\"WebSite\",\"@id\":\"https:\/\/nutritotal.com.br\/pro\/#website\",\"url\":\"https:\/\/nutritotal.com.br\/pro\/\",\"name\":\"Nutritotal PRO\",\"description\":\"\",\"publisher\":{\"@id\":\"https:\/\/nutritotal.com.br\/pro\/#organization\"},\"potentialAction\":[{\"@type\":\"SearchAction\",\"target\":{\"@type\":\"EntryPoint\",\"urlTemplate\":\"https:\/\/nutritotal.com.br\/pro\/?s={search_term_string}\"},\"query-input\":{\"@type\":\"PropertyValueSpecification\",\"valueRequired\":true,\"valueName\":\"search_term_string\"}}],\"inLanguage\":\"pt-BR\"},{\"@type\":\"Organization\",\"@id\":\"https:\/\/nutritotal.com.br\/pro\/#organization\",\"name\":\"Nutri Total\",\"url\":\"https:\/\/nutritotal.com.br\/pro\/\",\"logo\":{\"@type\":\"ImageObject\",\"inLanguage\":\"pt-BR\",\"@id\":\"https:\/\/nutritotal.com.br\/pro\/#\/schema\/logo\/image\/\",\"url\":\"https:\/\/nutritotal.com.br\/pro\/wp-content\/uploads\/2022\/12\/Nutritotal-Pro-Vertical-02.png\",\"contentUrl\":\"https:\/\/nutritotal.com.br\/pro\/wp-content\/uploads\/2022\/12\/Nutritotal-Pro-Vertical-02.png\",\"width\":426,\"height\":426,\"caption\":\"Nutri Total\"},\"image\":{\"@id\":\"https:\/\/nutritotal.com.br\/pro\/#\/schema\/logo\/image\/\"},\"sameAs\":[\"https:\/\/www.facebook.com\/nutritotalPRO\/\",\"https:\/\/www.instagram.com\/nutritotalpro\/\",\"https:\/\/www.youtube.com\/channel\/UCf01IyXkHLYUDGG0-XHR-YA\"]}]}<\/script>\n<!-- \/ Yoast SEO plugin. -->","yoast_head_json":{"title":"Pol\u00edtica de Cookies - Nutritotal PRO","robots":{"index":"index","follow":"follow","max-snippet":"max-snippet:-1","max-image-preview":"max-image-preview:large","max-video-preview":"max-video-preview:-1"},"canonical":"https:\/\/nutritotal.com.br\/pro\/politica-de-cookies\/","og_locale":"pt_BR","og_type":"article","og_title":"Pol\u00edtica de Cookies - Nutritotal PRO","og_description":"Introdu\u00e7\u00e3o Nosso site,\u00a0https:\/\/nutritotal.com.br\/pro\/\u00a0usa cookies e outras tecnologias relacionadas (por conveni\u00eancia todas as tecnologias s\u00e3o referidas como &#8220;cookies&#8221;). Os cookies tamb\u00e9m s\u00e3o inseridos por terceiros que contratamos. No documento abaixo informamos sobre o uso de cookies em nosso site. O que s\u00e3o cookies? Um cookie \u00e9 um arquivo pequeno e simples que \u00e9 enviado junto com [&hellip;]","og_url":"https:\/\/nutritotal.com.br\/pro\/politica-de-cookies\/","og_site_name":"Nutritotal PRO","article_publisher":"https:\/\/www.facebook.com\/nutritotalPRO\/","article_modified_time":"2024-08-20T20:08:43+00:00","twitter_card":"summary_large_image","twitter_misc":{"Est. tempo de leitura":"5 minutos"},"schema":{"@context":"https:\/\/schema.org","@graph":[{"@type":"WebPage","@id":"https:\/\/nutritotal.com.br\/pro\/politica-de-cookies\/","url":"https:\/\/nutritotal.com.br\/pro\/politica-de-cookies\/","name":"Pol\u00edtica de Cookies - Nutritotal PRO","isPartOf":{"@id":"https:\/\/nutritotal.com.br\/pro\/#website"},"datePublished":"2024-08-02T19:27:10+00:00","dateModified":"2024-08-20T20:08:43+00:00","breadcrumb":{"@id":"https:\/\/nutritotal.com.br\/pro\/politica-de-cookies\/#breadcrumb"},"inLanguage":"pt-BR","potentialAction":[{"@type":"ReadAction","target":["https:\/\/nutritotal.com.br\/pro\/politica-de-cookies\/"]}]},{"@type":"BreadcrumbList","@id":"https:\/\/nutritotal.com.br\/pro\/politica-de-cookies\/#breadcrumb","itemListElement":[{"@type":"ListItem","position":1,"name":"Home","item":"https:\/\/nutritotal.com.br\/pro\/"},{"@type":"ListItem","position":2,"name":"Pol\u00edtica de Cookies"}]},{"@type":"WebSite","@id":"https:\/\/nutritotal.com.br\/pro\/#website","url":"https:\/\/nutritotal.com.br\/pro\/","name":"Nutritotal PRO","description":"","publisher":{"@id":"https:\/\/nutritotal.com.br\/pro\/#organization"},"potentialAction":[{"@type":"SearchAction","target":{"@type":"EntryPoint","urlTemplate":"https:\/\/nutritotal.com.br\/pro\/?s={search_term_string}"},"query-input":{"@type":"PropertyValueSpecification","valueRequired":true,"valueName":"search_term_string"}}],"inLanguage":"pt-BR"},{"@type":"Organization","@id":"https:\/\/nutritotal.com.br\/pro\/#organization","name":"Nutri Total","url":"https:\/\/nutritotal.com.br\/pro\/","logo":{"@type":"ImageObject","inLanguage":"pt-BR","@id":"https:\/\/nutritotal.com.br\/pro\/#\/schema\/logo\/image\/","url":"https:\/\/nutritotal.com.br\/pro\/wp-content\/uploads\/2022\/12\/Nutritotal-Pro-Vertical-02.png","contentUrl":"https:\/\/nutritotal.com.br\/pro\/wp-content\/uploads\/2022\/12\/Nutritotal-Pro-Vertical-02.png","width":426,"height":426,"caption":"Nutri Total"},"image":{"@id":"https:\/\/nutritotal.com.br\/pro\/#\/schema\/logo\/image\/"},"sameAs":["https:\/\/www.facebook.com\/nutritotalPRO\/","https:\/\/www.instagram.com\/nutritotalpro\/","https:\/\/www.youtube.com\/channel\/UCf01IyXkHLYUDGG0-XHR-YA"]}]}},"amp_enabled":true,"_links":{"self":[{"href":"https:\/\/nutritotal.com.br\/pro\/wp-json\/wp\/v2\/pages\/64550"}],"collection":[{"href":"https:\/\/nutritotal.com.br\/pro\/wp-json\/wp\/v2\/pages"}],"about":[{"href":"https:\/\/nutritotal.com.br\/pro\/wp-json\/wp\/v2\/types\/page"}],"author":[{"embeddable":true,"href":"https:\/\/nutritotal.com.br\/pro\/wp-json\/wp\/v2\/users\/115954"}],"replies":[{"embeddable":true,"href":"https:\/\/nutritotal.com.br\/pro\/wp-json\/wp\/v2\/comments?post=64550"}],"version-history":[{"count":5,"href":"https:\/\/nutritotal.com.br\/pro\/wp-json\/wp\/v2\/pages\/64550\/revisions"}],"predecessor-version":[{"id":64556,"href":"https:\/\/nutritotal.com.br\/pro\/wp-json\/wp\/v2\/pages\/64550\/revisions\/64556"}],"wp:attachment":[{"href":"https:\/\/nutritotal.com.br\/pro\/wp-json\/wp\/v2\/media?parent=64550"}],"curies":[{"name":"wp","href":"https:\/\/api.w.org\/{rel}","templated":true}]}}