
{"id":89,"date":"2018-11-12T10:45:39","date_gmt":"2018-11-12T12:45:39","guid":{"rendered":"https:\/\/nutritotal.com.br\/pro\/?page_id=89"},"modified":"2021-09-29T09:30:15","modified_gmt":"2021-09-29T12:30:15","slug":"materiais","status":"publish","type":"page","link":"https:\/\/nutritotal.com.br\/pro\/materiais\/","title":{"rendered":"Materiais"},"content":{"rendered":"","protected":false},"excerpt":{"rendered":"","protected":false},"author":1,"featured_media":0,"parent":0,"menu_order":0,"comment_status":"closed","ping_status":"closed","template":"page-materiais.php","meta":{"_acf_changed":false,"footnotes":""},"acf":[],"yoast_head":"<!-- This site is optimized with the Yoast SEO plugin v23.5 - https:\/\/yoast.com\/wordpress\/plugins\/seo\/ -->\n<title>Conte\u00fados e materiais sobre nutri\u00e7\u00e3o | Nutritotal PRO<\/title>\n<meta name=\"description\" content=\"Esta p\u00e1gina \u00e9 direcionada aos profissionais da nutri\u00e7\u00e3o e cont\u00e9m conte\u00fados ricos e materiais importantes sobre nutri\u00e7\u00e3o. Clique e n\u00e3o fique de fora.\" \/>\n<meta name=\"robots\" content=\"index, follow, max-snippet:-1, max-image-preview:large, max-video-preview:-1\" \/>\n<link rel=\"canonical\" href=\"https:\/\/nutritotal.com.br\/pro\/materiais\/\" \/>\n<meta property=\"og:locale\" content=\"pt_BR\" \/>\n<meta property=\"og:type\" content=\"article\" \/>\n<meta property=\"og:title\" content=\"Conte\u00fados e materiais sobre nutri\u00e7\u00e3o | Nutritotal PRO\" \/>\n<meta property=\"og:description\" content=\"Esta p\u00e1gina \u00e9 direcionada aos profissionais da nutri\u00e7\u00e3o e cont\u00e9m conte\u00fados ricos e materiais importantes sobre nutri\u00e7\u00e3o. Clique e n\u00e3o fique de fora.\" \/>\n<meta property=\"og:url\" content=\"https:\/\/nutritotal.com.br\/pro\/materiais\/\" \/>\n<meta property=\"og:site_name\" content=\"Nutritotal PRO\" \/>\n<meta property=\"article:publisher\" content=\"https:\/\/www.facebook.com\/nutritotalPRO\/\" \/>\n<meta property=\"article:modified_time\" content=\"2021-09-29T12:30:15+00:00\" \/>\n<meta name=\"twitter:card\" content=\"summary_large_image\" \/>\n<script type=\"application\/ld+json\" class=\"yoast-schema-graph\">{\"@context\":\"https:\/\/schema.org\",\"@graph\":[{\"@type\":\"WebPage\",\"@id\":\"https:\/\/nutritotal.com.br\/pro\/materiais\/\",\"url\":\"https:\/\/nutritotal.com.br\/pro\/materiais\/\",\"name\":\"Conte\u00fados e materiais sobre nutri\u00e7\u00e3o | Nutritotal PRO\",\"isPartOf\":{\"@id\":\"https:\/\/nutritotal.com.br\/pro\/#website\"},\"datePublished\":\"2018-11-12T12:45:39+00:00\",\"dateModified\":\"2021-09-29T12:30:15+00:00\",\"description\":\"Esta p\u00e1gina \u00e9 direcionada aos profissionais da nutri\u00e7\u00e3o e cont\u00e9m conte\u00fados ricos e materiais importantes sobre nutri\u00e7\u00e3o. Clique e n\u00e3o fique de fora.\",\"breadcrumb\":{\"@id\":\"https:\/\/nutritotal.com.br\/pro\/materiais\/#breadcrumb\"},\"inLanguage\":\"pt-BR\",\"potentialAction\":[{\"@type\":\"ReadAction\",\"target\":[\"https:\/\/nutritotal.com.br\/pro\/materiais\/\"]}]},{\"@type\":\"BreadcrumbList\",\"@id\":\"https:\/\/nutritotal.com.br\/pro\/materiais\/#breadcrumb\",\"itemListElement\":[{\"@type\":\"ListItem\",\"position\":1,\"name\":\"Home\",\"item\":\"https:\/\/nutritotal.com.br\/pro\/\"},{\"@type\":\"ListItem\",\"position\":2,\"name\":\"Materiais\"}]},{\"@type\":\"WebSite\",\"@id\":\"https:\/\/nutritotal.com.br\/pro\/#website\",\"url\":\"https:\/\/nutritotal.com.br\/pro\/\",\"name\":\"Nutritotal PRO\",\"description\":\"\",\"publisher\":{\"@id\":\"https:\/\/nutritotal.com.br\/pro\/#organization\"},\"potentialAction\":[{\"@type\":\"SearchAction\",\"target\":{\"@type\":\"EntryPoint\",\"urlTemplate\":\"https:\/\/nutritotal.com.br\/pro\/?s={search_term_string}\"},\"query-input\":{\"@type\":\"PropertyValueSpecification\",\"valueRequired\":true,\"valueName\":\"search_term_string\"}}],\"inLanguage\":\"pt-BR\"},{\"@type\":\"Organization\",\"@id\":\"https:\/\/nutritotal.com.br\/pro\/#organization\",\"name\":\"Nutri Total\",\"url\":\"https:\/\/nutritotal.com.br\/pro\/\",\"logo\":{\"@type\":\"ImageObject\",\"inLanguage\":\"pt-BR\",\"@id\":\"https:\/\/nutritotal.com.br\/pro\/#\/schema\/logo\/image\/\",\"url\":\"https:\/\/nutritotal.com.br\/pro\/wp-content\/uploads\/2022\/12\/Nutritotal-Pro-Vertical-02.png\",\"contentUrl\":\"https:\/\/nutritotal.com.br\/pro\/wp-content\/uploads\/2022\/12\/Nutritotal-Pro-Vertical-02.png\",\"width\":426,\"height\":426,\"caption\":\"Nutri Total\"},\"image\":{\"@id\":\"https:\/\/nutritotal.com.br\/pro\/#\/schema\/logo\/image\/\"},\"sameAs\":[\"https:\/\/www.facebook.com\/nutritotalPRO\/\",\"https:\/\/www.instagram.com\/nutritotalpro\/\",\"https:\/\/www.youtube.com\/channel\/UCf01IyXkHLYUDGG0-XHR-YA\"]}]}<\/script>\n<!-- \/ Yoast SEO plugin. -->","yoast_head_json":{"title":"Conte\u00fados e materiais sobre nutri\u00e7\u00e3o | Nutritotal PRO","description":"Esta p\u00e1gina \u00e9 direcionada aos profissionais da nutri\u00e7\u00e3o e cont\u00e9m conte\u00fados ricos e materiais importantes sobre nutri\u00e7\u00e3o. Clique e n\u00e3o fique de fora.","robots":{"index":"index","follow":"follow","max-snippet":"max-snippet:-1","max-image-preview":"max-image-preview:large","max-video-preview":"max-video-preview:-1"},"canonical":"https:\/\/nutritotal.com.br\/pro\/materiais\/","og_locale":"pt_BR","og_type":"article","og_title":"Conte\u00fados e materiais sobre nutri\u00e7\u00e3o | Nutritotal PRO","og_description":"Esta p\u00e1gina \u00e9 direcionada aos profissionais da nutri\u00e7\u00e3o e cont\u00e9m conte\u00fados ricos e materiais importantes sobre nutri\u00e7\u00e3o. Clique e n\u00e3o fique de fora.","og_url":"https:\/\/nutritotal.com.br\/pro\/materiais\/","og_site_name":"Nutritotal PRO","article_publisher":"https:\/\/www.facebook.com\/nutritotalPRO\/","article_modified_time":"2021-09-29T12:30:15+00:00","twitter_card":"summary_large_image","schema":{"@context":"https:\/\/schema.org","@graph":[{"@type":"WebPage","@id":"https:\/\/nutritotal.com.br\/pro\/materiais\/","url":"https:\/\/nutritotal.com.br\/pro\/materiais\/","name":"Conte\u00fados e materiais sobre nutri\u00e7\u00e3o | Nutritotal PRO","isPartOf":{"@id":"https:\/\/nutritotal.com.br\/pro\/#website"},"datePublished":"2018-11-12T12:45:39+00:00","dateModified":"2021-09-29T12:30:15+00:00","description":"Esta p\u00e1gina \u00e9 direcionada aos profissionais da nutri\u00e7\u00e3o e cont\u00e9m conte\u00fados ricos e materiais importantes sobre nutri\u00e7\u00e3o. Clique e n\u00e3o fique de fora.","breadcrumb":{"@id":"https:\/\/nutritotal.com.br\/pro\/materiais\/#breadcrumb"},"inLanguage":"pt-BR","potentialAction":[{"@type":"ReadAction","target":["https:\/\/nutritotal.com.br\/pro\/materiais\/"]}]},{"@type":"BreadcrumbList","@id":"https:\/\/nutritotal.com.br\/pro\/materiais\/#breadcrumb","itemListElement":[{"@type":"ListItem","position":1,"name":"Home","item":"https:\/\/nutritotal.com.br\/pro\/"},{"@type":"ListItem","position":2,"name":"Materiais"}]},{"@type":"WebSite","@id":"https:\/\/nutritotal.com.br\/pro\/#website","url":"https:\/\/nutritotal.com.br\/pro\/","name":"Nutritotal PRO","description":"","publisher":{"@id":"https:\/\/nutritotal.com.br\/pro\/#organization"},"potentialAction":[{"@type":"SearchAction","target":{"@type":"EntryPoint","urlTemplate":"https:\/\/nutritotal.com.br\/pro\/?s={search_term_string}"},"query-input":{"@type":"PropertyValueSpecification","valueRequired":true,"valueName":"search_term_string"}}],"inLanguage":"pt-BR"},{"@type":"Organization","@id":"https:\/\/nutritotal.com.br\/pro\/#organization","name":"Nutri Total","url":"https:\/\/nutritotal.com.br\/pro\/","logo":{"@type":"ImageObject","inLanguage":"pt-BR","@id":"https:\/\/nutritotal.com.br\/pro\/#\/schema\/logo\/image\/","url":"https:\/\/nutritotal.com.br\/pro\/wp-content\/uploads\/2022\/12\/Nutritotal-Pro-Vertical-02.png","contentUrl":"https:\/\/nutritotal.com.br\/pro\/wp-content\/uploads\/2022\/12\/Nutritotal-Pro-Vertical-02.png","width":426,"height":426,"caption":"Nutri Total"},"image":{"@id":"https:\/\/nutritotal.com.br\/pro\/#\/schema\/logo\/image\/"},"sameAs":["https:\/\/www.facebook.com\/nutritotalPRO\/","https:\/\/www.instagram.com\/nutritotalpro\/","https:\/\/www.youtube.com\/channel\/UCf01IyXkHLYUDGG0-XHR-YA"]}]}},"amp_enabled":false,"_links":{"self":[{"href":"https:\/\/nutritotal.com.br\/pro\/wp-json\/wp\/v2\/pages\/89"}],"collection":[{"href":"https:\/\/nutritotal.com.br\/pro\/wp-json\/wp\/v2\/pages"}],"about":[{"href":"https:\/\/nutritotal.com.br\/pro\/wp-json\/wp\/v2\/types\/page"}],"author":[{"embeddable":true,"href":"https:\/\/nutritotal.com.br\/pro\/wp-json\/wp\/v2\/users\/1"}],"replies":[{"embeddable":true,"href":"https:\/\/nutritotal.com.br\/pro\/wp-json\/wp\/v2\/comments?post=89"}],"version-history":[{"count":0,"href":"https:\/\/nutritotal.com.br\/pro\/wp-json\/wp\/v2\/pages\/89\/revisions"}],"wp:attachment":[{"href":"https:\/\/nutritotal.com.br\/pro\/wp-json\/wp\/v2\/media?parent=89"}],"curies":[{"name":"wp","href":"https:\/\/api.w.org\/{rel}","templated":true}]}}