{"id":146,"date":"2018-11-08T11:43:52","date_gmt":"2018-11-08T13:43:52","guid":{"rendered":"https:\/\/nutritotal.com.br\/4u\/?page_id=146"},"modified":"2021-10-26T14:11:43","modified_gmt":"2021-10-26T17:11:43","slug":"institucional","status":"publish","type":"page","link":"https:\/\/nutritotal.com.br\/publico-geral\/institucional\/","title":{"rendered":"Institucional"},"content":{"rendered":"","protected":false},"excerpt":{"rendered":"","protected":false},"author":1,"featured_media":0,"parent":0,"menu_order":0,"comment_status":"closed","ping_status":"closed","template":"","meta":{"_acf_changed":false,"footnotes":""},"acf":[],"yoast_head":"<!-- This site is optimized with the Yoast SEO plugin v23.5 - https:\/\/yoast.com\/wordpress\/plugins\/seo\/ -->\n<title>P\u00e1gina Institucional \u2013 Nutritotal | Nutritotal para todos<\/title>\n<meta name=\"description\" content=\"O Nutritotal para todos merece uma vaga na sua lista de sites de nutri\u00e7\u00e3o confi\u00e1veis. Clique, acesse e conhe\u00e7a nossa hist\u00f3ria, pol\u00edtica e equipe!\" \/>\n<meta name=\"robots\" content=\"index, follow, max-snippet:-1, max-image-preview:large, max-video-preview:-1\" \/>\n<link rel=\"canonical\" href=\"https:\/\/nutritotal.com.br\/publico-geral\/institucional\/\" \/>\n<meta property=\"og:locale\" content=\"pt_BR\" \/>\n<meta property=\"og:type\" content=\"article\" \/>\n<meta property=\"og:title\" content=\"P\u00e1gina Institucional \u2013 Nutritotal | Nutritotal para todos\" \/>\n<meta property=\"og:description\" content=\"O Nutritotal para todos merece uma vaga na sua lista de sites de nutri\u00e7\u00e3o confi\u00e1veis. Clique, acesse e conhe\u00e7a nossa hist\u00f3ria, pol\u00edtica e equipe!\" \/>\n<meta property=\"og:url\" content=\"https:\/\/nutritotal.com.br\/publico-geral\/institucional\/\" \/>\n<meta property=\"og:site_name\" content=\"Nutritotal Para todos\" \/>\n<meta property=\"article:modified_time\" content=\"2021-10-26T17:11:43+00:00\" \/>\n<meta name=\"twitter:card\" content=\"summary_large_image\" \/>\n<script type=\"application\/ld+json\" class=\"yoast-schema-graph\">{\"@context\":\"https:\/\/schema.org\",\"@graph\":[{\"@type\":\"WebPage\",\"@id\":\"https:\/\/nutritotal.com.br\/publico-geral\/institucional\/\",\"url\":\"https:\/\/nutritotal.com.br\/publico-geral\/institucional\/\",\"name\":\"P\u00e1gina Institucional \u2013 Nutritotal | Nutritotal para todos\",\"isPartOf\":{\"@id\":\"https:\/\/nutritotal.com.br\/publico-geral\/#website\"},\"datePublished\":\"2018-11-08T13:43:52+00:00\",\"dateModified\":\"2021-10-26T17:11:43+00:00\",\"description\":\"O Nutritotal para todos merece uma vaga na sua lista de sites de nutri\u00e7\u00e3o confi\u00e1veis. Clique, acesse e conhe\u00e7a nossa hist\u00f3ria, pol\u00edtica e equipe!\",\"breadcrumb\":{\"@id\":\"https:\/\/nutritotal.com.br\/publico-geral\/institucional\/#breadcrumb\"},\"inLanguage\":\"pt-BR\",\"potentialAction\":[{\"@type\":\"ReadAction\",\"target\":[\"https:\/\/nutritotal.com.br\/publico-geral\/institucional\/\"]}]},{\"@type\":\"BreadcrumbList\",\"@id\":\"https:\/\/nutritotal.com.br\/publico-geral\/institucional\/#breadcrumb\",\"itemListElement\":[{\"@type\":\"ListItem\",\"position\":1,\"name\":\"Home\",\"item\":\"https:\/\/nutritotal.com.br\/publico-geral\/\"},{\"@type\":\"ListItem\",\"position\":2,\"name\":\"Institucional\"}]},{\"@type\":\"WebSite\",\"@id\":\"https:\/\/nutritotal.com.br\/publico-geral\/#website\",\"url\":\"https:\/\/nutritotal.com.br\/publico-geral\/\",\"name\":\"Nutritotal Para todos\",\"description\":\"\",\"potentialAction\":[{\"@type\":\"SearchAction\",\"target\":{\"@type\":\"EntryPoint\",\"urlTemplate\":\"https:\/\/nutritotal.com.br\/publico-geral\/?s={search_term_string}\"},\"query-input\":{\"@type\":\"PropertyValueSpecification\",\"valueRequired\":true,\"valueName\":\"search_term_string\"}}],\"inLanguage\":\"pt-BR\"}]}<\/script>\n<!-- \/ Yoast SEO plugin. -->","yoast_head_json":{"title":"P\u00e1gina Institucional \u2013 Nutritotal | Nutritotal para todos","description":"O Nutritotal para todos merece uma vaga na sua lista de sites de nutri\u00e7\u00e3o confi\u00e1veis. Clique, acesse e conhe\u00e7a nossa hist\u00f3ria, pol\u00edtica e equipe!","robots":{"index":"index","follow":"follow","max-snippet":"max-snippet:-1","max-image-preview":"max-image-preview:large","max-video-preview":"max-video-preview:-1"},"canonical":"https:\/\/nutritotal.com.br\/publico-geral\/institucional\/","og_locale":"pt_BR","og_type":"article","og_title":"P\u00e1gina Institucional \u2013 Nutritotal | Nutritotal para todos","og_description":"O Nutritotal para todos merece uma vaga na sua lista de sites de nutri\u00e7\u00e3o confi\u00e1veis. Clique, acesse e conhe\u00e7a nossa hist\u00f3ria, pol\u00edtica e equipe!","og_url":"https:\/\/nutritotal.com.br\/publico-geral\/institucional\/","og_site_name":"Nutritotal Para todos","article_modified_time":"2021-10-26T17:11:43+00:00","twitter_card":"summary_large_image","schema":{"@context":"https:\/\/schema.org","@graph":[{"@type":"WebPage","@id":"https:\/\/nutritotal.com.br\/publico-geral\/institucional\/","url":"https:\/\/nutritotal.com.br\/publico-geral\/institucional\/","name":"P\u00e1gina Institucional \u2013 Nutritotal | Nutritotal para todos","isPartOf":{"@id":"https:\/\/nutritotal.com.br\/publico-geral\/#website"},"datePublished":"2018-11-08T13:43:52+00:00","dateModified":"2021-10-26T17:11:43+00:00","description":"O Nutritotal para todos merece uma vaga na sua lista de sites de nutri\u00e7\u00e3o confi\u00e1veis. Clique, acesse e conhe\u00e7a nossa hist\u00f3ria, pol\u00edtica e equipe!","breadcrumb":{"@id":"https:\/\/nutritotal.com.br\/publico-geral\/institucional\/#breadcrumb"},"inLanguage":"pt-BR","potentialAction":[{"@type":"ReadAction","target":["https:\/\/nutritotal.com.br\/publico-geral\/institucional\/"]}]},{"@type":"BreadcrumbList","@id":"https:\/\/nutritotal.com.br\/publico-geral\/institucional\/#breadcrumb","itemListElement":[{"@type":"ListItem","position":1,"name":"Home","item":"https:\/\/nutritotal.com.br\/publico-geral\/"},{"@type":"ListItem","position":2,"name":"Institucional"}]},{"@type":"WebSite","@id":"https:\/\/nutritotal.com.br\/publico-geral\/#website","url":"https:\/\/nutritotal.com.br\/publico-geral\/","name":"Nutritotal Para todos","description":"","potentialAction":[{"@type":"SearchAction","target":{"@type":"EntryPoint","urlTemplate":"https:\/\/nutritotal.com.br\/publico-geral\/?s={search_term_string}"},"query-input":{"@type":"PropertyValueSpecification","valueRequired":true,"valueName":"search_term_string"}}],"inLanguage":"pt-BR"}]}},"amp_enabled":true,"_links":{"self":[{"href":"https:\/\/nutritotal.com.br\/publico-geral\/wp-json\/wp\/v2\/pages\/146"}],"collection":[{"href":"https:\/\/nutritotal.com.br\/publico-geral\/wp-json\/wp\/v2\/pages"}],"about":[{"href":"https:\/\/nutritotal.com.br\/publico-geral\/wp-json\/wp\/v2\/types\/page"}],"author":[{"embeddable":true,"href":"https:\/\/nutritotal.com.br\/publico-geral\/wp-json\/wp\/v2\/users\/1"}],"replies":[{"embeddable":true,"href":"https:\/\/nutritotal.com.br\/publico-geral\/wp-json\/wp\/v2\/comments?post=146"}],"version-history":[{"count":0,"href":"https:\/\/nutritotal.com.br\/publico-geral\/wp-json\/wp\/v2\/pages\/146\/revisions"}],"wp:attachment":[{"href":"https:\/\/nutritotal.com.br\/publico-geral\/wp-json\/wp\/v2\/media?parent=146"}],"curies":[{"name":"wp","href":"https:\/\/api.w.org\/{rel}","templated":true}]}}