{"id":178,"date":"2018-11-09T10:33:21","date_gmt":"2018-11-09T12:33:21","guid":{"rendered":"https:\/\/nutritotal.com.br\/4u\/?page_id=178"},"modified":"2021-09-29T10:14:01","modified_gmt":"2021-09-29T13:14:01","slug":"noticias","status":"publish","type":"page","link":"https:\/\/nutritotal.com.br\/publico-geral\/noticias\/","title":{"rendered":"Not\u00edcias"},"content":{"rendered":"","protected":false},"excerpt":{"rendered":"","protected":false},"author":1,"featured_media":0,"parent":0,"menu_order":0,"comment_status":"closed","ping_status":"closed","template":"page-noticias.php","meta":{"_acf_changed":false,"footnotes":""},"acf":[],"yoast_head":"<!-- This site is optimized with the Yoast SEO plugin v23.5 - https:\/\/yoast.com\/wordpress\/plugins\/seo\/ -->\n<title>Informa\u00e7\u00f5es e not\u00edcias nutricionais | Nutritotal para todos<\/title>\n<meta name=\"description\" content=\"Acompanhe pelas not\u00edcias do Nutritotal Para Todos as \u00faltimas descobertas cient\u00edficas sobre nutri\u00e7\u00e3o e tudo que envolve alimenta\u00e7\u00e3o saud\u00e1vel.\" \/>\n<meta name=\"robots\" content=\"index, follow, max-snippet:-1, max-image-preview:large, max-video-preview:-1\" \/>\n<link rel=\"canonical\" href=\"https:\/\/nutritotal.com.br\/publico-geral\/noticias\/\" \/>\n<meta property=\"og:locale\" content=\"pt_BR\" \/>\n<meta property=\"og:type\" content=\"article\" \/>\n<meta property=\"og:title\" content=\"Informa\u00e7\u00f5es e not\u00edcias nutricionais | Nutritotal para todos\" \/>\n<meta property=\"og:description\" content=\"Acompanhe pelas not\u00edcias do Nutritotal Para Todos as \u00faltimas descobertas cient\u00edficas sobre nutri\u00e7\u00e3o e tudo que envolve alimenta\u00e7\u00e3o saud\u00e1vel.\" \/>\n<meta property=\"og:url\" content=\"https:\/\/nutritotal.com.br\/publico-geral\/noticias\/\" \/>\n<meta property=\"og:site_name\" content=\"Nutritotal Para todos\" \/>\n<meta property=\"article:modified_time\" content=\"2021-09-29T13:14:01+00:00\" \/>\n<meta name=\"twitter:card\" content=\"summary_large_image\" \/>\n<script type=\"application\/ld+json\" class=\"yoast-schema-graph\">{\"@context\":\"https:\/\/schema.org\",\"@graph\":[{\"@type\":\"WebPage\",\"@id\":\"https:\/\/nutritotal.com.br\/publico-geral\/noticias\/\",\"url\":\"https:\/\/nutritotal.com.br\/publico-geral\/noticias\/\",\"name\":\"Informa\u00e7\u00f5es e not\u00edcias nutricionais | Nutritotal para todos\",\"isPartOf\":{\"@id\":\"https:\/\/nutritotal.com.br\/publico-geral\/#website\"},\"datePublished\":\"2018-11-09T12:33:21+00:00\",\"dateModified\":\"2021-09-29T13:14:01+00:00\",\"description\":\"Acompanhe pelas not\u00edcias do Nutritotal Para Todos as \u00faltimas descobertas cient\u00edficas sobre nutri\u00e7\u00e3o e tudo que envolve alimenta\u00e7\u00e3o saud\u00e1vel.\",\"breadcrumb\":{\"@id\":\"https:\/\/nutritotal.com.br\/publico-geral\/noticias\/#breadcrumb\"},\"inLanguage\":\"pt-BR\",\"potentialAction\":[{\"@type\":\"ReadAction\",\"target\":[\"https:\/\/nutritotal.com.br\/publico-geral\/noticias\/\"]}]},{\"@type\":\"BreadcrumbList\",\"@id\":\"https:\/\/nutritotal.com.br\/publico-geral\/noticias\/#breadcrumb\",\"itemListElement\":[{\"@type\":\"ListItem\",\"position\":1,\"name\":\"Home\",\"item\":\"https:\/\/nutritotal.com.br\/publico-geral\/\"},{\"@type\":\"ListItem\",\"position\":2,\"name\":\"Not\u00edcias\"}]},{\"@type\":\"WebSite\",\"@id\":\"https:\/\/nutritotal.com.br\/publico-geral\/#website\",\"url\":\"https:\/\/nutritotal.com.br\/publico-geral\/\",\"name\":\"Nutritotal Para todos\",\"description\":\"\",\"potentialAction\":[{\"@type\":\"SearchAction\",\"target\":{\"@type\":\"EntryPoint\",\"urlTemplate\":\"https:\/\/nutritotal.com.br\/publico-geral\/?s={search_term_string}\"},\"query-input\":{\"@type\":\"PropertyValueSpecification\",\"valueRequired\":true,\"valueName\":\"search_term_string\"}}],\"inLanguage\":\"pt-BR\"}]}<\/script>\n<!-- \/ Yoast SEO plugin. -->","yoast_head_json":{"title":"Informa\u00e7\u00f5es e not\u00edcias nutricionais | Nutritotal para todos","description":"Acompanhe pelas not\u00edcias do Nutritotal Para Todos as \u00faltimas descobertas cient\u00edficas sobre nutri\u00e7\u00e3o e tudo que envolve alimenta\u00e7\u00e3o saud\u00e1vel.","robots":{"index":"index","follow":"follow","max-snippet":"max-snippet:-1","max-image-preview":"max-image-preview:large","max-video-preview":"max-video-preview:-1"},"canonical":"https:\/\/nutritotal.com.br\/publico-geral\/noticias\/","og_locale":"pt_BR","og_type":"article","og_title":"Informa\u00e7\u00f5es e not\u00edcias nutricionais | Nutritotal para todos","og_description":"Acompanhe pelas not\u00edcias do Nutritotal Para Todos as \u00faltimas descobertas cient\u00edficas sobre nutri\u00e7\u00e3o e tudo que envolve alimenta\u00e7\u00e3o saud\u00e1vel.","og_url":"https:\/\/nutritotal.com.br\/publico-geral\/noticias\/","og_site_name":"Nutritotal Para todos","article_modified_time":"2021-09-29T13:14:01+00:00","twitter_card":"summary_large_image","schema":{"@context":"https:\/\/schema.org","@graph":[{"@type":"WebPage","@id":"https:\/\/nutritotal.com.br\/publico-geral\/noticias\/","url":"https:\/\/nutritotal.com.br\/publico-geral\/noticias\/","name":"Informa\u00e7\u00f5es e not\u00edcias nutricionais | Nutritotal para todos","isPartOf":{"@id":"https:\/\/nutritotal.com.br\/publico-geral\/#website"},"datePublished":"2018-11-09T12:33:21+00:00","dateModified":"2021-09-29T13:14:01+00:00","description":"Acompanhe pelas not\u00edcias do Nutritotal Para Todos as \u00faltimas descobertas cient\u00edficas sobre nutri\u00e7\u00e3o e tudo que envolve alimenta\u00e7\u00e3o saud\u00e1vel.","breadcrumb":{"@id":"https:\/\/nutritotal.com.br\/publico-geral\/noticias\/#breadcrumb"},"inLanguage":"pt-BR","potentialAction":[{"@type":"ReadAction","target":["https:\/\/nutritotal.com.br\/publico-geral\/noticias\/"]}]},{"@type":"BreadcrumbList","@id":"https:\/\/nutritotal.com.br\/publico-geral\/noticias\/#breadcrumb","itemListElement":[{"@type":"ListItem","position":1,"name":"Home","item":"https:\/\/nutritotal.com.br\/publico-geral\/"},{"@type":"ListItem","position":2,"name":"Not\u00edcias"}]},{"@type":"WebSite","@id":"https:\/\/nutritotal.com.br\/publico-geral\/#website","url":"https:\/\/nutritotal.com.br\/publico-geral\/","name":"Nutritotal Para todos","description":"","potentialAction":[{"@type":"SearchAction","target":{"@type":"EntryPoint","urlTemplate":"https:\/\/nutritotal.com.br\/publico-geral\/?s={search_term_string}"},"query-input":{"@type":"PropertyValueSpecification","valueRequired":true,"valueName":"search_term_string"}}],"inLanguage":"pt-BR"}]}},"amp_enabled":false,"_links":{"self":[{"href":"https:\/\/nutritotal.com.br\/publico-geral\/wp-json\/wp\/v2\/pages\/178"}],"collection":[{"href":"https:\/\/nutritotal.com.br\/publico-geral\/wp-json\/wp\/v2\/pages"}],"about":[{"href":"https:\/\/nutritotal.com.br\/publico-geral\/wp-json\/wp\/v2\/types\/page"}],"author":[{"embeddable":true,"href":"https:\/\/nutritotal.com.br\/publico-geral\/wp-json\/wp\/v2\/users\/1"}],"replies":[{"embeddable":true,"href":"https:\/\/nutritotal.com.br\/publico-geral\/wp-json\/wp\/v2\/comments?post=178"}],"version-history":[{"count":0,"href":"https:\/\/nutritotal.com.br\/publico-geral\/wp-json\/wp\/v2\/pages\/178\/revisions"}],"wp:attachment":[{"href":"https:\/\/nutritotal.com.br\/publico-geral\/wp-json\/wp\/v2\/media?parent=178"}],"curies":[{"name":"wp","href":"https:\/\/api.w.org\/{rel}","templated":true}]}}