{"id":199,"date":"2018-11-09T11:51:53","date_gmt":"2018-11-09T13:51:53","guid":{"rendered":"https:\/\/nutritotal.com.br\/4u\/?page_id=199"},"modified":"2020-12-09T15:11:48","modified_gmt":"2020-12-09T18:11:48","slug":"materiais","status":"publish","type":"page","link":"https:\/\/nutritotal.com.br\/publico-geral\/materiais\/","title":{"rendered":"Materiais"},"content":{"rendered":"","protected":false},"excerpt":{"rendered":"","protected":false},"author":1,"featured_media":0,"parent":0,"menu_order":0,"comment_status":"closed","ping_status":"closed","template":"page-materiais.php","meta":{"_acf_changed":false,"footnotes":""},"acf":[],"yoast_head":"<!-- This site is optimized with the Yoast SEO plugin v23.5 - https:\/\/yoast.com\/wordpress\/plugins\/seo\/ -->\n<title>Materiais - Nutritotal Para todos<\/title>\n<meta name=\"description\" content=\"Leia mat\u00e9rias de nutri\u00e7\u00e3o baseadas em estudos e validadas por especialistas que revelam o que \u00e9 alimenta\u00e7\u00e3o saud\u00e1vel a partir de dicas e receitas.\" \/>\n<meta name=\"robots\" content=\"index, follow, max-snippet:-1, max-image-preview:large, max-video-preview:-1\" \/>\n<link rel=\"canonical\" href=\"https:\/\/nutritotal.com.br\/publico-geral\/materiais\/\" \/>\n<meta property=\"og:locale\" content=\"pt_BR\" \/>\n<meta property=\"og:type\" content=\"article\" \/>\n<meta property=\"og:title\" content=\"Materiais - Nutritotal Para todos\" \/>\n<meta property=\"og:description\" content=\"Leia mat\u00e9rias de nutri\u00e7\u00e3o baseadas em estudos e validadas por especialistas que revelam o que \u00e9 alimenta\u00e7\u00e3o saud\u00e1vel a partir de dicas e receitas.\" \/>\n<meta property=\"og:url\" content=\"https:\/\/nutritotal.com.br\/publico-geral\/materiais\/\" \/>\n<meta property=\"og:site_name\" content=\"Nutritotal Para todos\" \/>\n<meta property=\"article:modified_time\" content=\"2020-12-09T18:11:48+00:00\" \/>\n<meta name=\"twitter:card\" content=\"summary_large_image\" \/>\n<script type=\"application\/ld+json\" class=\"yoast-schema-graph\">{\"@context\":\"https:\/\/schema.org\",\"@graph\":[{\"@type\":\"WebPage\",\"@id\":\"https:\/\/nutritotal.com.br\/publico-geral\/materiais\/\",\"url\":\"https:\/\/nutritotal.com.br\/publico-geral\/materiais\/\",\"name\":\"Materiais - Nutritotal Para todos\",\"isPartOf\":{\"@id\":\"https:\/\/nutritotal.com.br\/publico-geral\/#website\"},\"datePublished\":\"2018-11-09T13:51:53+00:00\",\"dateModified\":\"2020-12-09T18:11:48+00:00\",\"description\":\"Leia mat\u00e9rias de nutri\u00e7\u00e3o baseadas em estudos e validadas por especialistas que revelam o que \u00e9 alimenta\u00e7\u00e3o saud\u00e1vel a partir de dicas e receitas.\",\"breadcrumb\":{\"@id\":\"https:\/\/nutritotal.com.br\/publico-geral\/materiais\/#breadcrumb\"},\"inLanguage\":\"pt-BR\",\"potentialAction\":[{\"@type\":\"ReadAction\",\"target\":[\"https:\/\/nutritotal.com.br\/publico-geral\/materiais\/\"]}]},{\"@type\":\"BreadcrumbList\",\"@id\":\"https:\/\/nutritotal.com.br\/publico-geral\/materiais\/#breadcrumb\",\"itemListElement\":[{\"@type\":\"ListItem\",\"position\":1,\"name\":\"Home\",\"item\":\"https:\/\/nutritotal.com.br\/publico-geral\/\"},{\"@type\":\"ListItem\",\"position\":2,\"name\":\"Materiais\"}]},{\"@type\":\"WebSite\",\"@id\":\"https:\/\/nutritotal.com.br\/publico-geral\/#website\",\"url\":\"https:\/\/nutritotal.com.br\/publico-geral\/\",\"name\":\"Nutritotal Para todos\",\"description\":\"\",\"potentialAction\":[{\"@type\":\"SearchAction\",\"target\":{\"@type\":\"EntryPoint\",\"urlTemplate\":\"https:\/\/nutritotal.com.br\/publico-geral\/?s={search_term_string}\"},\"query-input\":{\"@type\":\"PropertyValueSpecification\",\"valueRequired\":true,\"valueName\":\"search_term_string\"}}],\"inLanguage\":\"pt-BR\"}]}<\/script>\n<!-- \/ Yoast SEO plugin. -->","yoast_head_json":{"title":"Materiais - Nutritotal Para todos","description":"Leia mat\u00e9rias de nutri\u00e7\u00e3o baseadas em estudos e validadas por especialistas que revelam o que \u00e9 alimenta\u00e7\u00e3o saud\u00e1vel a partir de dicas e receitas.","robots":{"index":"index","follow":"follow","max-snippet":"max-snippet:-1","max-image-preview":"max-image-preview:large","max-video-preview":"max-video-preview:-1"},"canonical":"https:\/\/nutritotal.com.br\/publico-geral\/materiais\/","og_locale":"pt_BR","og_type":"article","og_title":"Materiais - Nutritotal Para todos","og_description":"Leia mat\u00e9rias de nutri\u00e7\u00e3o baseadas em estudos e validadas por especialistas que revelam o que \u00e9 alimenta\u00e7\u00e3o saud\u00e1vel a partir de dicas e receitas.","og_url":"https:\/\/nutritotal.com.br\/publico-geral\/materiais\/","og_site_name":"Nutritotal Para todos","article_modified_time":"2020-12-09T18:11:48+00:00","twitter_card":"summary_large_image","schema":{"@context":"https:\/\/schema.org","@graph":[{"@type":"WebPage","@id":"https:\/\/nutritotal.com.br\/publico-geral\/materiais\/","url":"https:\/\/nutritotal.com.br\/publico-geral\/materiais\/","name":"Materiais - Nutritotal Para todos","isPartOf":{"@id":"https:\/\/nutritotal.com.br\/publico-geral\/#website"},"datePublished":"2018-11-09T13:51:53+00:00","dateModified":"2020-12-09T18:11:48+00:00","description":"Leia mat\u00e9rias de nutri\u00e7\u00e3o baseadas em estudos e validadas por especialistas que revelam o que \u00e9 alimenta\u00e7\u00e3o saud\u00e1vel a partir de dicas e receitas.","breadcrumb":{"@id":"https:\/\/nutritotal.com.br\/publico-geral\/materiais\/#breadcrumb"},"inLanguage":"pt-BR","potentialAction":[{"@type":"ReadAction","target":["https:\/\/nutritotal.com.br\/publico-geral\/materiais\/"]}]},{"@type":"BreadcrumbList","@id":"https:\/\/nutritotal.com.br\/publico-geral\/materiais\/#breadcrumb","itemListElement":[{"@type":"ListItem","position":1,"name":"Home","item":"https:\/\/nutritotal.com.br\/publico-geral\/"},{"@type":"ListItem","position":2,"name":"Materiais"}]},{"@type":"WebSite","@id":"https:\/\/nutritotal.com.br\/publico-geral\/#website","url":"https:\/\/nutritotal.com.br\/publico-geral\/","name":"Nutritotal Para todos","description":"","potentialAction":[{"@type":"SearchAction","target":{"@type":"EntryPoint","urlTemplate":"https:\/\/nutritotal.com.br\/publico-geral\/?s={search_term_string}"},"query-input":{"@type":"PropertyValueSpecification","valueRequired":true,"valueName":"search_term_string"}}],"inLanguage":"pt-BR"}]}},"amp_enabled":false,"_links":{"self":[{"href":"https:\/\/nutritotal.com.br\/publico-geral\/wp-json\/wp\/v2\/pages\/199"}],"collection":[{"href":"https:\/\/nutritotal.com.br\/publico-geral\/wp-json\/wp\/v2\/pages"}],"about":[{"href":"https:\/\/nutritotal.com.br\/publico-geral\/wp-json\/wp\/v2\/types\/page"}],"author":[{"embeddable":true,"href":"https:\/\/nutritotal.com.br\/publico-geral\/wp-json\/wp\/v2\/users\/1"}],"replies":[{"embeddable":true,"href":"https:\/\/nutritotal.com.br\/publico-geral\/wp-json\/wp\/v2\/comments?post=199"}],"version-history":[{"count":0,"href":"https:\/\/nutritotal.com.br\/publico-geral\/wp-json\/wp\/v2\/pages\/199\/revisions"}],"wp:attachment":[{"href":"https:\/\/nutritotal.com.br\/publico-geral\/wp-json\/wp\/v2\/media?parent=199"}],"curies":[{"name":"wp","href":"https:\/\/api.w.org\/{rel}","templated":true}]}}