{"id":253,"date":"2018-11-13T11:31:16","date_gmt":"2018-11-13T13:31:16","guid":{"rendered":"https:\/\/nutritotal.com.br\/4u\/?page_id=253"},"modified":"2023-05-19T14:44:41","modified_gmt":"2023-05-19T17:44:41","slug":"fale-conosco","status":"publish","type":"page","link":"https:\/\/nutritotal.com.br\/publico-geral\/fale-conosco\/","title":{"rendered":"Fale conosco"},"content":{"rendered":"<h1>Entre em contato<br \/>\ncom a Equipe do Nutritotal<\/h1>\n<p><strong>Telefone<\/strong><\/p>\n<p>+55 (11) 3284-6318<\/p>\n<p><strong>E-mail<\/strong>\u00a0<a href=\"mailto:faleconosco@nutritotal.com.br\" target=\"_blank\" rel=\"noopener\">faleconosco@nutritotal.com.br<\/a><\/p>\n<p><strong>Endere\u00e7o:<\/strong><\/p>\n<p>Rua Maestro Cardim, 1191 &#8211; CJ 75\/76<br \/>\nPara\u00edso \u2013S\u00e3o Paulo &#8211;\u00a0 SP<br \/>\nCEP \u2013 01323-001<\/p>\n<p><strong>Contato do email para parcerias<\/strong>:<\/p>\n<p><a href=\"mailto:editores@nutritotal.com.br\" target=\"_blank\" rel=\"noopener\">editores@nutritotal.com.br<\/a><\/p>\n","protected":false},"excerpt":{"rendered":"<p>Entre em contato com a Equipe do Nutritotal Telefone +55 (11) 3284-6318 E-mail\u00a0faleconosco@nutritotal.com.br Endere\u00e7o: Rua Maestro Cardim, 1191 &#8211; CJ 75\/76 Para\u00edso \u2013S\u00e3o Paulo &#8211;\u00a0 SP CEP \u2013 01323-001 Contato do email para parcerias: editores@nutritotal.com.br<\/p>\n","protected":false},"author":1,"featured_media":0,"parent":0,"menu_order":0,"comment_status":"closed","ping_status":"closed","template":"page-contato.php","meta":{"_acf_changed":false,"footnotes":""},"acf":[],"yoast_head":"<!-- This site is optimized with the Yoast SEO plugin v23.5 - https:\/\/yoast.com\/wordpress\/plugins\/seo\/ -->\n<title>Fale conosco \u2013 contato Nutritotal | Nutritotal para todos<\/title>\n<meta name=\"description\" content=\"Clique aqui para acessar o Fale conosco do Nutritotal e entrar em contato com a nossa equipe. Envie suas sugest\u00f5es, coment\u00e1rios, d\u00favidas e mais!\" \/>\n<meta name=\"robots\" content=\"index, follow, max-snippet:-1, max-image-preview:large, max-video-preview:-1\" \/>\n<link rel=\"canonical\" href=\"https:\/\/nutritotal.com.br\/publico-geral\/fale-conosco\/\" \/>\n<meta property=\"og:locale\" content=\"pt_BR\" \/>\n<meta property=\"og:type\" content=\"article\" \/>\n<meta property=\"og:title\" content=\"Fale conosco \u2013 contato Nutritotal | Nutritotal para todos\" \/>\n<meta property=\"og:description\" content=\"Clique aqui para acessar o Fale conosco do Nutritotal e entrar em contato com a nossa equipe. Envie suas sugest\u00f5es, coment\u00e1rios, d\u00favidas e mais!\" \/>\n<meta property=\"og:url\" content=\"https:\/\/nutritotal.com.br\/publico-geral\/fale-conosco\/\" \/>\n<meta property=\"og:site_name\" content=\"Nutritotal Para todos\" \/>\n<meta property=\"article:modified_time\" content=\"2023-05-19T17:44:41+00:00\" \/>\n<meta name=\"twitter:card\" content=\"summary_large_image\" \/>\n<meta name=\"twitter:label1\" content=\"Est. tempo de leitura\" \/>\n\t<meta name=\"twitter:data1\" content=\"1 minuto\" \/>\n<script type=\"application\/ld+json\" class=\"yoast-schema-graph\">{\"@context\":\"https:\/\/schema.org\",\"@graph\":[{\"@type\":\"WebPage\",\"@id\":\"https:\/\/nutritotal.com.br\/publico-geral\/fale-conosco\/\",\"url\":\"https:\/\/nutritotal.com.br\/publico-geral\/fale-conosco\/\",\"name\":\"Fale conosco \u2013 contato Nutritotal | Nutritotal para todos\",\"isPartOf\":{\"@id\":\"https:\/\/nutritotal.com.br\/publico-geral\/#website\"},\"datePublished\":\"2018-11-13T13:31:16+00:00\",\"dateModified\":\"2023-05-19T17:44:41+00:00\",\"description\":\"Clique aqui para acessar o Fale conosco do Nutritotal e entrar em contato com a nossa equipe. Envie suas sugest\u00f5es, coment\u00e1rios, d\u00favidas e mais!\",\"breadcrumb\":{\"@id\":\"https:\/\/nutritotal.com.br\/publico-geral\/fale-conosco\/#breadcrumb\"},\"inLanguage\":\"pt-BR\",\"potentialAction\":[{\"@type\":\"ReadAction\",\"target\":[\"https:\/\/nutritotal.com.br\/publico-geral\/fale-conosco\/\"]}]},{\"@type\":\"BreadcrumbList\",\"@id\":\"https:\/\/nutritotal.com.br\/publico-geral\/fale-conosco\/#breadcrumb\",\"itemListElement\":[{\"@type\":\"ListItem\",\"position\":1,\"name\":\"Home\",\"item\":\"https:\/\/nutritotal.com.br\/publico-geral\/\"},{\"@type\":\"ListItem\",\"position\":2,\"name\":\"Fale conosco\"}]},{\"@type\":\"WebSite\",\"@id\":\"https:\/\/nutritotal.com.br\/publico-geral\/#website\",\"url\":\"https:\/\/nutritotal.com.br\/publico-geral\/\",\"name\":\"Nutritotal Para todos\",\"description\":\"\",\"potentialAction\":[{\"@type\":\"SearchAction\",\"target\":{\"@type\":\"EntryPoint\",\"urlTemplate\":\"https:\/\/nutritotal.com.br\/publico-geral\/?s={search_term_string}\"},\"query-input\":{\"@type\":\"PropertyValueSpecification\",\"valueRequired\":true,\"valueName\":\"search_term_string\"}}],\"inLanguage\":\"pt-BR\"}]}<\/script>\n<!-- \/ Yoast SEO plugin. -->","yoast_head_json":{"title":"Fale conosco \u2013 contato Nutritotal | Nutritotal para todos","description":"Clique aqui para acessar o Fale conosco do Nutritotal e entrar em contato com a nossa equipe. Envie suas sugest\u00f5es, coment\u00e1rios, d\u00favidas e mais!","robots":{"index":"index","follow":"follow","max-snippet":"max-snippet:-1","max-image-preview":"max-image-preview:large","max-video-preview":"max-video-preview:-1"},"canonical":"https:\/\/nutritotal.com.br\/publico-geral\/fale-conosco\/","og_locale":"pt_BR","og_type":"article","og_title":"Fale conosco \u2013 contato Nutritotal | Nutritotal para todos","og_description":"Clique aqui para acessar o Fale conosco do Nutritotal e entrar em contato com a nossa equipe. Envie suas sugest\u00f5es, coment\u00e1rios, d\u00favidas e mais!","og_url":"https:\/\/nutritotal.com.br\/publico-geral\/fale-conosco\/","og_site_name":"Nutritotal Para todos","article_modified_time":"2023-05-19T17:44:41+00:00","twitter_card":"summary_large_image","twitter_misc":{"Est. tempo de leitura":"1 minuto"},"schema":{"@context":"https:\/\/schema.org","@graph":[{"@type":"WebPage","@id":"https:\/\/nutritotal.com.br\/publico-geral\/fale-conosco\/","url":"https:\/\/nutritotal.com.br\/publico-geral\/fale-conosco\/","name":"Fale conosco \u2013 contato Nutritotal | Nutritotal para todos","isPartOf":{"@id":"https:\/\/nutritotal.com.br\/publico-geral\/#website"},"datePublished":"2018-11-13T13:31:16+00:00","dateModified":"2023-05-19T17:44:41+00:00","description":"Clique aqui para acessar o Fale conosco do Nutritotal e entrar em contato com a nossa equipe. Envie suas sugest\u00f5es, coment\u00e1rios, d\u00favidas e mais!","breadcrumb":{"@id":"https:\/\/nutritotal.com.br\/publico-geral\/fale-conosco\/#breadcrumb"},"inLanguage":"pt-BR","potentialAction":[{"@type":"ReadAction","target":["https:\/\/nutritotal.com.br\/publico-geral\/fale-conosco\/"]}]},{"@type":"BreadcrumbList","@id":"https:\/\/nutritotal.com.br\/publico-geral\/fale-conosco\/#breadcrumb","itemListElement":[{"@type":"ListItem","position":1,"name":"Home","item":"https:\/\/nutritotal.com.br\/publico-geral\/"},{"@type":"ListItem","position":2,"name":"Fale conosco"}]},{"@type":"WebSite","@id":"https:\/\/nutritotal.com.br\/publico-geral\/#website","url":"https:\/\/nutritotal.com.br\/publico-geral\/","name":"Nutritotal Para todos","description":"","potentialAction":[{"@type":"SearchAction","target":{"@type":"EntryPoint","urlTemplate":"https:\/\/nutritotal.com.br\/publico-geral\/?s={search_term_string}"},"query-input":{"@type":"PropertyValueSpecification","valueRequired":true,"valueName":"search_term_string"}}],"inLanguage":"pt-BR"}]}},"amp_enabled":false,"_links":{"self":[{"href":"https:\/\/nutritotal.com.br\/publico-geral\/wp-json\/wp\/v2\/pages\/253"}],"collection":[{"href":"https:\/\/nutritotal.com.br\/publico-geral\/wp-json\/wp\/v2\/pages"}],"about":[{"href":"https:\/\/nutritotal.com.br\/publico-geral\/wp-json\/wp\/v2\/types\/page"}],"author":[{"embeddable":true,"href":"https:\/\/nutritotal.com.br\/publico-geral\/wp-json\/wp\/v2\/users\/1"}],"replies":[{"embeddable":true,"href":"https:\/\/nutritotal.com.br\/publico-geral\/wp-json\/wp\/v2\/comments?post=253"}],"version-history":[{"count":1,"href":"https:\/\/nutritotal.com.br\/publico-geral\/wp-json\/wp\/v2\/pages\/253\/revisions"}],"predecessor-version":[{"id":15398,"href":"https:\/\/nutritotal.com.br\/publico-geral\/wp-json\/wp\/v2\/pages\/253\/revisions\/15398"}],"wp:attachment":[{"href":"https:\/\/nutritotal.com.br\/publico-geral\/wp-json\/wp\/v2\/media?parent=253"}],"curies":[{"name":"wp","href":"https:\/\/api.w.org\/{rel}","templated":true}]}}