{"id":333,"date":"2018-12-04T15:37:19","date_gmt":"2018-12-04T17:37:19","guid":{"rendered":"https:\/\/nutritotal.com.br\/publico-geral\/?page_id=333"},"modified":"2021-09-29T10:52:59","modified_gmt":"2021-09-29T13:52:59","slug":"historia","status":"publish","type":"page","link":"https:\/\/nutritotal.com.br\/publico-geral\/institucional\/historia\/","title":{"rendered":"Hist\u00f3ria"},"content":{"rendered":"<h5>Nossa Hist\u00f3ria<\/h5>\n<p>Nutritotal foi criado em 2000 e lan\u00e7ado oficialmente em 2001, com objetivo de levar informa\u00e7\u00f5es cient\u00edficas de qualidade a profissionais de sa\u00fade. \u00c0quela \u00e9poca, nem todas as faculdades e centros de pesquisa dispunham de computadores conectados \u00e0 internet dispon\u00edveis para uso dos alunos e professores. Ainda assim, mais de 1.200 pessoas cadastraram-se no portal e v\u00eam acompanhando seu crescimento.<\/p>\n<p>Reformula\u00e7\u00f5es gr\u00e1ficas e editoriais aconteceram em 2005, 2016 e 2017, ano em que o Nutritotal atingiu a marca de mais de 90 mil leitores cadastrados e 100 mil visitas mensais ao portal.<\/p>\n<p>Alicer\u00e7ado em 19 anos de vida, em 2019 lan\u00e7amos o novo site Nutritotal P\u00daBLICO GERAL, com design inovador, interativo e din\u00e2mico, destinado agora a todas as pessoas interessadas em nutri\u00e7\u00e3o para obter vida mais saud\u00e1vel e contribuir para melhorar dist\u00farbios de sa\u00fade j\u00e1 estabelecidos.<\/p>\n<p>J\u00e1 em 2021, o site se transformou em Nutritotal PARA TODOS. Essa mudan\u00e7a veio para reafirmar nossa motiva\u00e7\u00e3o em levar, para todas as pessoas, o melhor conte\u00fado sobre nutri\u00e7\u00e3o em suas diversas \u00e1reas. O Nutritotal Para Todos \u00e9 o portal brasileiro que disponibiliza conte\u00fado cient\u00edfico, validado por nutricionistas e nutr\u00f3logos, para a popula\u00e7\u00e3o leiga e faz parte do Grupo Ganep Nutri\u00e7\u00e3o Humana \u2013 que h\u00e1 40 anos desenvolve e aprimora o mercado de nutri\u00e7\u00e3o no Brasil.<\/p>\n","protected":false},"excerpt":{"rendered":"<p>Nossa Hist\u00f3ria Nutritotal foi criado em 2000 e lan\u00e7ado oficialmente em 2001, com objetivo de levar informa\u00e7\u00f5es cient\u00edficas de qualidade a profissionais de sa\u00fade. \u00c0quela \u00e9poca, nem todas as faculdades e centros de pesquisa dispunham de computadores conectados \u00e0 internet dispon\u00edveis para uso dos alunos e professores. Ainda assim, mais de 1.200 pessoas cadastraram-se no [&hellip;]<\/p>\n","protected":false},"author":1,"featured_media":0,"parent":146,"menu_order":1,"comment_status":"closed","ping_status":"closed","template":"page-institucional.php","meta":{"_acf_changed":false,"footnotes":""},"acf":[],"yoast_head":"<!-- This site is optimized with the Yoast SEO plugin v23.5 - https:\/\/yoast.com\/wordpress\/plugins\/seo\/ -->\n<title>Conhe\u00e7a a hist\u00f3ria da Nutritotal | Nutritotal Para todos<\/title>\n<meta name=\"description\" content=\"Neste link \u00e9 poss\u00edvel ter acesso \u00e0 hist\u00f3ria da Nutritotal desde sua cria\u00e7\u00e3o. N\u00e3o fique por fora e conhe\u00e7a mais sobre nutri\u00e7\u00e3o confi\u00e1vel conosco!\" \/>\n<meta name=\"robots\" content=\"index, follow, max-snippet:-1, max-image-preview:large, max-video-preview:-1\" \/>\n<link rel=\"canonical\" href=\"https:\/\/nutritotal.com.br\/publico-geral\/institucional\/historia\/\" \/>\n<meta property=\"og:locale\" content=\"pt_BR\" \/>\n<meta property=\"og:type\" content=\"article\" \/>\n<meta property=\"og:title\" content=\"Conhe\u00e7a a hist\u00f3ria da Nutritotal | Nutritotal Para todos\" \/>\n<meta property=\"og:description\" content=\"Neste link \u00e9 poss\u00edvel ter acesso \u00e0 hist\u00f3ria da Nutritotal desde sua cria\u00e7\u00e3o. N\u00e3o fique por fora e conhe\u00e7a mais sobre nutri\u00e7\u00e3o confi\u00e1vel conosco!\" \/>\n<meta property=\"og:url\" content=\"https:\/\/nutritotal.com.br\/publico-geral\/institucional\/historia\/\" \/>\n<meta property=\"og:site_name\" content=\"Nutritotal Para todos\" \/>\n<meta property=\"article:modified_time\" content=\"2021-09-29T13:52:59+00:00\" \/>\n<meta name=\"twitter:card\" content=\"summary_large_image\" \/>\n<meta name=\"twitter:label1\" content=\"Est. tempo de leitura\" \/>\n\t<meta name=\"twitter:data1\" content=\"1 minuto\" \/>\n<script type=\"application\/ld+json\" class=\"yoast-schema-graph\">{\"@context\":\"https:\/\/schema.org\",\"@graph\":[{\"@type\":\"WebPage\",\"@id\":\"https:\/\/nutritotal.com.br\/publico-geral\/institucional\/historia\/\",\"url\":\"https:\/\/nutritotal.com.br\/publico-geral\/institucional\/historia\/\",\"name\":\"Conhe\u00e7a a hist\u00f3ria da Nutritotal | Nutritotal Para todos\",\"isPartOf\":{\"@id\":\"https:\/\/nutritotal.com.br\/publico-geral\/#website\"},\"datePublished\":\"2018-12-04T17:37:19+00:00\",\"dateModified\":\"2021-09-29T13:52:59+00:00\",\"description\":\"Neste link \u00e9 poss\u00edvel ter acesso \u00e0 hist\u00f3ria da Nutritotal desde sua cria\u00e7\u00e3o. N\u00e3o fique por fora e conhe\u00e7a mais sobre nutri\u00e7\u00e3o confi\u00e1vel conosco!\",\"breadcrumb\":{\"@id\":\"https:\/\/nutritotal.com.br\/publico-geral\/institucional\/historia\/#breadcrumb\"},\"inLanguage\":\"pt-BR\",\"potentialAction\":[{\"@type\":\"ReadAction\",\"target\":[\"https:\/\/nutritotal.com.br\/publico-geral\/institucional\/historia\/\"]}]},{\"@type\":\"BreadcrumbList\",\"@id\":\"https:\/\/nutritotal.com.br\/publico-geral\/institucional\/historia\/#breadcrumb\",\"itemListElement\":[{\"@type\":\"ListItem\",\"position\":1,\"name\":\"Home\",\"item\":\"https:\/\/nutritotal.com.br\/publico-geral\/\"},{\"@type\":\"ListItem\",\"position\":2,\"name\":\"Institucional\",\"item\":\"https:\/\/nutritotal.com.br\/publico-geral\/institucional\/\"},{\"@type\":\"ListItem\",\"position\":3,\"name\":\"Hist\u00f3ria\"}]},{\"@type\":\"WebSite\",\"@id\":\"https:\/\/nutritotal.com.br\/publico-geral\/#website\",\"url\":\"https:\/\/nutritotal.com.br\/publico-geral\/\",\"name\":\"Nutritotal Para todos\",\"description\":\"\",\"potentialAction\":[{\"@type\":\"SearchAction\",\"target\":{\"@type\":\"EntryPoint\",\"urlTemplate\":\"https:\/\/nutritotal.com.br\/publico-geral\/?s={search_term_string}\"},\"query-input\":{\"@type\":\"PropertyValueSpecification\",\"valueRequired\":true,\"valueName\":\"search_term_string\"}}],\"inLanguage\":\"pt-BR\"}]}<\/script>\n<!-- \/ Yoast SEO plugin. -->","yoast_head_json":{"title":"Conhe\u00e7a a hist\u00f3ria da Nutritotal | Nutritotal Para todos","description":"Neste link \u00e9 poss\u00edvel ter acesso \u00e0 hist\u00f3ria da Nutritotal desde sua cria\u00e7\u00e3o. N\u00e3o fique por fora e conhe\u00e7a mais sobre nutri\u00e7\u00e3o confi\u00e1vel conosco!","robots":{"index":"index","follow":"follow","max-snippet":"max-snippet:-1","max-image-preview":"max-image-preview:large","max-video-preview":"max-video-preview:-1"},"canonical":"https:\/\/nutritotal.com.br\/publico-geral\/institucional\/historia\/","og_locale":"pt_BR","og_type":"article","og_title":"Conhe\u00e7a a hist\u00f3ria da Nutritotal | Nutritotal Para todos","og_description":"Neste link \u00e9 poss\u00edvel ter acesso \u00e0 hist\u00f3ria da Nutritotal desde sua cria\u00e7\u00e3o. N\u00e3o fique por fora e conhe\u00e7a mais sobre nutri\u00e7\u00e3o confi\u00e1vel conosco!","og_url":"https:\/\/nutritotal.com.br\/publico-geral\/institucional\/historia\/","og_site_name":"Nutritotal Para todos","article_modified_time":"2021-09-29T13:52:59+00:00","twitter_card":"summary_large_image","twitter_misc":{"Est. tempo de leitura":"1 minuto"},"schema":{"@context":"https:\/\/schema.org","@graph":[{"@type":"WebPage","@id":"https:\/\/nutritotal.com.br\/publico-geral\/institucional\/historia\/","url":"https:\/\/nutritotal.com.br\/publico-geral\/institucional\/historia\/","name":"Conhe\u00e7a a hist\u00f3ria da Nutritotal | Nutritotal Para todos","isPartOf":{"@id":"https:\/\/nutritotal.com.br\/publico-geral\/#website"},"datePublished":"2018-12-04T17:37:19+00:00","dateModified":"2021-09-29T13:52:59+00:00","description":"Neste link \u00e9 poss\u00edvel ter acesso \u00e0 hist\u00f3ria da Nutritotal desde sua cria\u00e7\u00e3o. N\u00e3o fique por fora e conhe\u00e7a mais sobre nutri\u00e7\u00e3o confi\u00e1vel conosco!","breadcrumb":{"@id":"https:\/\/nutritotal.com.br\/publico-geral\/institucional\/historia\/#breadcrumb"},"inLanguage":"pt-BR","potentialAction":[{"@type":"ReadAction","target":["https:\/\/nutritotal.com.br\/publico-geral\/institucional\/historia\/"]}]},{"@type":"BreadcrumbList","@id":"https:\/\/nutritotal.com.br\/publico-geral\/institucional\/historia\/#breadcrumb","itemListElement":[{"@type":"ListItem","position":1,"name":"Home","item":"https:\/\/nutritotal.com.br\/publico-geral\/"},{"@type":"ListItem","position":2,"name":"Institucional","item":"https:\/\/nutritotal.com.br\/publico-geral\/institucional\/"},{"@type":"ListItem","position":3,"name":"Hist\u00f3ria"}]},{"@type":"WebSite","@id":"https:\/\/nutritotal.com.br\/publico-geral\/#website","url":"https:\/\/nutritotal.com.br\/publico-geral\/","name":"Nutritotal Para todos","description":"","potentialAction":[{"@type":"SearchAction","target":{"@type":"EntryPoint","urlTemplate":"https:\/\/nutritotal.com.br\/publico-geral\/?s={search_term_string}"},"query-input":{"@type":"PropertyValueSpecification","valueRequired":true,"valueName":"search_term_string"}}],"inLanguage":"pt-BR"}]}},"amp_enabled":false,"_links":{"self":[{"href":"https:\/\/nutritotal.com.br\/publico-geral\/wp-json\/wp\/v2\/pages\/333"}],"collection":[{"href":"https:\/\/nutritotal.com.br\/publico-geral\/wp-json\/wp\/v2\/pages"}],"about":[{"href":"https:\/\/nutritotal.com.br\/publico-geral\/wp-json\/wp\/v2\/types\/page"}],"author":[{"embeddable":true,"href":"https:\/\/nutritotal.com.br\/publico-geral\/wp-json\/wp\/v2\/users\/1"}],"replies":[{"embeddable":true,"href":"https:\/\/nutritotal.com.br\/publico-geral\/wp-json\/wp\/v2\/comments?post=333"}],"version-history":[{"count":0,"href":"https:\/\/nutritotal.com.br\/publico-geral\/wp-json\/wp\/v2\/pages\/333\/revisions"}],"up":[{"embeddable":true,"href":"https:\/\/nutritotal.com.br\/publico-geral\/wp-json\/wp\/v2\/pages\/146"}],"wp:attachment":[{"href":"https:\/\/nutritotal.com.br\/publico-geral\/wp-json\/wp\/v2\/media?parent=333"}],"curies":[{"name":"wp","href":"https:\/\/api.w.org\/{rel}","templated":true}]}}