{"id":335,"date":"2018-12-04T15:38:10","date_gmt":"2018-12-04T17:38:10","guid":{"rendered":"https:\/\/nutritotal.com.br\/publico-geral\/?page_id=335"},"modified":"2025-03-05T21:08:35","modified_gmt":"2025-03-06T00:08:35","slug":"equipe","status":"publish","type":"page","link":"https:\/\/nutritotal.com.br\/publico-geral\/institucional\/equipe\/","title":{"rendered":"Equipe"},"content":{"rendered":"<h2>Equipe Respons\u00e1vel:<\/h2>\n<p>Nutritotal \u00e9 um portal desenvolvido por equipe de profissionais especializados em nutri\u00e7\u00e3o cl\u00ednica e em divulga\u00e7\u00e3o cient\u00edfica. Fazem parte da equipe um corpo editorial fixo e colaboradores eventuais.<\/p>\n<p><strong>\u00a0<\/strong><\/p>\n<p><strong><a href=\"https:\/\/www.linkedin.com\/in\/waitzberg-dan\/\" target=\"_blank\" rel=\"noopener\"><img decoding=\"async\" class=\" wp-image-14556 alignleft\" src=\"https:\/\/nutritotal.com.br\/publico-geral\/wp-content\/uploads\/2022\/09\/nutritotal-dan-waitzberg-300x300.png\" alt=\"\" width=\"160\" height=\"160\" srcset=\"https:\/\/nutritotal.com.br\/publico-geral\/wp-content\/uploads\/2022\/09\/nutritotal-dan-waitzberg-300x300.png 300w, https:\/\/nutritotal.com.br\/publico-geral\/wp-content\/uploads\/2022\/09\/nutritotal-dan-waitzberg-1024x1024.png 1024w, https:\/\/nutritotal.com.br\/publico-geral\/wp-content\/uploads\/2022\/09\/nutritotal-dan-waitzberg-150x150.png 150w, https:\/\/nutritotal.com.br\/publico-geral\/wp-content\/uploads\/2022\/09\/nutritotal-dan-waitzberg-768x768.png 768w, https:\/\/nutritotal.com.br\/publico-geral\/wp-content\/uploads\/2022\/09\/nutritotal-dan-waitzberg-400x400.png 400w, https:\/\/nutritotal.com.br\/publico-geral\/wp-content\/uploads\/2022\/09\/nutritotal-dan-waitzberg-180x180.png 180w, https:\/\/nutritotal.com.br\/publico-geral\/wp-content\/uploads\/2022\/09\/nutritotal-dan-waitzberg.png 1080w\" sizes=\"(max-width: 160px) 100vw, 160px\" \/><\/a>Dan L. Waitzberg | Diretor cient\u00edfico<br \/>\n<\/strong><strong><a href=\"https:\/\/www.instagram.com\/danlwaitzberg\/\" target=\"_blank\" rel=\"noopener\">Instagram<\/a><\/strong>\u00a0<strong>| <a href=\"https:\/\/www.linkedin.com\/in\/waitzberg-dan\/\" target=\"_blank\" rel=\"noopener\">Linkedin<\/a><\/strong><\/p>\n<p>Professor Associado do Departamento de Gastroenterologia da FMUSP; Mestre, Doutor e Livre-Docente pela Universidade de S\u00e3o Paulo, USP; Especialista em Terapia Nutricional Enteral e Parenteral pela Sociedade Brasileira de Nutri\u00e7\u00e3o Parenteral e Enteral \u2013 BRASPEN e Diretor do\u00a0 \u00a0 \u00a0 \u00a0 \u00a0 \u00a0 GANEP Nutri\u00e7\u00e3o Humana.<\/p>\n<p><strong><br \/>\n<a href=\"https:\/\/www.linkedin.com\/in\/nataliaclopes\" target=\"_blank\" rel=\"noopener\"><img decoding=\"async\" class=\"alignleft wp-image-14557\" src=\"https:\/\/nutritotal.com.br\/publico-geral\/wp-content\/uploads\/2022\/09\/nutritotal-natalia-lopes-300x300.png\" alt=\"\" width=\"160\" height=\"160\" srcset=\"https:\/\/nutritotal.com.br\/publico-geral\/wp-content\/uploads\/2022\/09\/nutritotal-natalia-lopes-300x300.png 300w, https:\/\/nutritotal.com.br\/publico-geral\/wp-content\/uploads\/2022\/09\/nutritotal-natalia-lopes-1024x1024.png 1024w, https:\/\/nutritotal.com.br\/publico-geral\/wp-content\/uploads\/2022\/09\/nutritotal-natalia-lopes-150x150.png 150w, https:\/\/nutritotal.com.br\/publico-geral\/wp-content\/uploads\/2022\/09\/nutritotal-natalia-lopes-768x768.png 768w, https:\/\/nutritotal.com.br\/publico-geral\/wp-content\/uploads\/2022\/09\/nutritotal-natalia-lopes-400x400.png 400w, https:\/\/nutritotal.com.br\/publico-geral\/wp-content\/uploads\/2022\/09\/nutritotal-natalia-lopes-180x180.png 180w, https:\/\/nutritotal.com.br\/publico-geral\/wp-content\/uploads\/2022\/09\/nutritotal-natalia-lopes.png 1080w\" sizes=\"(max-width: 160px) 100vw, 160px\" \/><\/a>Natalia Correia Lopes | Coordenadora e Nutricionista<br \/>\n<a href=\"mailto:nutritotal@nutritotal.com.br\">E-mail<\/a>\u00a0|\u00a0<a href=\"https:\/\/www.linkedin.com\/in\/nataliaclopes\" target=\"_blank\" rel=\"noopener\">LinkedIn<\/a><br \/>\n<\/strong><\/p>\n<p>Nutricionista pelo Centro Universit\u00e1rio S\u00e3o Camilo. Mestre em Ci\u00eancias pela Faculdade de Medicina da Universidade de S\u00e3o Paulo \u2013 FMUSP. Especializa\u00e7\u00e3o em Obesidade, Emagrecimento e Sa\u00fade pela Unifesp. Experi\u00eancia profissional em Nutri\u00e7\u00e3o Cl\u00ednica, Nutri\u00e7\u00e3o Esportiva, Marketing Nutricional e Doc\u00eancia no Ensino Superior. Coordenadora do Nutritotal.<\/p>\n<p><strong><br \/>\n<\/strong><strong><img decoding=\"async\" class=\"wp-image-16921  alignleft\" src=\"https:\/\/nutritotal.com.br\/publico-geral\/wp-content\/uploads\/2025\/03\/ana-carolina-vicedomini-300x300.png\" alt=\"\" width=\"161\" height=\"161\" srcset=\"https:\/\/nutritotal.com.br\/publico-geral\/wp-content\/uploads\/2025\/03\/ana-carolina-vicedomini-300x300.png 300w, https:\/\/nutritotal.com.br\/publico-geral\/wp-content\/uploads\/2025\/03\/ana-carolina-vicedomini-150x150.png 150w, https:\/\/nutritotal.com.br\/publico-geral\/wp-content\/uploads\/2025\/03\/ana-carolina-vicedomini-768x768.png 768w, https:\/\/nutritotal.com.br\/publico-geral\/wp-content\/uploads\/2025\/03\/ana-carolina-vicedomini-1024x1024.png 1024w, https:\/\/nutritotal.com.br\/publico-geral\/wp-content\/uploads\/2025\/03\/ana-carolina-vicedomini-400x400.png 400w, https:\/\/nutritotal.com.br\/publico-geral\/wp-content\/uploads\/2025\/03\/ana-carolina-vicedomini.png 1080w, https:\/\/nutritotal.com.br\/publico-geral\/wp-content\/uploads\/2025\/03\/ana-carolina-vicedomini-180x180.png 180w\" sizes=\"(max-width: 161px) 100vw, 161px\" \/>Ana Carolina Costa Vicedomini | Coordenadora de projetos e inova\u00e7\u00e3o<br \/>\n<a href=\"mailto:inovacao@ganepeducacao.com.br\">E-mail<\/a> | <a href=\"https:\/\/www.linkedin.com\/in\/ana-carolina-costa-vicedomini-36b76423\/\" target=\"_blank\" rel=\"noopener\">LinkedIn<\/a><br \/>\n<\/strong><\/p>\n<p>Nutricionista formada pela Universidade Anhembi Morumbi. Especialista em Terapia Nutricional Enteral e Parenteral \u2013 BRASPEN<br \/>\nP\u00f3s-Graduada em Nutri\u00e7\u00e3o Cl\u00ednica pelo GANEP Educa\u00e7\u00e3o. P\u00f3s-Graduada em Cuidados nutricionais em Terapia Intensiva pelo GANEP Educa\u00e7\u00e3o. Mestre em Ci\u00eancias pela Faculdade de Medicina da USP. Nutricionista cl\u00ednica e pr\u00e1ticas cl\u00ednicas<\/p>\n<p>&nbsp;<\/p>\n<p><strong><img decoding=\"async\" class=\"wp-image-16920  alignleft\" src=\"https:\/\/nutritotal.com.br\/publico-geral\/wp-content\/uploads\/2025\/03\/sheila-leonildo-300x300.png\" alt=\"\" width=\"161\" height=\"161\" srcset=\"https:\/\/nutritotal.com.br\/publico-geral\/wp-content\/uploads\/2025\/03\/sheila-leonildo-300x300.png 300w, https:\/\/nutritotal.com.br\/publico-geral\/wp-content\/uploads\/2025\/03\/sheila-leonildo-150x150.png 150w, https:\/\/nutritotal.com.br\/publico-geral\/wp-content\/uploads\/2025\/03\/sheila-leonildo-768x768.png 768w, https:\/\/nutritotal.com.br\/publico-geral\/wp-content\/uploads\/2025\/03\/sheila-leonildo-1024x1024.png 1024w, https:\/\/nutritotal.com.br\/publico-geral\/wp-content\/uploads\/2025\/03\/sheila-leonildo-400x400.png 400w, https:\/\/nutritotal.com.br\/publico-geral\/wp-content\/uploads\/2025\/03\/sheila-leonildo.png 1080w, https:\/\/nutritotal.com.br\/publico-geral\/wp-content\/uploads\/2025\/03\/sheila-leonildo-180x180.png 180w\" sizes=\"(max-width: 161px) 100vw, 161px\" \/>Sheila Leonildo | Analista de Marketing<\/strong><br \/>\n<a href=\"mailto:marketing_nutritotal@nutritotal.com.br\"><strong>E-mail<\/strong><\/a>\u00a0| <a href=\"https:\/\/www.linkedin.com\/in\/sheila-leonildo-5973a2156\"><strong>LinkediIn<\/strong><\/a><\/p>\n<p>Publicit\u00e1ria formada pela Universidade Anhanguera e computa\u00e7\u00e3o gr\u00e1fica pela Escola Saga. Experi\u00eancia profissional em Ag\u00eancia de Marketing Digital nas \u00e1reas de Reda\u00e7\u00e3o Publicit\u00e1ria, Gest\u00e3o de M\u00eddias Sociais e Tr\u00e1fego Pago, SEO, E-commerce, Marketing Estrat\u00e9gico e Gest\u00e3o de Projetos. Analista de Marketing em Nutritotal Pro, Nutriotal Para Todos e Ganep Educa\u00e7\u00e3o.<\/p>\n<p>&nbsp;<\/p>\n<p><strong><img decoding=\"async\" class=\" wp-image-14555 alignleft\" src=\"https:\/\/nutritotal.com.br\/publico-geral\/wp-content\/uploads\/2022\/09\/nutritotal-aline-palialol-300x300.png\" alt=\"\" width=\"160\" height=\"160\" srcset=\"https:\/\/nutritotal.com.br\/publico-geral\/wp-content\/uploads\/2022\/09\/nutritotal-aline-palialol-300x300.png 300w, https:\/\/nutritotal.com.br\/publico-geral\/wp-content\/uploads\/2022\/09\/nutritotal-aline-palialol-1024x1024.png 1024w, https:\/\/nutritotal.com.br\/publico-geral\/wp-content\/uploads\/2022\/09\/nutritotal-aline-palialol-150x150.png 150w, https:\/\/nutritotal.com.br\/publico-geral\/wp-content\/uploads\/2022\/09\/nutritotal-aline-palialol-768x768.png 768w, https:\/\/nutritotal.com.br\/publico-geral\/wp-content\/uploads\/2022\/09\/nutritotal-aline-palialol-400x400.png 400w, https:\/\/nutritotal.com.br\/publico-geral\/wp-content\/uploads\/2022\/09\/nutritotal-aline-palialol-180x180.png 180w, https:\/\/nutritotal.com.br\/publico-geral\/wp-content\/uploads\/2022\/09\/nutritotal-aline-palialol.png 1080w\" sizes=\"(max-width: 160px) 100vw, 160px\" \/>Aline Palialol | Assistente de Projetos em Nutri\u00e7\u00e3o<\/strong><br \/>\n<a href=\"mailto:newnutritotal@nutritotal.com.br\"><strong>E-mail<\/strong><\/a>\u00a0<strong>| <a href=\"https:\/\/www.linkedin.com\/in\/aline-palialol-199682134\/\" target=\"_blank\" rel=\"noopener\">LinkedIn<\/a><\/strong><\/p>\n<p>Nutricionista formada pela Faculdade de Sa\u00fade P\u00fablica da USP. Assistente de Projetos em Nutri\u00e7\u00e3o no Nutritotal PRO, Nutritotal Para Todos e Ganep Educa\u00e7\u00e3o. Experi\u00eancias anteriores em alimenta\u00e7\u00e3o coletiva, sustentabilidade nutricional e nutri\u00e7\u00e3o cl\u00ednica com foco em cirurgias.<\/p>\n<p>&nbsp;<\/p>\n<p><strong><img decoding=\"async\" class=\"wp-image-16379 alignleft\" src=\"https:\/\/nutritotal.com.br\/publico-geral\/wp-content\/uploads\/2024\/05\/equipe-nutritotal-auxiliar-tecnica-de-projetos-em-nutricao-isabely-zaki-300x300.png\" alt=\"\" width=\"160\" height=\"160\" srcset=\"https:\/\/nutritotal.com.br\/publico-geral\/wp-content\/uploads\/2024\/05\/equipe-nutritotal-auxiliar-tecnica-de-projetos-em-nutricao-isabely-zaki-300x300.png 300w, https:\/\/nutritotal.com.br\/publico-geral\/wp-content\/uploads\/2024\/05\/equipe-nutritotal-auxiliar-tecnica-de-projetos-em-nutricao-isabely-zaki-150x150.png 150w, https:\/\/nutritotal.com.br\/publico-geral\/wp-content\/uploads\/2024\/05\/equipe-nutritotal-auxiliar-tecnica-de-projetos-em-nutricao-isabely-zaki-768x768.png 768w, https:\/\/nutritotal.com.br\/publico-geral\/wp-content\/uploads\/2024\/05\/equipe-nutritotal-auxiliar-tecnica-de-projetos-em-nutricao-isabely-zaki-1024x1024.png 1024w, https:\/\/nutritotal.com.br\/publico-geral\/wp-content\/uploads\/2024\/05\/equipe-nutritotal-auxiliar-tecnica-de-projetos-em-nutricao-isabely-zaki-400x400.png 400w, https:\/\/nutritotal.com.br\/publico-geral\/wp-content\/uploads\/2024\/05\/equipe-nutritotal-auxiliar-tecnica-de-projetos-em-nutricao-isabely-zaki.png 1080w, https:\/\/nutritotal.com.br\/publico-geral\/wp-content\/uploads\/2024\/05\/equipe-nutritotal-auxiliar-tecnica-de-projetos-em-nutricao-isabely-zaki-180x180.png 180w\" sizes=\"(max-width: 160px) 100vw, 160px\" \/>Isabely Arraes Zaki | Auxiliar T\u00e9cnica de Projetos em Nutri\u00e7\u00e3o <\/strong><br \/>\n<a href=\"mailto:venda@nutritotal.com.br\"><strong>E-mail<\/strong><\/a>\u00a0<strong>| <a href=\"https:\/\/br.linkedin.com\/in\/isabely-arraes-zaki-7462571b0\" target=\"_blank\" rel=\"noopener\">LinkedIn<\/a><\/strong><\/p>\n<p>Nutricionista formada pela Faculdade de Sa\u00fade P\u00fablica da USP. Experi\u00eancias anteriores em Educa\u00e7\u00e3o Alimentar e Nutricional e monitorias acad\u00eamicas. Participante volunt\u00e1ria da Extens\u00e3o M\u00e9dica Acad\u00eamica e da Liga Acad\u00eamica de Nutri\u00e7\u00e3o Vegetariana. Auxiliar t\u00e9cnica em projetos de nutri\u00e7\u00e3o no Nutritotal PRO e Ganep Educa\u00e7\u00e3o.<\/p>\n<p>&nbsp;<\/p>\n<p><strong><img decoding=\"async\" class=\" wp-image-15235 alignleft\" src=\"https:\/\/nutritotal.com.br\/publico-geral\/wp-content\/uploads\/2023\/03\/nutritotal-camila-soares-300x300.png\" alt=\"Equipe Nutritotal Para Todos Camila Soares\" width=\"159\" height=\"159\" srcset=\"https:\/\/nutritotal.com.br\/publico-geral\/wp-content\/uploads\/2023\/03\/nutritotal-camila-soares-300x300.png 300w, https:\/\/nutritotal.com.br\/publico-geral\/wp-content\/uploads\/2023\/03\/nutritotal-camila-soares-1024x1024.png 1024w, https:\/\/nutritotal.com.br\/publico-geral\/wp-content\/uploads\/2023\/03\/nutritotal-camila-soares-150x150.png 150w, https:\/\/nutritotal.com.br\/publico-geral\/wp-content\/uploads\/2023\/03\/nutritotal-camila-soares-768x768.png 768w, https:\/\/nutritotal.com.br\/publico-geral\/wp-content\/uploads\/2023\/03\/nutritotal-camila-soares-400x400.png 400w, https:\/\/nutritotal.com.br\/publico-geral\/wp-content\/uploads\/2023\/03\/nutritotal-camila-soares-180x180.png 180w, https:\/\/nutritotal.com.br\/publico-geral\/wp-content\/uploads\/2023\/03\/nutritotal-camila-soares.png 1080w\" sizes=\"(max-width: 159px) 100vw, 159px\" \/>Camila Soares de Lima| Auxiliar T\u00e9cnica de Projetos em Nutri\u00e7\u00e3o<br \/>\n<\/strong><a href=\"mailto:redacao@nutritotal.com.br\"><strong>E-mail<\/strong><\/a>\u00a0| <a href=\"https:\/\/www.linkedin.com\/in\/camilla-soares-de-lima-0b809971\" target=\"_blank\" rel=\"noopener\"><strong>Linkedin<\/strong><\/a><\/p>\n<p>Graduanda em Nutri\u00e7\u00e3o pela Universidade Paulista, P\u00f3s-graduanda em Comportamento Alimentar e Coaching Nutricional pela Plenitude Educa\u00e7\u00e3o, Administradora pelo Grupo UNIESP e T\u00e9cnica em Gastronomia pela ETEC J\u00falio de Mesquita. Experi\u00eancias anteriores na \u00e1rea administrativa financeira e confeitaria. Atual Auxiliar T\u00e9cnica de Projetos em Nutri\u00e7\u00e3o no Nutritotal e Ganep Educa\u00e7\u00e3o.<\/p>\n<p>&nbsp;<\/p>\n","protected":false},"excerpt":{"rendered":"<p>Equipe Respons\u00e1vel: Nutritotal \u00e9 um portal desenvolvido por equipe de profissionais especializados em nutri\u00e7\u00e3o cl\u00ednica e em divulga\u00e7\u00e3o cient\u00edfica. Fazem parte da equipe um corpo editorial fixo e colaboradores eventuais. \u00a0 Dan L. Waitzberg | Diretor cient\u00edfico Instagram\u00a0| Linkedin Professor Associado do Departamento de Gastroenterologia da FMUSP; Mestre, Doutor e Livre-Docente pela Universidade de S\u00e3o [&hellip;]<\/p>\n","protected":false},"author":1,"featured_media":0,"parent":146,"menu_order":0,"comment_status":"closed","ping_status":"closed","template":"page-institucional.php","meta":{"_acf_changed":false,"footnotes":""},"acf":[],"yoast_head":"<!-- This site is optimized with the Yoast SEO plugin v23.5 - https:\/\/yoast.com\/wordpress\/plugins\/seo\/ -->\n<title>Conhe\u00e7a a equipe Nutritotal | Nutritotal para todos<\/title>\n<meta name=\"description\" content=\"Nutritotal \u00e9 um site de nutri\u00e7\u00e3o feito por profissionais especializados em nutri\u00e7\u00e3o cl\u00ednica e em divulga\u00e7\u00e3o cient\u00edfica. Clique e conhe\u00e7a nossa equipe.\" \/>\n<meta name=\"robots\" content=\"index, follow, max-snippet:-1, max-image-preview:large, max-video-preview:-1\" \/>\n<link rel=\"canonical\" href=\"https:\/\/nutritotal.com.br\/publico-geral\/institucional\/equipe\/\" \/>\n<meta property=\"og:locale\" content=\"pt_BR\" \/>\n<meta property=\"og:type\" content=\"article\" \/>\n<meta property=\"og:title\" content=\"Conhe\u00e7a a equipe Nutritotal | Nutritotal para todos\" \/>\n<meta property=\"og:description\" content=\"Nutritotal \u00e9 um site de nutri\u00e7\u00e3o feito por profissionais especializados em nutri\u00e7\u00e3o cl\u00ednica e em divulga\u00e7\u00e3o cient\u00edfica. Clique e conhe\u00e7a nossa equipe.\" \/>\n<meta property=\"og:url\" content=\"https:\/\/nutritotal.com.br\/publico-geral\/institucional\/equipe\/\" \/>\n<meta property=\"og:site_name\" content=\"Nutritotal Para todos\" \/>\n<meta property=\"article:modified_time\" content=\"2025-03-06T00:08:35+00:00\" \/>\n<meta property=\"og:image\" content=\"https:\/\/nutritotal.com.br\/publico-geral\/wp-content\/uploads\/2022\/09\/nutritotal-dan-waitzberg-300x300.png\" \/>\n<meta name=\"twitter:card\" content=\"summary_large_image\" \/>\n<meta name=\"twitter:label1\" content=\"Est. tempo de leitura\" \/>\n\t<meta name=\"twitter:data1\" content=\"3 minutos\" \/>\n<script type=\"application\/ld+json\" class=\"yoast-schema-graph\">{\"@context\":\"https:\/\/schema.org\",\"@graph\":[{\"@type\":\"WebPage\",\"@id\":\"https:\/\/nutritotal.com.br\/publico-geral\/institucional\/equipe\/\",\"url\":\"https:\/\/nutritotal.com.br\/publico-geral\/institucional\/equipe\/\",\"name\":\"Conhe\u00e7a a equipe Nutritotal | Nutritotal para todos\",\"isPartOf\":{\"@id\":\"https:\/\/nutritotal.com.br\/publico-geral\/#website\"},\"primaryImageOfPage\":{\"@id\":\"https:\/\/nutritotal.com.br\/publico-geral\/institucional\/equipe\/#primaryimage\"},\"image\":{\"@id\":\"https:\/\/nutritotal.com.br\/publico-geral\/institucional\/equipe\/#primaryimage\"},\"thumbnailUrl\":\"https:\/\/nutritotal.com.br\/publico-geral\/wp-content\/uploads\/2022\/09\/nutritotal-dan-waitzberg-300x300.png\",\"datePublished\":\"2018-12-04T17:38:10+00:00\",\"dateModified\":\"2025-03-06T00:08:35+00:00\",\"description\":\"Nutritotal \u00e9 um site de nutri\u00e7\u00e3o feito por profissionais especializados em nutri\u00e7\u00e3o cl\u00ednica e em divulga\u00e7\u00e3o cient\u00edfica. Clique e conhe\u00e7a nossa equipe.\",\"breadcrumb\":{\"@id\":\"https:\/\/nutritotal.com.br\/publico-geral\/institucional\/equipe\/#breadcrumb\"},\"inLanguage\":\"pt-BR\",\"potentialAction\":[{\"@type\":\"ReadAction\",\"target\":[\"https:\/\/nutritotal.com.br\/publico-geral\/institucional\/equipe\/\"]}]},{\"@type\":\"ImageObject\",\"inLanguage\":\"pt-BR\",\"@id\":\"https:\/\/nutritotal.com.br\/publico-geral\/institucional\/equipe\/#primaryimage\",\"url\":\"https:\/\/nutritotal.com.br\/publico-geral\/wp-content\/uploads\/2022\/09\/nutritotal-dan-waitzberg.png\",\"contentUrl\":\"https:\/\/nutritotal.com.br\/publico-geral\/wp-content\/uploads\/2022\/09\/nutritotal-dan-waitzberg.png\",\"width\":1080,\"height\":1080},{\"@type\":\"BreadcrumbList\",\"@id\":\"https:\/\/nutritotal.com.br\/publico-geral\/institucional\/equipe\/#breadcrumb\",\"itemListElement\":[{\"@type\":\"ListItem\",\"position\":1,\"name\":\"Home\",\"item\":\"https:\/\/nutritotal.com.br\/publico-geral\/\"},{\"@type\":\"ListItem\",\"position\":2,\"name\":\"Institucional\",\"item\":\"https:\/\/nutritotal.com.br\/publico-geral\/institucional\/\"},{\"@type\":\"ListItem\",\"position\":3,\"name\":\"Equipe\"}]},{\"@type\":\"WebSite\",\"@id\":\"https:\/\/nutritotal.com.br\/publico-geral\/#website\",\"url\":\"https:\/\/nutritotal.com.br\/publico-geral\/\",\"name\":\"Nutritotal Para todos\",\"description\":\"\",\"potentialAction\":[{\"@type\":\"SearchAction\",\"target\":{\"@type\":\"EntryPoint\",\"urlTemplate\":\"https:\/\/nutritotal.com.br\/publico-geral\/?s={search_term_string}\"},\"query-input\":{\"@type\":\"PropertyValueSpecification\",\"valueRequired\":true,\"valueName\":\"search_term_string\"}}],\"inLanguage\":\"pt-BR\"}]}<\/script>\n<!-- \/ Yoast SEO plugin. -->","yoast_head_json":{"title":"Conhe\u00e7a a equipe Nutritotal | Nutritotal para todos","description":"Nutritotal \u00e9 um site de nutri\u00e7\u00e3o feito por profissionais especializados em nutri\u00e7\u00e3o cl\u00ednica e em divulga\u00e7\u00e3o cient\u00edfica. Clique e conhe\u00e7a nossa equipe.","robots":{"index":"index","follow":"follow","max-snippet":"max-snippet:-1","max-image-preview":"max-image-preview:large","max-video-preview":"max-video-preview:-1"},"canonical":"https:\/\/nutritotal.com.br\/publico-geral\/institucional\/equipe\/","og_locale":"pt_BR","og_type":"article","og_title":"Conhe\u00e7a a equipe Nutritotal | Nutritotal para todos","og_description":"Nutritotal \u00e9 um site de nutri\u00e7\u00e3o feito por profissionais especializados em nutri\u00e7\u00e3o cl\u00ednica e em divulga\u00e7\u00e3o cient\u00edfica. Clique e conhe\u00e7a nossa equipe.","og_url":"https:\/\/nutritotal.com.br\/publico-geral\/institucional\/equipe\/","og_site_name":"Nutritotal Para todos","article_modified_time":"2025-03-06T00:08:35+00:00","og_image":[{"url":"https:\/\/nutritotal.com.br\/publico-geral\/wp-content\/uploads\/2022\/09\/nutritotal-dan-waitzberg-300x300.png"}],"twitter_card":"summary_large_image","twitter_misc":{"Est. tempo de leitura":"3 minutos"},"schema":{"@context":"https:\/\/schema.org","@graph":[{"@type":"WebPage","@id":"https:\/\/nutritotal.com.br\/publico-geral\/institucional\/equipe\/","url":"https:\/\/nutritotal.com.br\/publico-geral\/institucional\/equipe\/","name":"Conhe\u00e7a a equipe Nutritotal | Nutritotal para todos","isPartOf":{"@id":"https:\/\/nutritotal.com.br\/publico-geral\/#website"},"primaryImageOfPage":{"@id":"https:\/\/nutritotal.com.br\/publico-geral\/institucional\/equipe\/#primaryimage"},"image":{"@id":"https:\/\/nutritotal.com.br\/publico-geral\/institucional\/equipe\/#primaryimage"},"thumbnailUrl":"https:\/\/nutritotal.com.br\/publico-geral\/wp-content\/uploads\/2022\/09\/nutritotal-dan-waitzberg-300x300.png","datePublished":"2018-12-04T17:38:10+00:00","dateModified":"2025-03-06T00:08:35+00:00","description":"Nutritotal \u00e9 um site de nutri\u00e7\u00e3o feito por profissionais especializados em nutri\u00e7\u00e3o cl\u00ednica e em divulga\u00e7\u00e3o cient\u00edfica. Clique e conhe\u00e7a nossa equipe.","breadcrumb":{"@id":"https:\/\/nutritotal.com.br\/publico-geral\/institucional\/equipe\/#breadcrumb"},"inLanguage":"pt-BR","potentialAction":[{"@type":"ReadAction","target":["https:\/\/nutritotal.com.br\/publico-geral\/institucional\/equipe\/"]}]},{"@type":"ImageObject","inLanguage":"pt-BR","@id":"https:\/\/nutritotal.com.br\/publico-geral\/institucional\/equipe\/#primaryimage","url":"https:\/\/nutritotal.com.br\/publico-geral\/wp-content\/uploads\/2022\/09\/nutritotal-dan-waitzberg.png","contentUrl":"https:\/\/nutritotal.com.br\/publico-geral\/wp-content\/uploads\/2022\/09\/nutritotal-dan-waitzberg.png","width":1080,"height":1080},{"@type":"BreadcrumbList","@id":"https:\/\/nutritotal.com.br\/publico-geral\/institucional\/equipe\/#breadcrumb","itemListElement":[{"@type":"ListItem","position":1,"name":"Home","item":"https:\/\/nutritotal.com.br\/publico-geral\/"},{"@type":"ListItem","position":2,"name":"Institucional","item":"https:\/\/nutritotal.com.br\/publico-geral\/institucional\/"},{"@type":"ListItem","position":3,"name":"Equipe"}]},{"@type":"WebSite","@id":"https:\/\/nutritotal.com.br\/publico-geral\/#website","url":"https:\/\/nutritotal.com.br\/publico-geral\/","name":"Nutritotal Para todos","description":"","potentialAction":[{"@type":"SearchAction","target":{"@type":"EntryPoint","urlTemplate":"https:\/\/nutritotal.com.br\/publico-geral\/?s={search_term_string}"},"query-input":{"@type":"PropertyValueSpecification","valueRequired":true,"valueName":"search_term_string"}}],"inLanguage":"pt-BR"}]}},"amp_enabled":false,"_links":{"self":[{"href":"https:\/\/nutritotal.com.br\/publico-geral\/wp-json\/wp\/v2\/pages\/335"}],"collection":[{"href":"https:\/\/nutritotal.com.br\/publico-geral\/wp-json\/wp\/v2\/pages"}],"about":[{"href":"https:\/\/nutritotal.com.br\/publico-geral\/wp-json\/wp\/v2\/types\/page"}],"author":[{"embeddable":true,"href":"https:\/\/nutritotal.com.br\/publico-geral\/wp-json\/wp\/v2\/users\/1"}],"replies":[{"embeddable":true,"href":"https:\/\/nutritotal.com.br\/publico-geral\/wp-json\/wp\/v2\/comments?post=335"}],"version-history":[{"count":15,"href":"https:\/\/nutritotal.com.br\/publico-geral\/wp-json\/wp\/v2\/pages\/335\/revisions"}],"predecessor-version":[{"id":16922,"href":"https:\/\/nutritotal.com.br\/publico-geral\/wp-json\/wp\/v2\/pages\/335\/revisions\/16922"}],"up":[{"embeddable":true,"href":"https:\/\/nutritotal.com.br\/publico-geral\/wp-json\/wp\/v2\/pages\/146"}],"wp:attachment":[{"href":"https:\/\/nutritotal.com.br\/publico-geral\/wp-json\/wp\/v2\/media?parent=335"}],"curies":[{"name":"wp","href":"https:\/\/api.w.org\/{rel}","templated":true}]}}