{"id":387,"date":"2018-12-10T13:55:36","date_gmt":"2018-12-10T15:55:36","guid":{"rendered":"https:\/\/nutritotal.com.br\/publico-geral\/?page_id=387"},"modified":"2021-09-29T11:51:10","modified_gmt":"2021-09-29T14:51:10","slug":"colunas","status":"publish","type":"page","link":"https:\/\/nutritotal.com.br\/publico-geral\/colunas\/","title":{"rendered":"Colunas"},"content":{"rendered":"","protected":false},"excerpt":{"rendered":"","protected":false},"author":1,"featured_media":292,"parent":0,"menu_order":1,"comment_status":"closed","ping_status":"closed","template":"page-colunas.php","meta":{"_acf_changed":false,"footnotes":""},"acf":[],"yoast_head":"<!-- This site is optimized with the Yoast SEO plugin v23.5 - https:\/\/yoast.com\/wordpress\/plugins\/seo\/ -->\n<title>Conte\u00fado de colunistas | Nutritotal para todos<\/title>\n<meta name=\"description\" content=\"Nossos colunistas contam o que est\u00e1 em alta na nutri\u00e7\u00e3o de maneira descomplicada e apontam as tend\u00eancias que vale colocar em pr\u00e1tica. Confira j\u00e1!\" \/>\n<meta name=\"robots\" content=\"index, follow, max-snippet:-1, max-image-preview:large, max-video-preview:-1\" \/>\n<link rel=\"canonical\" href=\"https:\/\/nutritotal.com.br\/publico-geral\/colunas\/\" \/>\n<meta property=\"og:locale\" content=\"pt_BR\" \/>\n<meta property=\"og:type\" content=\"article\" \/>\n<meta property=\"og:title\" content=\"Conte\u00fado de colunistas | Nutritotal para todos\" \/>\n<meta property=\"og:description\" content=\"Nossos colunistas contam o que est\u00e1 em alta na nutri\u00e7\u00e3o de maneira descomplicada e apontam as tend\u00eancias que vale colocar em pr\u00e1tica. Confira j\u00e1!\" \/>\n<meta property=\"og:url\" content=\"https:\/\/nutritotal.com.br\/publico-geral\/colunas\/\" \/>\n<meta property=\"og:site_name\" content=\"Nutritotal Para todos\" \/>\n<meta property=\"article:modified_time\" content=\"2021-09-29T14:51:10+00:00\" \/>\n<meta property=\"og:image\" content=\"https:\/\/nutritotal.com.br\/publico-geral\/wp-content\/uploads\/2018\/11\/Captura-de-Tela-2018-11-30-a\u0300s-13.42.57.png\" \/>\n\t<meta property=\"og:image:width\" content=\"1140\" \/>\n\t<meta property=\"og:image:height\" content=\"498\" \/>\n\t<meta property=\"og:image:type\" content=\"image\/png\" \/>\n<meta name=\"twitter:card\" content=\"summary_large_image\" \/>\n<script type=\"application\/ld+json\" class=\"yoast-schema-graph\">{\"@context\":\"https:\/\/schema.org\",\"@graph\":[{\"@type\":\"WebPage\",\"@id\":\"https:\/\/nutritotal.com.br\/publico-geral\/colunas\/\",\"url\":\"https:\/\/nutritotal.com.br\/publico-geral\/colunas\/\",\"name\":\"Conte\u00fado de colunistas | Nutritotal para todos\",\"isPartOf\":{\"@id\":\"https:\/\/nutritotal.com.br\/publico-geral\/#website\"},\"primaryImageOfPage\":{\"@id\":\"https:\/\/nutritotal.com.br\/publico-geral\/colunas\/#primaryimage\"},\"image\":{\"@id\":\"https:\/\/nutritotal.com.br\/publico-geral\/colunas\/#primaryimage\"},\"thumbnailUrl\":\"https:\/\/nutritotal.com.br\/publico-geral\/wp-content\/uploads\/2018\/11\/Captura-de-Tela-2018-11-30-a\u0300s-13.42.57.png\",\"datePublished\":\"2018-12-10T15:55:36+00:00\",\"dateModified\":\"2021-09-29T14:51:10+00:00\",\"description\":\"Nossos colunistas contam o que est\u00e1 em alta na nutri\u00e7\u00e3o de maneira descomplicada e apontam as tend\u00eancias que vale colocar em pr\u00e1tica. Confira j\u00e1!\",\"breadcrumb\":{\"@id\":\"https:\/\/nutritotal.com.br\/publico-geral\/colunas\/#breadcrumb\"},\"inLanguage\":\"pt-BR\",\"potentialAction\":[{\"@type\":\"ReadAction\",\"target\":[\"https:\/\/nutritotal.com.br\/publico-geral\/colunas\/\"]}]},{\"@type\":\"ImageObject\",\"inLanguage\":\"pt-BR\",\"@id\":\"https:\/\/nutritotal.com.br\/publico-geral\/colunas\/#primaryimage\",\"url\":\"https:\/\/nutritotal.com.br\/publico-geral\/wp-content\/uploads\/2018\/11\/Captura-de-Tela-2018-11-30-a\u0300s-13.42.57.png\",\"contentUrl\":\"https:\/\/nutritotal.com.br\/publico-geral\/wp-content\/uploads\/2018\/11\/Captura-de-Tela-2018-11-30-a\u0300s-13.42.57.png\",\"width\":1140,\"height\":498},{\"@type\":\"BreadcrumbList\",\"@id\":\"https:\/\/nutritotal.com.br\/publico-geral\/colunas\/#breadcrumb\",\"itemListElement\":[{\"@type\":\"ListItem\",\"position\":1,\"name\":\"Home\",\"item\":\"https:\/\/nutritotal.com.br\/publico-geral\/\"},{\"@type\":\"ListItem\",\"position\":2,\"name\":\"Colunas\"}]},{\"@type\":\"WebSite\",\"@id\":\"https:\/\/nutritotal.com.br\/publico-geral\/#website\",\"url\":\"https:\/\/nutritotal.com.br\/publico-geral\/\",\"name\":\"Nutritotal Para todos\",\"description\":\"\",\"potentialAction\":[{\"@type\":\"SearchAction\",\"target\":{\"@type\":\"EntryPoint\",\"urlTemplate\":\"https:\/\/nutritotal.com.br\/publico-geral\/?s={search_term_string}\"},\"query-input\":{\"@type\":\"PropertyValueSpecification\",\"valueRequired\":true,\"valueName\":\"search_term_string\"}}],\"inLanguage\":\"pt-BR\"}]}<\/script>\n<!-- \/ Yoast SEO plugin. -->","yoast_head_json":{"title":"Conte\u00fado de colunistas | Nutritotal para todos","description":"Nossos colunistas contam o que est\u00e1 em alta na nutri\u00e7\u00e3o de maneira descomplicada e apontam as tend\u00eancias que vale colocar em pr\u00e1tica. Confira j\u00e1!","robots":{"index":"index","follow":"follow","max-snippet":"max-snippet:-1","max-image-preview":"max-image-preview:large","max-video-preview":"max-video-preview:-1"},"canonical":"https:\/\/nutritotal.com.br\/publico-geral\/colunas\/","og_locale":"pt_BR","og_type":"article","og_title":"Conte\u00fado de colunistas | Nutritotal para todos","og_description":"Nossos colunistas contam o que est\u00e1 em alta na nutri\u00e7\u00e3o de maneira descomplicada e apontam as tend\u00eancias que vale colocar em pr\u00e1tica. Confira j\u00e1!","og_url":"https:\/\/nutritotal.com.br\/publico-geral\/colunas\/","og_site_name":"Nutritotal Para todos","article_modified_time":"2021-09-29T14:51:10+00:00","og_image":[{"width":1140,"height":498,"url":"https:\/\/nutritotal.com.br\/publico-geral\/wp-content\/uploads\/2018\/11\/Captura-de-Tela-2018-11-30-a\u0300s-13.42.57.png","type":"image\/png"}],"twitter_card":"summary_large_image","schema":{"@context":"https:\/\/schema.org","@graph":[{"@type":"WebPage","@id":"https:\/\/nutritotal.com.br\/publico-geral\/colunas\/","url":"https:\/\/nutritotal.com.br\/publico-geral\/colunas\/","name":"Conte\u00fado de colunistas | Nutritotal para todos","isPartOf":{"@id":"https:\/\/nutritotal.com.br\/publico-geral\/#website"},"primaryImageOfPage":{"@id":"https:\/\/nutritotal.com.br\/publico-geral\/colunas\/#primaryimage"},"image":{"@id":"https:\/\/nutritotal.com.br\/publico-geral\/colunas\/#primaryimage"},"thumbnailUrl":"https:\/\/nutritotal.com.br\/publico-geral\/wp-content\/uploads\/2018\/11\/Captura-de-Tela-2018-11-30-a\u0300s-13.42.57.png","datePublished":"2018-12-10T15:55:36+00:00","dateModified":"2021-09-29T14:51:10+00:00","description":"Nossos colunistas contam o que est\u00e1 em alta na nutri\u00e7\u00e3o de maneira descomplicada e apontam as tend\u00eancias que vale colocar em pr\u00e1tica. Confira j\u00e1!","breadcrumb":{"@id":"https:\/\/nutritotal.com.br\/publico-geral\/colunas\/#breadcrumb"},"inLanguage":"pt-BR","potentialAction":[{"@type":"ReadAction","target":["https:\/\/nutritotal.com.br\/publico-geral\/colunas\/"]}]},{"@type":"ImageObject","inLanguage":"pt-BR","@id":"https:\/\/nutritotal.com.br\/publico-geral\/colunas\/#primaryimage","url":"https:\/\/nutritotal.com.br\/publico-geral\/wp-content\/uploads\/2018\/11\/Captura-de-Tela-2018-11-30-a\u0300s-13.42.57.png","contentUrl":"https:\/\/nutritotal.com.br\/publico-geral\/wp-content\/uploads\/2018\/11\/Captura-de-Tela-2018-11-30-a\u0300s-13.42.57.png","width":1140,"height":498},{"@type":"BreadcrumbList","@id":"https:\/\/nutritotal.com.br\/publico-geral\/colunas\/#breadcrumb","itemListElement":[{"@type":"ListItem","position":1,"name":"Home","item":"https:\/\/nutritotal.com.br\/publico-geral\/"},{"@type":"ListItem","position":2,"name":"Colunas"}]},{"@type":"WebSite","@id":"https:\/\/nutritotal.com.br\/publico-geral\/#website","url":"https:\/\/nutritotal.com.br\/publico-geral\/","name":"Nutritotal Para todos","description":"","potentialAction":[{"@type":"SearchAction","target":{"@type":"EntryPoint","urlTemplate":"https:\/\/nutritotal.com.br\/publico-geral\/?s={search_term_string}"},"query-input":{"@type":"PropertyValueSpecification","valueRequired":true,"valueName":"search_term_string"}}],"inLanguage":"pt-BR"}]}},"amp_enabled":false,"_links":{"self":[{"href":"https:\/\/nutritotal.com.br\/publico-geral\/wp-json\/wp\/v2\/pages\/387"}],"collection":[{"href":"https:\/\/nutritotal.com.br\/publico-geral\/wp-json\/wp\/v2\/pages"}],"about":[{"href":"https:\/\/nutritotal.com.br\/publico-geral\/wp-json\/wp\/v2\/types\/page"}],"author":[{"embeddable":true,"href":"https:\/\/nutritotal.com.br\/publico-geral\/wp-json\/wp\/v2\/users\/1"}],"replies":[{"embeddable":true,"href":"https:\/\/nutritotal.com.br\/publico-geral\/wp-json\/wp\/v2\/comments?post=387"}],"version-history":[{"count":0,"href":"https:\/\/nutritotal.com.br\/publico-geral\/wp-json\/wp\/v2\/pages\/387\/revisions"}],"wp:featuredmedia":[{"embeddable":true,"href":"https:\/\/nutritotal.com.br\/publico-geral\/wp-json\/wp\/v2\/media\/292"}],"wp:attachment":[{"href":"https:\/\/nutritotal.com.br\/publico-geral\/wp-json\/wp\/v2\/media?parent=387"}],"curies":[{"name":"wp","href":"https:\/\/api.w.org\/{rel}","templated":true}]}}