{"id":41,"date":"2018-11-06T11:03:54","date_gmt":"2018-11-06T13:03:54","guid":{"rendered":"https:\/\/nutritotal.com.br\/4u\/?page_id=41"},"modified":"2025-05-28T09:48:15","modified_gmt":"2025-05-28T12:48:15","slug":"home-nutritotal-4u","status":"publish","type":"page","link":"https:\/\/nutritotal.com.br\/publico-geral\/","title":{"rendered":"Home &#8211; Nutritotal para todos"},"content":{"rendered":"","protected":false},"excerpt":{"rendered":"","protected":false},"author":1,"featured_media":15855,"parent":0,"menu_order":0,"comment_status":"closed","ping_status":"closed","template":"index.php","meta":{"_acf_changed":false,"footnotes":""},"acf":[],"yoast_head":"<!-- This site is optimized with the Yoast SEO plugin v23.5 - https:\/\/yoast.com\/wordpress\/plugins\/seo\/ -->\n<title>Nutritotal Para Todos \u2013 Portal de Nutri\u00e7\u00e3o feito para voc\u00ea<\/title>\n<meta name=\"description\" content=\"Portal de nutri\u00e7\u00e3o disponibiliza conte\u00fados cient\u00edfico sobre alimenta\u00e7\u00e3o saud\u00e1vel checado por especialistas. Veja dicas, receitas e muito mais!\" \/>\n<meta name=\"robots\" content=\"index, follow, max-snippet:-1, max-image-preview:large, max-video-preview:-1\" \/>\n<link rel=\"canonical\" href=\"https:\/\/nutritotal.com.br\/publico-geral\/\" \/>\n<meta property=\"og:locale\" content=\"pt_BR\" \/>\n<meta property=\"og:type\" content=\"article\" \/>\n<meta property=\"og:title\" content=\"Nutritotal Para Todos \u2013 Portal de Nutri\u00e7\u00e3o feito para voc\u00ea\" \/>\n<meta property=\"og:description\" content=\"Portal de nutri\u00e7\u00e3o disponibiliza conte\u00fados cient\u00edfico sobre alimenta\u00e7\u00e3o saud\u00e1vel checado por especialistas. Veja dicas, receitas e muito mais!\" \/>\n<meta property=\"og:url\" content=\"https:\/\/nutritotal.com.br\/publico-geral\/\" \/>\n<meta property=\"og:site_name\" content=\"Nutritotal Para todos\" \/>\n<meta property=\"article:modified_time\" content=\"2025-05-28T12:48:15+00:00\" \/>\n<meta property=\"og:image\" content=\"https:\/\/nutritotal.com.br\/publico-geral\/wp-content\/uploads\/2019\/01\/dieta-dos-pais-influencia-a-alimentacao-dos-filhos.png\" \/>\n\t<meta property=\"og:image:width\" content=\"450\" \/>\n\t<meta property=\"og:image:height\" content=\"320\" \/>\n\t<meta property=\"og:image:type\" content=\"image\/png\" \/>\n<meta name=\"twitter:card\" content=\"summary_large_image\" \/>\n<script type=\"application\/ld+json\" class=\"yoast-schema-graph\">{\"@context\":\"https:\/\/schema.org\",\"@graph\":[{\"@type\":\"WebPage\",\"@id\":\"https:\/\/nutritotal.com.br\/publico-geral\/\",\"url\":\"https:\/\/nutritotal.com.br\/publico-geral\/\",\"name\":\"Nutritotal Para Todos \u2013 Portal de Nutri\u00e7\u00e3o feito para voc\u00ea\",\"isPartOf\":{\"@id\":\"https:\/\/nutritotal.com.br\/publico-geral\/#website\"},\"primaryImageOfPage\":{\"@id\":\"https:\/\/nutritotal.com.br\/publico-geral\/#primaryimage\"},\"image\":{\"@id\":\"https:\/\/nutritotal.com.br\/publico-geral\/#primaryimage\"},\"thumbnailUrl\":\"https:\/\/nutritotal.com.br\/publico-geral\/wp-content\/uploads\/2019\/01\/dieta-dos-pais-influencia-a-alimentacao-dos-filhos.png\",\"datePublished\":\"2018-11-06T13:03:54+00:00\",\"dateModified\":\"2025-05-28T12:48:15+00:00\",\"description\":\"Portal de nutri\u00e7\u00e3o disponibiliza conte\u00fados cient\u00edfico sobre alimenta\u00e7\u00e3o saud\u00e1vel checado por especialistas. Veja dicas, receitas e muito mais!\",\"breadcrumb\":{\"@id\":\"https:\/\/nutritotal.com.br\/publico-geral\/#breadcrumb\"},\"inLanguage\":\"pt-BR\",\"potentialAction\":[{\"@type\":\"ReadAction\",\"target\":[\"https:\/\/nutritotal.com.br\/publico-geral\/\"]}]},{\"@type\":\"ImageObject\",\"inLanguage\":\"pt-BR\",\"@id\":\"https:\/\/nutritotal.com.br\/publico-geral\/#primaryimage\",\"url\":\"https:\/\/nutritotal.com.br\/publico-geral\/wp-content\/uploads\/2019\/01\/dieta-dos-pais-influencia-a-alimentacao-dos-filhos.png\",\"contentUrl\":\"https:\/\/nutritotal.com.br\/publico-geral\/wp-content\/uploads\/2019\/01\/dieta-dos-pais-influencia-a-alimentacao-dos-filhos.png\",\"width\":450,\"height\":320,\"caption\":\"alimenta\u00e7\u00e3o dos pais\"},{\"@type\":\"BreadcrumbList\",\"@id\":\"https:\/\/nutritotal.com.br\/publico-geral\/#breadcrumb\",\"itemListElement\":[{\"@type\":\"ListItem\",\"position\":1,\"name\":\"Home\",\"item\":\"https:\/\/nutritotal.com.br\/publico-geral\/\"},{\"@type\":\"ListItem\",\"position\":2,\"name\":\"Home &#8211; Nutritotal para todos\"}]},{\"@type\":\"WebSite\",\"@id\":\"https:\/\/nutritotal.com.br\/publico-geral\/#website\",\"url\":\"https:\/\/nutritotal.com.br\/publico-geral\/\",\"name\":\"Nutritotal Para todos\",\"description\":\"\",\"potentialAction\":[{\"@type\":\"SearchAction\",\"target\":{\"@type\":\"EntryPoint\",\"urlTemplate\":\"https:\/\/nutritotal.com.br\/publico-geral\/?s={search_term_string}\"},\"query-input\":{\"@type\":\"PropertyValueSpecification\",\"valueRequired\":true,\"valueName\":\"search_term_string\"}}],\"inLanguage\":\"pt-BR\"}]}<\/script>\n<!-- \/ Yoast SEO plugin. -->","yoast_head_json":{"title":"Nutritotal Para Todos \u2013 Portal de Nutri\u00e7\u00e3o feito para voc\u00ea","description":"Portal de nutri\u00e7\u00e3o disponibiliza conte\u00fados cient\u00edfico sobre alimenta\u00e7\u00e3o saud\u00e1vel checado por especialistas. Veja dicas, receitas e muito mais!","robots":{"index":"index","follow":"follow","max-snippet":"max-snippet:-1","max-image-preview":"max-image-preview:large","max-video-preview":"max-video-preview:-1"},"canonical":"https:\/\/nutritotal.com.br\/publico-geral\/","og_locale":"pt_BR","og_type":"article","og_title":"Nutritotal Para Todos \u2013 Portal de Nutri\u00e7\u00e3o feito para voc\u00ea","og_description":"Portal de nutri\u00e7\u00e3o disponibiliza conte\u00fados cient\u00edfico sobre alimenta\u00e7\u00e3o saud\u00e1vel checado por especialistas. Veja dicas, receitas e muito mais!","og_url":"https:\/\/nutritotal.com.br\/publico-geral\/","og_site_name":"Nutritotal Para todos","article_modified_time":"2025-05-28T12:48:15+00:00","og_image":[{"width":450,"height":320,"url":"https:\/\/nutritotal.com.br\/publico-geral\/wp-content\/uploads\/2019\/01\/dieta-dos-pais-influencia-a-alimentacao-dos-filhos.png","type":"image\/png"}],"twitter_card":"summary_large_image","schema":{"@context":"https:\/\/schema.org","@graph":[{"@type":"WebPage","@id":"https:\/\/nutritotal.com.br\/publico-geral\/","url":"https:\/\/nutritotal.com.br\/publico-geral\/","name":"Nutritotal Para Todos \u2013 Portal de Nutri\u00e7\u00e3o feito para voc\u00ea","isPartOf":{"@id":"https:\/\/nutritotal.com.br\/publico-geral\/#website"},"primaryImageOfPage":{"@id":"https:\/\/nutritotal.com.br\/publico-geral\/#primaryimage"},"image":{"@id":"https:\/\/nutritotal.com.br\/publico-geral\/#primaryimage"},"thumbnailUrl":"https:\/\/nutritotal.com.br\/publico-geral\/wp-content\/uploads\/2019\/01\/dieta-dos-pais-influencia-a-alimentacao-dos-filhos.png","datePublished":"2018-11-06T13:03:54+00:00","dateModified":"2025-05-28T12:48:15+00:00","description":"Portal de nutri\u00e7\u00e3o disponibiliza conte\u00fados cient\u00edfico sobre alimenta\u00e7\u00e3o saud\u00e1vel checado por especialistas. Veja dicas, receitas e muito mais!","breadcrumb":{"@id":"https:\/\/nutritotal.com.br\/publico-geral\/#breadcrumb"},"inLanguage":"pt-BR","potentialAction":[{"@type":"ReadAction","target":["https:\/\/nutritotal.com.br\/publico-geral\/"]}]},{"@type":"ImageObject","inLanguage":"pt-BR","@id":"https:\/\/nutritotal.com.br\/publico-geral\/#primaryimage","url":"https:\/\/nutritotal.com.br\/publico-geral\/wp-content\/uploads\/2019\/01\/dieta-dos-pais-influencia-a-alimentacao-dos-filhos.png","contentUrl":"https:\/\/nutritotal.com.br\/publico-geral\/wp-content\/uploads\/2019\/01\/dieta-dos-pais-influencia-a-alimentacao-dos-filhos.png","width":450,"height":320,"caption":"alimenta\u00e7\u00e3o dos pais"},{"@type":"BreadcrumbList","@id":"https:\/\/nutritotal.com.br\/publico-geral\/#breadcrumb","itemListElement":[{"@type":"ListItem","position":1,"name":"Home","item":"https:\/\/nutritotal.com.br\/publico-geral\/"},{"@type":"ListItem","position":2,"name":"Home &#8211; Nutritotal para todos"}]},{"@type":"WebSite","@id":"https:\/\/nutritotal.com.br\/publico-geral\/#website","url":"https:\/\/nutritotal.com.br\/publico-geral\/","name":"Nutritotal Para todos","description":"","potentialAction":[{"@type":"SearchAction","target":{"@type":"EntryPoint","urlTemplate":"https:\/\/nutritotal.com.br\/publico-geral\/?s={search_term_string}"},"query-input":{"@type":"PropertyValueSpecification","valueRequired":true,"valueName":"search_term_string"}}],"inLanguage":"pt-BR"}]}},"amp_enabled":false,"_links":{"self":[{"href":"https:\/\/nutritotal.com.br\/publico-geral\/wp-json\/wp\/v2\/pages\/41"}],"collection":[{"href":"https:\/\/nutritotal.com.br\/publico-geral\/wp-json\/wp\/v2\/pages"}],"about":[{"href":"https:\/\/nutritotal.com.br\/publico-geral\/wp-json\/wp\/v2\/types\/page"}],"author":[{"embeddable":true,"href":"https:\/\/nutritotal.com.br\/publico-geral\/wp-json\/wp\/v2\/users\/1"}],"replies":[{"embeddable":true,"href":"https:\/\/nutritotal.com.br\/publico-geral\/wp-json\/wp\/v2\/comments?post=41"}],"version-history":[{"count":17,"href":"https:\/\/nutritotal.com.br\/publico-geral\/wp-json\/wp\/v2\/pages\/41\/revisions"}],"predecessor-version":[{"id":16939,"href":"https:\/\/nutritotal.com.br\/publico-geral\/wp-json\/wp\/v2\/pages\/41\/revisions\/16939"}],"wp:featuredmedia":[{"embeddable":true,"href":"https:\/\/nutritotal.com.br\/publico-geral\/wp-json\/wp\/v2\/media\/15855"}],"wp:attachment":[{"href":"https:\/\/nutritotal.com.br\/publico-geral\/wp-json\/wp\/v2\/media?parent=41"}],"curies":[{"name":"wp","href":"https:\/\/api.w.org\/{rel}","templated":true}]}}